{"id":5672687,"date":"2021-04-15T14:42:55","date_gmt":"2021-04-15T12:42:55","guid":{"rendered":"https:\/\/www.spitz.at\/geschichte\/"},"modified":"2023-07-21T10:53:30","modified_gmt":"2023-07-21T08:53:30","slug":"history","status":"publish","type":"page","link":"https:\/\/www.spitz.at\/en\/history\/","title":{"rendered":"History"},"content":{"rendered":"[vc_row css=&#8221;.vc_custom_1621238678600{background-image: url(https:\/\/www.spitz.at\/wp-content\/uploads\/2021\/04\/geschichte-header-scaled-e1621238666534.jpg?id=5670052) !important;background-position: center !important;background-repeat: no-repeat !important;background-size: cover !important;}&#8221; el_class=&#8221;custom-header-row&#8221;][vc_column][vc_custom_heading text=&#8221;About us&#8221; font_container=&#8221;tag:h1|text_align:left&#8221; use_theme_fonts=&#8221;yes&#8221; el_class=&#8221;overhead font-white&#8221;][vc_custom_heading text=&#8221;history&#8221; font_container=&#8221;tag:p|text_align:left&#8221; use_theme_fonts=&#8221;yes&#8221; el_class=&#8221;headline1 font-left font-white&#8221;][\/vc_column][\/vc_row][vc_section css=&#8221;.vc_custom_1618491701928{margin-bottom: 160px !important;}&#8221; el_class=&#8221;history-slider custom-row&#8221; el_id=&#8221;carousel-container-id&#8221;][vc_row css=&#8221;.vc_custom_1618490985108{padding-right: 20px !important;padding-left: 20px !important;}&#8221;][vc_column][vc_custom_heading text=&#8221;&#8221; font_container=&#8221;tag:h2|font_size:48px|text_align:center|color:%23333333&#8243; use_theme_fonts=&#8221;yes&#8221; css=&#8221;.vc_custom_1664958375322{margin-top: 40px !important;margin-bottom: 40px !important;}&#8221;]<div class=\"norebro-slider-sc slider-wrap\">\n\t<div class=\"slider norebro-slider  full nav-inset timelinecarousel\" \n\tid=\"norebro-custom-69df0ea8d351a\" \n\tdata-norebro-slider='{\"loop\":false,\"dots\":false,\"nav\":true,\"autoplay\":false,\"autoplayHoverPause\":true,\"navContainerClass\":\"slider-nav\",\"itemsDesktop\":\"4\",\"itemsTablet\":\"2\",\"itemsMobile\":\"1\",\"slideBy\":\"1\",\"autoplayTimeout\":\"5\"}' \n\t\t>\n\n\t\t<div class=\"slider-wrap\">\n\n\t\t\n<\/div><div class=\"slider-wrap\">\n\n\t[vc_single_image image=&#8221;5670367&#8243; img_size=&#8221;full&#8221;][vc_separator color=&#8221;custom&#8221; border_width=&#8221;2&#8243; accent_color=&#8221;#e84148&#8243; css=&#8221;.vc_custom_1615460171714{padding-top: 40px !important;}&#8221; el_class=&#8221;line01&#8243;][vc_custom_heading text=&#8221;1857&#8243; font_container=&#8221;tag:p|text_align:left&#8221; use_theme_fonts=&#8221;yes&#8221; css=&#8221;.vc_custom_1617781556707{padding-top: 50px !important;padding-bottom: 30px !important;}&#8221; el_class=&#8221;year headline2 font-red&#8221;][vc_column_text el_class=&#8221;text1 paragraph font-black&#8221;]Salomon Spitz founds a trading<br \/>\ncompany for spirits in Linz.[\/vc_column_text]\t\n<\/div><div class=\"slider-wrap\">\n\n\t[vc_single_image image=&#8221;5670370&#8243; img_size=&#8221;full&#8221;][vc_separator color=&#8221;custom&#8221; border_width=&#8221;2&#8243; accent_color=&#8221;#e84148&#8243; css=&#8221;.vc_custom_1615460171714{padding-top: 40px !important;}&#8221; el_class=&#8221;line01&#8243;][vc_custom_heading text=&#8221;1935&#8243; font_container=&#8221;tag:p|text_align:left&#8221; use_theme_fonts=&#8221;yes&#8221; css=&#8221;.vc_custom_1620389407733{padding-top: 50px !important;padding-bottom: 30px !important;}&#8221; el_class=&#8221;year headline2 font-red&#8221;][vc_column_text el_class=&#8221;text1 paragraph font-black&#8221;]Spitz acquires the Attnang-Puchheim production facility.[\/vc_column_text]\t\n<\/div><div class=\"slider-wrap\">\n\n\t[vc_single_image image=&#8221;5670376&#8243; img_size=&#8221;full&#8221;][vc_separator color=&#8221;custom&#8221; border_width=&#8221;2&#8243; accent_color=&#8221;#e84148&#8243; css=&#8221;.vc_custom_1615460171714{padding-top: 40px !important;}&#8221; el_class=&#8221;line01&#8243;][vc_custom_heading text=&#8221;1949&#8243; font_container=&#8221;tag:p|text_align:left&#8221; use_theme_fonts=&#8221;yes&#8221; css=&#8221;.vc_custom_1628761300322{padding-top: 50px !important;padding-bottom: 30px !important;}&#8221; el_class=&#8221;year headline2 font-red&#8221;][vc_column_text el_class=&#8221;text1 paragraph font-black&#8221;]The company begins to rebuild after the difficult years during the war. Walter Scherb I manages the locations on behalf of the owner, Viktor Spitz.[\/vc_column_text]\t\n<\/div><div class=\"slider-wrap\">\n\n\t[vc_single_image image=&#8221;5670371&#8243; img_size=&#8221;full&#8221;][vc_separator color=&#8221;custom&#8221; border_width=&#8221;2&#8243; accent_color=&#8221;#e84148&#8243; css=&#8221;.vc_custom_1615460171714{padding-top: 40px !important;}&#8221; el_class=&#8221;line01&#8243;][vc_custom_heading text=&#8221;1953&#8243; font_container=&#8221;tag:p|text_align:left&#8221; use_theme_fonts=&#8221;yes&#8221; css=&#8221;.vc_custom_1628761330128{padding-top: 50px !important;padding-bottom: 30px !important;}&#8221; el_class=&#8221;year headline2 font-red&#8221;][vc_column_text el_class=&#8221;text1 paragraph font-black&#8221;]Walter Scherb I purchases the company and develops an extensive product portfolio, opening up the entire Austrian market.[\/vc_column_text]\t\n<\/div><div class=\"slider-wrap\">\n\n\t[vc_single_image image=&#8221;5670368&#8243; img_size=&#8221;full&#8221;][vc_separator color=&#8221;custom&#8221; border_width=&#8221;2&#8243; accent_color=&#8221;#e84148&#8243; css=&#8221;.vc_custom_1615460171714{padding-top: 40px !important;}&#8221; el_class=&#8221;line01&#8243;][vc_custom_heading text=&#8221;1973&#8243; font_container=&#8221;tag:p|text_align:left&#8221; use_theme_fonts=&#8221;yes&#8221; css=&#8221;.vc_custom_1619433464116{padding-top: 50px !important;padding-bottom: 30px !important;}&#8221; el_class=&#8221;year headline2 font-red&#8221;][vc_column_text el_class=&#8221;text1 paragraph font-black&#8221;]Step-by-step expansion of the product palette to include jams, mustard, mayonnaise, ketchup and baked goods.[\/vc_column_text]\t\n<\/div><div class=\"slider-wrap\">\n\n\t[vc_single_image image=&#8221;5670464&#8243; img_size=&#8221;full&#8221;][vc_separator color=&#8221;custom&#8221; border_width=&#8221;2&#8243; accent_color=&#8221;#e84148&#8243; css=&#8221;.vc_custom_1615460171714{padding-top: 40px !important;}&#8221; el_class=&#8221;line01&#8243;][vc_custom_heading text=&#8221;1982&#8243; font_container=&#8221;tag:p|text_align:left&#8221; use_theme_fonts=&#8221;yes&#8221; css=&#8221;.vc_custom_1619433511160{padding-top: 50px !important;padding-bottom: 30px !important;}&#8221; el_class=&#8221;year headline2 font-red&#8221;][vc_column_text el_class=&#8221;text1 paragraph font-black&#8221;]Spitz once again expands the product range to include carbonated soft drinks.[\/vc_column_text]\t\n<\/div><div class=\"slider-wrap\">\n\n\t[vc_single_image image=&#8221;5670628&#8243; img_size=&#8221;full&#8221;][vc_separator color=&#8221;custom&#8221; border_width=&#8221;2&#8243; accent_color=&#8221;#e84148&#8243; css=&#8221;.vc_custom_1615460171714{padding-top: 40px !important;}&#8221; el_class=&#8221;line01&#8243;][vc_custom_heading text=&#8221;1993&#8243; font_container=&#8221;tag:p|text_align:left&#8221; use_theme_fonts=&#8221;yes&#8221; css=&#8221;.vc_custom_1628761350986{padding-top: 50px !important;padding-bottom: 30px !important;}&#8221; el_class=&#8221;year headline2 font-red&#8221;][vc_column_text el_class=&#8221;text1 paragraph font-black&#8221;]Spitz brings its own energy drink to the market[\/vc_column_text]\t\n<\/div><div class=\"slider-wrap\">\n\n\t[vc_single_image image=&#8221;5670374&#8243; img_size=&#8221;full&#8221;][vc_separator color=&#8221;custom&#8221; border_width=&#8221;2&#8243; accent_color=&#8221;#e84148&#8243; css=&#8221;.vc_custom_1615460171714{padding-top: 40px !important;}&#8221; el_class=&#8221;line01&#8243;][vc_custom_heading text=&#8221;2005&#8243; font_container=&#8221;tag:p|text_align:left&#8221; use_theme_fonts=&#8221;yes&#8221; css=&#8221;.vc_custom_1621238713032{padding-top: 50px !important;padding-bottom: 30px !important;}&#8221; el_class=&#8221;year headline2 font-red&#8221;][vc_column_text el_class=&#8221;text1 paragraph font-black&#8221;]Spitz Bio-W\u00e4rme supplies the production location with sustainable and environmentally friendly local heat and energy.[\/vc_column_text]\t\n<\/div><div class=\"slider-wrap\">\n\n\t[vc_single_image image=&#8221;5670633&#8243; img_size=&#8221;full&#8221;][vc_separator color=&#8221;custom&#8221; border_width=&#8221;2&#8243; accent_color=&#8221;#e84148&#8243; css=&#8221;.vc_custom_1615460171714{padding-top: 40px !important;}&#8221; el_class=&#8221;line01&#8243;][vc_custom_heading text=&#8221;2006&#8243; font_container=&#8221;tag:p|text_align:left&#8221; use_theme_fonts=&#8221;yes&#8221; css=&#8221;.vc_custom_1619437825456{padding-top: 50px !important;padding-bottom: 30px !important;}&#8221; el_class=&#8221;year headline2 font-red&#8221;][vc_column_text el_class=&#8221;text1 paragraph font-black&#8221;]Spitz establishes PET to PET Recycling \u00d6sterreich GmbH, which enables ecological recycling of PET bottles.[\/vc_column_text]\t\n<\/div><div class=\"slider-wrap\">\n\n\t[vc_single_image image=&#8221;5670363&#8243; img_size=&#8221;full&#8221;][vc_separator color=&#8221;custom&#8221; border_width=&#8221;2&#8243; accent_color=&#8221;#e84148&#8243; css=&#8221;.vc_custom_1615460171714{padding-top: 40px !important;}&#8221; el_class=&#8221;line01&#8243;][vc_custom_heading text=&#8221;2007&#8243; font_container=&#8221;tag:p|text_align:left&#8221; use_theme_fonts=&#8221;yes&#8221; css=&#8221;.vc_custom_1619437872737{padding-top: 50px !important;padding-bottom: 30px !important;}&#8221; el_class=&#8221;year headline2 font-red&#8221;][vc_column_text el_class=&#8221;text1 paragraph font-black&#8221;]Spitz acquires the majority stake in Gasteiner mineral water.[\/vc_column_text]\t\n<\/div><div class=\"slider-wrap\">\n\n\t[vc_single_image image=&#8221;5670372&#8243; img_size=&#8221;full&#8221;][vc_separator color=&#8221;custom&#8221; border_width=&#8221;2&#8243; accent_color=&#8221;#e84148&#8243; css=&#8221;.vc_custom_1615460171714{padding-top: 40px !important;}&#8221; el_class=&#8221;line01&#8243;][vc_custom_heading text=&#8221;2013&#8243; font_container=&#8221;tag:p|text_align:left&#8221; use_theme_fonts=&#8221;yes&#8221; css=&#8221;.vc_custom_1619438000670{padding-top: 50px !important;padding-bottom: 30px !important;}&#8221; el_class=&#8221;year headline2 font-red&#8221;][vc_column_text el_class=&#8221;text1 paragraph font-black&#8221;]Spitz takes over the Lower Austrian confectionery manufacturer Auer-Blaschke.[\/vc_column_text]\t\n<\/div><div class=\"slider-wrap\">\n\n\t[vc_single_image image=&#8221;5670365&#8243; img_size=&#8221;full&#8221;][vc_separator color=&#8221;custom&#8221; border_width=&#8221;2&#8243; accent_color=&#8221;#e84148&#8243; css=&#8221;.vc_custom_1615460171714{padding-top: 40px !important;}&#8221; el_class=&#8221;line01&#8243;][vc_custom_heading text=&#8221;2019&#8243; font_container=&#8221;tag:p|text_align:left&#8221; use_theme_fonts=&#8221;yes&#8221; css=&#8221;.vc_custom_1619438052700{padding-top: 50px !important;padding-bottom: 30px !important;}&#8221; el_class=&#8221;year headline2 font-red&#8221;][vc_column_text el_class=&#8221;text1 paragraph font-black&#8221;]Spitz acquires the honey manufacturer Honigmayr from Salzburg.[\/vc_column_text]\t\n<\/div><div class=\"slider-wrap\">\n\n\t[vc_single_image image=&#8221;5670632&#8243; img_size=&#8221;full&#8221;][vc_separator color=&#8221;custom&#8221; border_width=&#8221;2&#8243; accent_color=&#8221;#e84148&#8243; css=&#8221;.vc_custom_1615460171714{padding-top: 40px !important;}&#8221; el_class=&#8221;line01&#8243;][vc_custom_heading text=&#8221;2021&#8243; font_container=&#8221;tag:p|text_align:left&#8221; use_theme_fonts=&#8221;yes&#8221; css=&#8221;.vc_custom_1619518010448{padding-top: 50px !important;padding-bottom: 30px !important;}&#8221; el_class=&#8221;year headline2 font-red&#8221;][vc_column_text el_class=&#8221;text1 paragraph font-black&#8221;]Alpine Brands is founded as a subsidiary of Spitz.[\/vc_column_text]\t\n<\/div>\t\t\n\t<\/div>\n<\/div>[\/vc_column][\/vc_row][\/vc_section][vc_row el_class=&#8221;custom-row-zitat bg-red gap-topbottom-100 gap-mobile-bottom-60&#8243;][vc_column][vc_row_inner el_class=&#8221;custom-row-885&#8243;][vc_column_inner][vc_custom_heading text=&#8221;Food and beverages from Austria<br \/>\nfor over 160 years&#8221; font_container=&#8221;tag:p|text_align:left&#8221; use_theme_fonts=&#8221;yes&#8221; el_class=&#8221;headline1 font-center font-white&#8221;][\/vc_column_inner][\/vc_row_inner][\/vc_column][\/vc_row]\n","protected":false},"excerpt":{"rendered":"<p>[vc_row css=&#8221;.vc_custom_1621238678600{background-image: url(https:\/\/www.spitz.at\/wp-content\/uploads\/2021\/04\/geschichte-header-scaled-e1621238666534.jpg?id=5670052) !important;background-position: center !important;background-repeat: no-repeat !important;background-size: cover !important;}&#8221; el_class=&#8221;custom-header-row&#8221;][vc_column][vc_custom_heading text=&#8221;About us&#8221; font_container=&#8221;tag:h1|text_align:left&#8221; use_theme_fonts=&#8221;yes&#8221; el_class=&#8221;overhead font-white&#8221;][vc_custom_heading text=&#8221;history&#8221; font_container=&#8221;tag:p|text_align:left&#8221; use_theme_fonts=&#8221;yes&#8221;&#8230;<\/p>\n","protected":false},"author":10,"featured_media":0,"parent":0,"menu_order":0,"comment_status":"closed","ping_status":"closed","template":"","meta":{"_acf_changed":false,"footnotes":""},"categories":[23],"tags":[],"class_list":["post-5672687","page","type-page","status-publish","hentry","category-about-us"],"acf":[],"yoast_head":"<!-- This site is optimized with the Yoast SEO plugin v27.2 - https:\/\/yoast.com\/product\/yoast-seo-wordpress\/ -->\n<title>Geschichte des Getr\u00e4nkeproduzent Spitz aus \u00d6sterreich<\/title>\n<meta name=\"description\" content=\"Seit \u00fcber \u2727 160 Jahren wird der Lebensmittel- &amp; Getr\u00e4nkeproduzent Spitz als Familienunternehmen in \u00d6sterreich gef\u00fchrt. \u261b Geschichte lesen!\" \/>\n<meta name=\"robots\" content=\"index, follow, max-snippet:-1, max-image-preview:large, max-video-preview:-1\" \/>\n<link rel=\"canonical\" href=\"https:\/\/www.spitz.at\/en\/history\/\" \/>\n<meta property=\"og:locale\" content=\"en_US\" \/>\n<meta property=\"og:type\" content=\"article\" \/>\n<meta property=\"og:title\" content=\"Geschichte des Getr\u00e4nkeproduzent Spitz aus \u00d6sterreich\" \/>\n<meta property=\"og:description\" content=\"Seit \u00fcber \u2727 160 Jahren wird der Lebensmittel- &amp; Getr\u00e4nkeproduzent Spitz als Familienunternehmen in \u00d6sterreich gef\u00fchrt. \u261b Geschichte lesen!\" \/>\n<meta property=\"og:url\" content=\"https:\/\/www.spitz.at\/en\/history\/\" \/>\n<meta property=\"og:site_name\" content=\"Spitz - Getr\u00e4nke- und Lebensmittelhersteller aus \u00d6sterreich\" \/>\n<meta property=\"article:modified_time\" content=\"2023-07-21T08:53:30+00:00\" \/>\n<meta name=\"twitter:card\" content=\"summary_large_image\" \/>\n<meta name=\"twitter:label1\" content=\"Est. reading time\" \/>\n\t<meta name=\"twitter:data1\" content=\"4 minutes\" \/>\n<script type=\"application\/ld+json\" class=\"yoast-schema-graph\">{\"@context\":\"https:\/\/schema.org\",\"@graph\":[{\"@type\":\"WebPage\",\"@id\":\"https:\/\/www.spitz.at\/en\/history\/\",\"url\":\"https:\/\/www.spitz.at\/en\/history\/\",\"name\":\"Geschichte des Getr\u00e4nkeproduzent Spitz aus \u00d6sterreich\",\"isPartOf\":{\"@id\":\"https:\/\/www.spitz.at\/#website\"},\"datePublished\":\"2021-04-15T12:42:55+00:00\",\"dateModified\":\"2023-07-21T08:53:30+00:00\",\"description\":\"Seit \u00fcber \u2727 160 Jahren wird der Lebensmittel- & Getr\u00e4nkeproduzent Spitz als Familienunternehmen in \u00d6sterreich gef\u00fchrt. \u261b Geschichte lesen!\",\"breadcrumb\":{\"@id\":\"https:\/\/www.spitz.at\/en\/history\/#breadcrumb\"},\"inLanguage\":\"en-US\",\"potentialAction\":[{\"@type\":\"ReadAction\",\"target\":[\"https:\/\/www.spitz.at\/en\/history\/\"]}]},{\"@type\":\"BreadcrumbList\",\"@id\":\"https:\/\/www.spitz.at\/en\/history\/#breadcrumb\",\"itemListElement\":[{\"@type\":\"ListItem\",\"position\":1,\"name\":\"Startseite\",\"item\":\"https:\/\/www.spitz.at\/en\/startseite\/\"},{\"@type\":\"ListItem\",\"position\":2,\"name\":\"History\"}]},{\"@type\":\"WebSite\",\"@id\":\"https:\/\/www.spitz.at\/#website\",\"url\":\"https:\/\/www.spitz.at\/\",\"name\":\"Spitz - Getr\u00e4nke- und Lebensmittelhersteller aus \u00d6sterreich\",\"description\":\"\u00d6sterreichischer Lebensmittel- und Getr\u00e4nkehersteller mit Tradition\",\"potentialAction\":[{\"@type\":\"SearchAction\",\"target\":{\"@type\":\"EntryPoint\",\"urlTemplate\":\"https:\/\/www.spitz.at\/?s={search_term_string}\"},\"query-input\":{\"@type\":\"PropertyValueSpecification\",\"valueRequired\":true,\"valueName\":\"search_term_string\"}}],\"inLanguage\":\"en-US\"}]}<\/script>\n<!-- \/ Yoast SEO plugin. -->","yoast_head_json":{"title":"Geschichte des Getr\u00e4nkeproduzent Spitz aus \u00d6sterreich","description":"Seit \u00fcber \u2727 160 Jahren wird der Lebensmittel- & Getr\u00e4nkeproduzent Spitz als Familienunternehmen in \u00d6sterreich gef\u00fchrt. \u261b Geschichte lesen!","robots":{"index":"index","follow":"follow","max-snippet":"max-snippet:-1","max-image-preview":"max-image-preview:large","max-video-preview":"max-video-preview:-1"},"canonical":"https:\/\/www.spitz.at\/en\/history\/","og_locale":"en_US","og_type":"article","og_title":"Geschichte des Getr\u00e4nkeproduzent Spitz aus \u00d6sterreich","og_description":"Seit \u00fcber \u2727 160 Jahren wird der Lebensmittel- & Getr\u00e4nkeproduzent Spitz als Familienunternehmen in \u00d6sterreich gef\u00fchrt. \u261b Geschichte lesen!","og_url":"https:\/\/www.spitz.at\/en\/history\/","og_site_name":"Spitz - Getr\u00e4nke- und Lebensmittelhersteller aus \u00d6sterreich","article_modified_time":"2023-07-21T08:53:30+00:00","twitter_card":"summary_large_image","twitter_misc":{"Est. reading time":"4 minutes"},"schema":{"@context":"https:\/\/schema.org","@graph":[{"@type":"WebPage","@id":"https:\/\/www.spitz.at\/en\/history\/","url":"https:\/\/www.spitz.at\/en\/history\/","name":"Geschichte des Getr\u00e4nkeproduzent Spitz aus \u00d6sterreich","isPartOf":{"@id":"https:\/\/www.spitz.at\/#website"},"datePublished":"2021-04-15T12:42:55+00:00","dateModified":"2023-07-21T08:53:30+00:00","description":"Seit \u00fcber \u2727 160 Jahren wird der Lebensmittel- & Getr\u00e4nkeproduzent Spitz als Familienunternehmen in \u00d6sterreich gef\u00fchrt. \u261b Geschichte lesen!","breadcrumb":{"@id":"https:\/\/www.spitz.at\/en\/history\/#breadcrumb"},"inLanguage":"en-US","potentialAction":[{"@type":"ReadAction","target":["https:\/\/www.spitz.at\/en\/history\/"]}]},{"@type":"BreadcrumbList","@id":"https:\/\/www.spitz.at\/en\/history\/#breadcrumb","itemListElement":[{"@type":"ListItem","position":1,"name":"Startseite","item":"https:\/\/www.spitz.at\/en\/startseite\/"},{"@type":"ListItem","position":2,"name":"History"}]},{"@type":"WebSite","@id":"https:\/\/www.spitz.at\/#website","url":"https:\/\/www.spitz.at\/","name":"Spitz - Getr\u00e4nke- und Lebensmittelhersteller aus \u00d6sterreich","description":"\u00d6sterreichischer Lebensmittel- und Getr\u00e4nkehersteller mit Tradition","potentialAction":[{"@type":"SearchAction","target":{"@type":"EntryPoint","urlTemplate":"https:\/\/www.spitz.at\/?s={search_term_string}"},"query-input":{"@type":"PropertyValueSpecification","valueRequired":true,"valueName":"search_term_string"}}],"inLanguage":"en-US"}]}},"_links":{"self":[{"href":"https:\/\/www.spitz.at\/en\/wp-json\/wp\/v2\/pages\/5672687","targetHints":{"allow":["GET"]}}],"collection":[{"href":"https:\/\/www.spitz.at\/en\/wp-json\/wp\/v2\/pages"}],"about":[{"href":"https:\/\/www.spitz.at\/en\/wp-json\/wp\/v2\/types\/page"}],"author":[{"embeddable":true,"href":"https:\/\/www.spitz.at\/en\/wp-json\/wp\/v2\/users\/10"}],"replies":[{"embeddable":true,"href":"https:\/\/www.spitz.at\/en\/wp-json\/wp\/v2\/comments?post=5672687"}],"version-history":[{"count":8,"href":"https:\/\/www.spitz.at\/en\/wp-json\/wp\/v2\/pages\/5672687\/revisions"}],"predecessor-version":[{"id":5674501,"href":"https:\/\/www.spitz.at\/en\/wp-json\/wp\/v2\/pages\/5672687\/revisions\/5674501"}],"wp:attachment":[{"href":"https:\/\/www.spitz.at\/en\/wp-json\/wp\/v2\/media?parent=5672687"}],"wp:term":[{"taxonomy":"category","embeddable":true,"href":"https:\/\/www.spitz.at\/en\/wp-json\/wp\/v2\/categories?post=5672687"},{"taxonomy":"post_tag","embeddable":true,"href":"https:\/\/www.spitz.at\/en\/wp-json\/wp\/v2\/tags?post=5672687"}],"curies":[{"name":"wp","href":"https:\/\/api.w.org\/{rel}","templated":true}]}}