{"id":5672717,"date":"2021-04-16T06:54:44","date_gmt":"2021-04-16T04:54:44","guid":{"rendered":"https:\/\/www.spitz.at\/spitz-als-arbeitgeber\/"},"modified":"2024-08-01T13:31:19","modified_gmt":"2024-08-01T11:31:19","slug":"spitz-as-an-employer","status":"publish","type":"page","link":"https:\/\/www.spitz.at\/en\/spitz-as-an-employer\/","title":{"rendered":"Spitz as an employer"},"content":{"rendered":"[vc_row css=&#8221;.vc_custom_1623390259914{background-image: url(https:\/\/www.spitz.at\/wp-content\/uploads\/2021\/06\/Karrieresujet_schmal.png?id=5671710) !important;background-position: center !important;background-repeat: no-repeat !important;background-size: cover !important;}&#8221; el_class=&#8221;custom-header-row&#8221;][vc_column][vc_custom_heading text=&#8221;A career with culinary pleasure&#8221; font_container=&#8221;tag:h1|text_align:left&#8221; use_theme_fonts=&#8221;yes&#8221; el_class=&#8221;overhead font-white&#8221;][vc_custom_heading text=&#8221;Spitz as an employer&#8221; font_container=&#8221;tag:p|text_align:left&#8221; use_theme_fonts=&#8221;yes&#8221; el_class=&#8221;headline1 font-left font-white&#8221;][\/vc_column][\/vc_row][vc_row el_class=&#8221;custom-row-885 gap-topbottom-10 gap-mobile-top-50&#8243;][vc_column][vc_custom_heading text=&#8221;Our success stories&#8221; use_theme_fonts=&#8221;yes&#8221; el_class=&#8221;font-center font-black&#8221;][\/vc_column][\/vc_row][vc_section css=&#8221;.vc_custom_1618572120219{margin-top: 30px !important;padding-top: 20px !important;padding-right: 20px !important;padding-bottom: 1px !important;padding-left: 20px !important;background-color: #fde3e1 !important;}&#8221; el_class=&#8221;carousel-container&#8221; el_id=&#8221;carousel-container-id&#8221;][vc_row css=&#8221;.vc_custom_1618552546602{padding-right: 0px !important;padding-left: 0px !important;}&#8221; el_class=&#8221;gap-bottom-120&#8243;][vc_column][vc_row_inner][vc_column_inner]\r\n        <style>\r\n        \t.unique-carousel-230 .owl-next, .unique-carousel-230 .owl-prev{\r\n        \t\tbackground:   !important;\r\n        \t\tcolor: #e84148 !important;\r\n        \t}\r\n\r\n        \t.unique-carousel-230.owl-theme .owl-dots .owl-dot.active span, .unique-carousel-230.owl-theme .owl-dots .owl-dot:hover span{\r\n        \t\tbackground:  !important;\r\n        \t}\r\n\r\n        \t.owl-next, .owl-prev{\r\n        \t\ttop: 40%;\r\n        \t}\r\n        <\/style>\r\n        <div class=\"wdo-carosuel-container unique-carousel-230 owl-carousel owl-theme\">\r\n        \t                    <div class=\"item\">\r\n                                <div class=\"style1\">\r\n    <div class=\"post-slide\">\r\n        <div class=\"post-img\">\r\n            <a href=\"https:\/\/www.spitz.at\/en\/sadina-kahrimanovic\/\"><img loading=\"lazy\" decoding=\"async\" width=\"600\" height=\"320\" src=\"https:\/\/www.spitz.at\/wp-content\/uploads\/2021\/04\/Produktion_unsere-Mitarbeiter-1-scaled-e1622114362532-600x320.jpg\" class=\"attachment-Blog-Karussell size-Blog-Karussell wp-post-image\" alt=\"\" \/><\/a>\r\n        <\/div>\r\n        <div class=\"post-content\">\r\n            <h3 class=\"post-title\" style=\"font-size: 16\">\r\n            \t<a href=\"https:\/\/www.spitz.at\/en\/sadina-kahrimanovic\/\">Sadina Kahrimanovic<\/a>\r\n            <\/h3>\r\n            <p class=\"post-description\" style=\"font-size: 16\">\r\n                <p>With more than 25 years in the company, Sadina is one of our longer serving employees. Her journey at Spitz began in confectionery and baked goods, where she worked in the production facility. After some years &#8230;<\/p>\n            <\/p>\r\n            <ul class=\"post-bar\">\r\n                <li><i class=\"fa fa-calendar\"><\/i> 20. April 2021<\/li>\r\n                <li>\r\n                    <i class=\"fa fa-folder\"><\/i>\r\n                                    <\/li>\r\n            <\/ul>\r\n            <a href=\"https:\/\/www.spitz.at\/en\/sadina-kahrimanovic\/\" class=\"read-more\"><\/a>\r\n        <\/div>\r\n    <\/div>\r\n<\/div>            <\/div>\r\n                    <div class=\"item\">\r\n                                <div class=\"style1\">\r\n    <div class=\"post-slide\">\r\n        <div class=\"post-img\">\r\n            <a href=\"https:\/\/www.spitz.at\/en\/daniel-veskovic\/\"><img loading=\"lazy\" decoding=\"async\" width=\"600\" height=\"320\" src=\"https:\/\/www.spitz.at\/wp-content\/uploads\/2021\/04\/erfolgsstory-daniel-veskovic-1-600x320.jpg\" class=\"attachment-Blog-Karussell size-Blog-Karussell wp-post-image\" alt=\"\" \/><\/a>\r\n        <\/div>\r\n        <div class=\"post-content\">\r\n            <h3 class=\"post-title\" style=\"font-size: 16\">\r\n            \t<a href=\"https:\/\/www.spitz.at\/en\/daniel-veskovic\/\">Daniel Veskovic<\/a>\r\n            <\/h3>\r\n            <p class=\"post-description\" style=\"font-size: 16\">\r\n                <p>Daniel is one of our shift leaders in the beverage segment. Just a few years after beginning at the company as a production worker, Daniel was able to complete an in-house training programme &#8230;<\/p>\n            <\/p>\r\n            <ul class=\"post-bar\">\r\n                <li><i class=\"fa fa-calendar\"><\/i> 20. April 2021<\/li>\r\n                <li>\r\n                    <i class=\"fa fa-folder\"><\/i>\r\n                                    <\/li>\r\n            <\/ul>\r\n            <a href=\"https:\/\/www.spitz.at\/en\/daniel-veskovic\/\" class=\"read-more\"><\/a>\r\n        <\/div>\r\n    <\/div>\r\n<\/div>            <\/div>\r\n                    <div class=\"item\">\r\n                                <div class=\"style1\">\r\n    <div class=\"post-slide\">\r\n        <div class=\"post-img\">\r\n            <a href=\"https:\/\/www.spitz.at\/en\/guenther-heimbuchner\/\"><img loading=\"lazy\" decoding=\"async\" width=\"600\" height=\"320\" src=\"https:\/\/www.spitz.at\/wp-content\/uploads\/2021\/04\/SpitzGmbH_corporate_Himmelbauer_010_quer-e1622114698730-600x320.jpg\" class=\"attachment-Blog-Karussell size-Blog-Karussell wp-post-image\" alt=\"\" \/><\/a>\r\n        <\/div>\r\n        <div class=\"post-content\">\r\n            <h3 class=\"post-title\" style=\"font-size: 16\">\r\n            \t<a href=\"https:\/\/www.spitz.at\/en\/guenther-heimbuchner\/\">G\u00fcnter Heimbuchner<\/a>\r\n            <\/h3>\r\n            <p class=\"post-description\" style=\"font-size: 16\">\r\n                <p>G\u00fcnter&#8217;s story spans over 30 years, and shows that personal focus and a company&#8217;s willingness to constantly encourage its employees can combine to make an impressive career path possible. &#8230;<\/p>\n            <\/p>\r\n            <ul class=\"post-bar\">\r\n                <li><i class=\"fa fa-calendar\"><\/i> 20. April 2021<\/li>\r\n                <li>\r\n                    <i class=\"fa fa-folder\"><\/i>\r\n                                    <\/li>\r\n            <\/ul>\r\n            <a href=\"https:\/\/www.spitz.at\/en\/guenther-heimbuchner\/\" class=\"read-more\"><\/a>\r\n        <\/div>\r\n    <\/div>\r\n<\/div>            <\/div>\r\n                    <div class=\"item\">\r\n                                <div class=\"style1\">\r\n    <div class=\"post-slide\">\r\n        <div class=\"post-img\">\r\n            <a href=\"https:\/\/www.spitz.at\/en\/melanie-hemetsberger\/\"><img loading=\"lazy\" decoding=\"async\" width=\"600\" height=\"320\" src=\"https:\/\/www.spitz.at\/wp-content\/uploads\/2021\/04\/erfolgsstory-melanie-hemetsberger-2-600x320.jpg\" class=\"attachment-Blog-Karussell size-Blog-Karussell wp-post-image\" alt=\"\" \/><\/a>\r\n        <\/div>\r\n        <div class=\"post-content\">\r\n            <h3 class=\"post-title\" style=\"font-size: 16\">\r\n            \t<a href=\"https:\/\/www.spitz.at\/en\/melanie-hemetsberger\/\">Melanie Hemetsberger<\/a>\r\n            <\/h3>\r\n            <p class=\"post-description\" style=\"font-size: 16\">\r\n                <p>Melanie began her career at Spitz as a Junior Product Manager in the baked goods segment. She was subsequently one of the first Product &#038; Portfolio Managers at Spitz and &#8230;<\/p>\n            <\/p>\r\n            <ul class=\"post-bar\">\r\n                <li><i class=\"fa fa-calendar\"><\/i> 20. April 2021<\/li>\r\n                <li>\r\n                    <i class=\"fa fa-folder\"><\/i>\r\n                                    <\/li>\r\n            <\/ul>\r\n            <a href=\"https:\/\/www.spitz.at\/en\/melanie-hemetsberger\/\" class=\"read-more\"><\/a>\r\n        <\/div>\r\n    <\/div>\r\n<\/div>            <\/div>\r\n                                <\/div>\r\n        <script type=\"text\/javascript\">\r\n        \tjQuery(document).ready(function ($) {\r\n        \t\t$('.unique-carousel-230').owlCarousel({\r\n        \t\t    margin:10,\r\n        \t\t    touchDrag:true,\r\n        \t\t    mouseDrag:true,\r\n        \t\t    animateIn: \"no-animation\",\r\n        \t\t    animateOut: \"no-animation\",\r\n        \t\t    video:true,\r\n        \t\t    videoWidth:true,\r\n        \t\t    videoHeight:300,\r\n        \t\t    loop:true,\r\n        \t\t    slideBy:1,\r\n        \t\t    autoplay:false, \r\n        \t\t    nav:true,\r\n        \t\t    dots:false,\r\n        \t\t    navText:[\"<div class='nav-btn prev-slide'><\/div>\",\"<div class='nav-btn next-slide'><\/div>\"],\r\n        \t\t    responsive:{\r\n        \t\t        0:{\r\n        \t\t            items:1        \t\t        },\r\n        \t\t        600:{\r\n        \t\t            items:2        \t\t        },\r\n        \t\t        1000:{\r\n        \t\t            items:3        \t\t        }\r\n        \t\t    }\r\n        \t\t});\r\n        \t});\r\n        <\/script>\r\n\r\n        [\/vc_column_inner][\/vc_row_inner][\/vc_column][\/vc_row][\/vc_section][vc_row el_class=&#8221;custom-row-885 gap-top-70&#8243;][vc_column][vc_custom_heading text=&#8221;Spitz Academy&#8221; use_theme_fonts=&#8221;yes&#8221; el_class=&#8221;font-center font-black gap-mobile-topbottom-50&#8243;]<div class=\"norebro-text-sc paragraph font-black font-center gap-bottom-20\" \n\tid=\"norebro-custom-69df0e6b938b7\" \n\t \n\t>\n\n\t<p>Our company&#8217;s success has been built over the years on the <strong>expertise and dedication<\/strong> of our employees. We therefore attribute great importance to continuing education and training programmes, as well as their role in ensuring our further <strong>development together<\/strong>. With our comprehensive training initiative, the Spitz Academy, we combine solid fundamental courses with individual training and educational opportunities tailored to everyone&#8217;s needs \u2013 from apprentices to middle and upper management.<\/p>\n\t\n<\/div>[\/vc_column][\/vc_row][vc_row el_class=&#8221;custom-row gap-topbottom-50 gap-mobile-topbottom-80&#8243;][vc_column][vc_row_inner el_class=&#8221;switch-mobile&#8221;][vc_column_inner el_class=&#8221;text-col-left gap-mobile-bottom-70&#8243; width=&#8221;1\/2&#8243;][vc_custom_heading text=&#8221;Next Generation Leader&#8221; use_theme_fonts=&#8221;yes&#8221; el_class=&#8221;headline2 font-left font-red&#8221;]<div class=\"norebro-text-sc paragraph font-black\" \n\tid=\"norebro-custom-69df0e6b93964\" \n\t \n\t>\n\n\t<p>We are especially proud of this <strong>modular education programme<\/strong>, which embodies the guiding principles of our Spitz Academy. Developed by our HR team in collaboration with external specialists, &#8220;Next Generation Leader&#8221; is <strong>tailored<\/strong> precisely to our needs and situation.<\/p>\n<p>&nbsp;<\/p>\n<p>Through <strong>several training modules<\/strong>, we offer new and <strong>up-and-coming leaders<\/strong> in our team the opportunity to work towards a deeper understanding of our company values, their own leadership roles and how we at Spitz think about leadership. Thanks to this education, our future team leaders, department heads and area managers develop essential skills in <strong>self management, leading employees, communication and group dynamics<\/strong>.<\/p>\n\t\n<\/div>[\/vc_column_inner][vc_column_inner el_class=&#8221;text-col-right&#8221; width=&#8221;1\/2&#8243;][vc_single_image image=&#8221;5670214&#8243; img_size=&#8221;full&#8221; el_class=&#8221;gap-mobile-bottom-40&#8243;][\/vc_column_inner][\/vc_row_inner][\/vc_column][\/vc_row][vc_row el_class=&#8221;custom-row gap-topbottom-100 gap-mobile-topbottom-80&#8243;][vc_column][vc_row_inner][vc_column_inner el_class=&#8221;text-col-left gap-mobile-bottom-40&#8243; width=&#8221;1\/2&#8243;][vc_single_image image=&#8221;5670215&#8243; img_size=&#8221;full&#8221;][\/vc_column_inner][vc_column_inner el_class=&#8221;text-col-right&#8221; width=&#8221;1\/2&#8243;][vc_custom_heading text=&#8221;Plant Operator Training Programme&#8221; use_theme_fonts=&#8221;yes&#8221; el_class=&#8221;headline2 font-left font-red&#8221;]<div class=\"norebro-text-sc paragraph font-black\" \n\tid=\"norebro-custom-69df0e6b939ea\" \n\t \n\t>\n\n\t<p>Being a plant operator at Spitz means working daily to ensure that our <strong>production processes<\/strong> are running efficiently. These colleagues are alsoresponsible for the <strong>operation, monitoring, and control<\/strong> of the production facilities as well as continuous quality assurance of our products. Plant operators therefore play a crucial role in our company.<\/p>\n<p>&nbsp;<\/p>\n<p>Since this position requires <strong>understanding<\/strong> of company-specific <strong>processes<\/strong> and in-depth specialised knowledge, we established a plant operator qualification programme at the Spitz Academy that is specifically tailored to Spitz. A combination of <strong>in-hourse and external training<\/strong> modules with various points of focus allow participants to develop comprehensive expertise of our processes and extensive knowledge relevant to the food technology sector.<\/p>\n\t\n<\/div>[\/vc_column_inner][\/vc_row_inner][\/vc_column][\/vc_row][vc_row el_class=&#8221;custom-row-colored bg-rosa gap-top-110 gap-bottom-70&#8243;][vc_column][vc_custom_heading text=&#8221;Benefits&#8221; el_class=&#8221;font-center font-black gap-bottom-40&#8243;][vc_row_inner el_class=&#8221;custom-row icon-listing-four-col gap-icon-text gap-bottom-90&#8243;][vc_column_inner el_class=&#8221;gap-mobile-bottom-20&#8243; width=&#8221;1\/4&#8243;][vc_single_image image=&#8221;5669828&#8243; img_size=&#8221;full&#8221; el_class=&#8221;icon-listing gap-bottom-30&#8243; el_id=&#8221;icon-paket-2&#8243;]<div class=\"norebro-text-sc headline3 font-black font-center\" \n\tid=\"norebro-custom-69df0e6b93a5a\" \n\t \n\t>\n\n\t<p>Company restaurant<\/p>\n\t\n<\/div>[\/vc_column_inner][vc_column_inner el_class=&#8221;gap-mobile-bottom-20&#8243; width=&#8221;1\/4&#8243;][vc_single_image image=&#8221;5669825&#8243; img_size=&#8221;full&#8221; el_class=&#8221;icon-listing gap-bottom-30&#8243; el_id=&#8221;icon-paket-2&#8243;]<div class=\"norebro-text-sc headline3 font-black font-center\" \n\tid=\"norebro-custom-69df0e6b93ac2\" \n\t \n\t>\n\n\t<p>Health support<\/p>\n\t\n<\/div>[\/vc_column_inner][vc_column_inner el_class=&#8221;gap-mobile-bottom-20&#8243; width=&#8221;1\/4&#8243;][vc_single_image image=&#8221;5669821&#8243; img_size=&#8221;full&#8221; el_class=&#8221;icon-listing gap-bottom-30&#8243; el_id=&#8221;icon-paket-2&#8243;]<div class=\"norebro-text-sc headline3 font-black font-center\" \n\tid=\"norebro-custom-69df0e6b93b25\" \n\t \n\t>\n\n\t<p>further training<\/p>\n\t\n<\/div>[\/vc_column_inner][vc_column_inner el_class=&#8221;gap-mobile-bottom-20&#8243; width=&#8221;1\/4&#8243;][vc_single_image image=&#8221;5669816&#8243; img_size=&#8221;full&#8221; el_class=&#8221;icon-listing gap-bottom-30&#8243; el_id=&#8221;icon-paket-2&#8243;]<div class=\"norebro-text-sc headline3 font-black font-center\" \n\tid=\"norebro-custom-69df0e6b93b85\" \n\t \n\t>\n\n\t<p>Employee discounts<\/p>\n\t\n<\/div>[\/vc_column_inner][\/vc_row_inner][vc_row_inner el_class=&#8221;custom-row icon-listing-four-col gap-icon-text&#8221;][vc_column_inner el_class=&#8221;gap-mobile-bottom-20&#8243; width=&#8221;1\/4&#8243;][vc_single_image image=&#8221;5669817&#8243; img_size=&#8221;full&#8221; el_class=&#8221;icon-listing gap-bottom-30&#8243; el_id=&#8221;icon-paket-2&#8243;]<div class=\"norebro-text-sc headline3 font-black font-center\" \n\tid=\"norebro-custom-69df0e6b93be8\" \n\t \n\t>\n\n\t<p>Complimentary fruit<\/p>\n\t\n<\/div>[\/vc_column_inner][vc_column_inner el_class=&#8221;gap-mobile-bottom-20&#8243; width=&#8221;1\/4&#8243;][vc_single_image image=&#8221;5669818&#8243; img_size=&#8221;full&#8221; el_class=&#8221;icon-listing gap-bottom-30&#8243; el_id=&#8221;icon-paket-2&#8243;]<div class=\"norebro-text-sc headline3 font-black font-center\" \n\tid=\"norebro-custom-69df0e6b93c4f\" \n\t \n\t>\n\n\t<p>Free parking<\/p>\n\t\n<\/div>[\/vc_column_inner][vc_column_inner el_class=&#8221;gap-mobile-bottom-20&#8243; width=&#8221;1\/4&#8243;][vc_single_image image=&#8221;5669826&#8243; img_size=&#8221;full&#8221; el_class=&#8221;icon-listing gap-bottom-30&#8243; el_id=&#8221;icon-paket-2&#8243;]<div class=\"norebro-text-sc headline3 font-black font-center\" \n\tid=\"norebro-custom-69df0e6b93cb3\" \n\t \n\t>\n\n\t<p>Employee beverages<\/p>\n\t\n<\/div>[\/vc_column_inner][vc_column_inner el_class=&#8221;gap-mobile-bottom-20&#8243; width=&#8221;1\/4&#8243;][vc_single_image image=&#8221;5669824&#8243; img_size=&#8221;full&#8221; el_class=&#8221;icon-listing gap-bottom-30&#8243; el_id=&#8221;icon-paket-2&#8243;]<div class=\"norebro-text-sc headline3 font-black font-center\" \n\tid=\"norebro-custom-69df0e6b93d1c\" \n\t \n\t>\n\n\t<p>Employee events<\/p>\n\t\n<\/div>[\/vc_column_inner][\/vc_row_inner][\/vc_column][\/vc_row][vc_row el_class=&#8221;custom-row-885 gap-topbottom-100 gap-mobile-top-50&#8243; css=&#8221;.vc_custom_1622642396155{padding-bottom: 120px !important;}&#8221;][vc_column][vc_custom_heading text=&#8221;Platforms&#8221; el_class=&#8221;font-center font-black gap-bottom-40&#8243;]<div class=\"norebro-text-sc paragraph font-black font-center\" \n\tid=\"norebro-custom-69df0e6b93d80\" \n\t \n\t>\n\n\t<p>Find, follow or rate us at:<\/p>\n\t\n<\/div>[vc_row_inner el_class=&#8221;icon-listing-three-col gap-icon-text gap-top-60&#8243;][vc_column_inner width=&#8221;1\/3&#8243;][vc_single_image image=&#8221;5670569&#8243; img_size=&#8221;full&#8221; el_class=&#8221;icon-listing gap-bottom-30&#8243; el_id=&#8221;icon-paket-2&#8243;][vc_btn title=&#8221;LinkedIn&#8221; link=&#8221;url:https%3A%2F%2Fwww.linkedin.com%2Fcompany%2F10171848|title:LinkedIn|target:_blank&#8221; el_class=&#8221;button-red button-left gap-top-20&#8243;][\/vc_column_inner][vc_column_inner width=&#8221;1\/3&#8243;][vc_single_image image=&#8221;5670570&#8243; img_size=&#8221;full&#8221; el_class=&#8221;icon-listing gap-bottom-30&#8243; el_id=&#8221;icon-paket-2&#8243;][vc_btn title=&#8221;Xing&#8221; link=&#8221;url:https%3A%2F%2Fwww.xing.com%2Fpages%2Fs-spitzgmbh|title:Xing|target:_blank&#8221; el_class=&#8221;button-red button-left gap-top-20&#8243;][\/vc_column_inner][vc_column_inner width=&#8221;1\/3&#8243;][vc_single_image image=&#8221;5670698&#8243; img_size=&#8221;full&#8221; el_class=&#8221;icon-listing gap-bottom-30&#8243; el_id=&#8221;icon-paket-2&#8243;][vc_btn title=&#8221;kununu&#8221; link=&#8221;url:https%3A%2F%2Fwww.kununu.com%2Fat%2Fsspitz|title:kununu|target:_blank&#8221; el_class=&#8221;button-red button-left gap-top-20&#8243;][\/vc_column_inner][\/vc_row_inner][\/vc_column][\/vc_row]\n","protected":false},"excerpt":{"rendered":"<p>[vc_row css=&#8221;.vc_custom_1623390259914{background-image: url(https:\/\/www.spitz.at\/wp-content\/uploads\/2021\/06\/Karrieresujet_schmal.png?id=5671710) !important;background-position: center !important;background-repeat: no-repeat !important;background-size: cover !important;}&#8221; el_class=&#8221;custom-header-row&#8221;][vc_column][vc_custom_heading text=&#8221;A career with culinary pleasure&#8221; font_container=&#8221;tag:h1|text_align:left&#8221; use_theme_fonts=&#8221;yes&#8221; el_class=&#8221;overhead font-white&#8221;][vc_custom_heading&#8230;<\/p>\n","protected":false},"author":10,"featured_media":0,"parent":0,"menu_order":0,"comment_status":"closed","ping_status":"closed","template":"","meta":{"_acf_changed":false,"footnotes":""},"categories":[26],"tags":[],"class_list":["post-5672717","page","type-page","status-publish","hentry","category-career"],"acf":[],"yoast_head":"<!-- This site is optimized with the Yoast SEO plugin v27.2 - https:\/\/yoast.com\/product\/yoast-seo-wordpress\/ -->\n<title>Career at Spitz - your opportunity in the food industry<\/title>\n<meta name=\"description\" content=\"Spitz offers career opportunities and numerous benefits, such as promotions, health promotion, training and further education. - Find out more now!\" \/>\n<meta name=\"robots\" content=\"index, follow, max-snippet:-1, max-image-preview:large, max-video-preview:-1\" \/>\n<link rel=\"canonical\" href=\"https:\/\/www.spitz.at\/en\/spitz-as-an-employer\/\" \/>\n<meta property=\"og:locale\" content=\"en_US\" \/>\n<meta property=\"og:type\" content=\"article\" \/>\n<meta property=\"og:title\" content=\"Jobs in the food sector, start your career with pleasure at Spitz!\" \/>\n<meta property=\"og:description\" content=\"Work in the food industry whether for career changers or skilled workers, we offer jobs with training in production with shift work.\" \/>\n<meta property=\"og:url\" content=\"https:\/\/www.spitz.at\/en\/spitz-as-an-employer\/\" \/>\n<meta property=\"og:site_name\" content=\"Spitz - Getr\u00e4nke- und Lebensmittelhersteller aus \u00d6sterreich\" \/>\n<meta property=\"article:modified_time\" content=\"2024-08-01T11:31:19+00:00\" \/>\n<meta name=\"twitter:card\" content=\"summary_large_image\" \/>\n<meta name=\"twitter:label1\" content=\"Est. reading time\" \/>\n\t<meta name=\"twitter:data1\" content=\"4 minutes\" \/>\n<script type=\"application\/ld+json\" class=\"yoast-schema-graph\">{\"@context\":\"https:\/\/schema.org\",\"@graph\":[{\"@type\":\"WebPage\",\"@id\":\"https:\/\/www.spitz.at\/en\/spitz-as-an-employer\/\",\"url\":\"https:\/\/www.spitz.at\/en\/spitz-as-an-employer\/\",\"name\":\"Career at Spitz - your opportunity in the food industry\",\"isPartOf\":{\"@id\":\"https:\/\/www.spitz.at\/#website\"},\"datePublished\":\"2021-04-16T04:54:44+00:00\",\"dateModified\":\"2024-08-01T11:31:19+00:00\",\"description\":\"Spitz offers career opportunities and numerous benefits, such as promotions, health promotion, training and further education. - Find out more now!\",\"breadcrumb\":{\"@id\":\"https:\/\/www.spitz.at\/en\/spitz-as-an-employer\/#breadcrumb\"},\"inLanguage\":\"en-US\",\"potentialAction\":[{\"@type\":\"ReadAction\",\"target\":[\"https:\/\/www.spitz.at\/en\/spitz-as-an-employer\/\"]}]},{\"@type\":\"BreadcrumbList\",\"@id\":\"https:\/\/www.spitz.at\/en\/spitz-as-an-employer\/#breadcrumb\",\"itemListElement\":[{\"@type\":\"ListItem\",\"position\":1,\"name\":\"Startseite\",\"item\":\"https:\/\/www.spitz.at\/en\/startseite\/\"},{\"@type\":\"ListItem\",\"position\":2,\"name\":\"Spitz as an employer\"}]},{\"@type\":\"WebSite\",\"@id\":\"https:\/\/www.spitz.at\/#website\",\"url\":\"https:\/\/www.spitz.at\/\",\"name\":\"Spitz - Getr\u00e4nke- und Lebensmittelhersteller aus \u00d6sterreich\",\"description\":\"\u00d6sterreichischer Lebensmittel- und Getr\u00e4nkehersteller mit Tradition\",\"potentialAction\":[{\"@type\":\"SearchAction\",\"target\":{\"@type\":\"EntryPoint\",\"urlTemplate\":\"https:\/\/www.spitz.at\/?s={search_term_string}\"},\"query-input\":{\"@type\":\"PropertyValueSpecification\",\"valueRequired\":true,\"valueName\":\"search_term_string\"}}],\"inLanguage\":\"en-US\"}]}<\/script>\n<!-- \/ Yoast SEO plugin. -->","yoast_head_json":{"title":"Career at Spitz - your opportunity in the food industry","description":"Spitz offers career opportunities and numerous benefits, such as promotions, health promotion, training and further education. - Find out more now!","robots":{"index":"index","follow":"follow","max-snippet":"max-snippet:-1","max-image-preview":"max-image-preview:large","max-video-preview":"max-video-preview:-1"},"canonical":"https:\/\/www.spitz.at\/en\/spitz-as-an-employer\/","og_locale":"en_US","og_type":"article","og_title":"Jobs in the food sector, start your career with pleasure at Spitz!","og_description":"Work in the food industry whether for career changers or skilled workers, we offer jobs with training in production with shift work.","og_url":"https:\/\/www.spitz.at\/en\/spitz-as-an-employer\/","og_site_name":"Spitz - Getr\u00e4nke- und Lebensmittelhersteller aus \u00d6sterreich","article_modified_time":"2024-08-01T11:31:19+00:00","twitter_card":"summary_large_image","twitter_misc":{"Est. reading time":"4 minutes"},"schema":{"@context":"https:\/\/schema.org","@graph":[{"@type":"WebPage","@id":"https:\/\/www.spitz.at\/en\/spitz-as-an-employer\/","url":"https:\/\/www.spitz.at\/en\/spitz-as-an-employer\/","name":"Career at Spitz - your opportunity in the food industry","isPartOf":{"@id":"https:\/\/www.spitz.at\/#website"},"datePublished":"2021-04-16T04:54:44+00:00","dateModified":"2024-08-01T11:31:19+00:00","description":"Spitz offers career opportunities and numerous benefits, such as promotions, health promotion, training and further education. - Find out more now!","breadcrumb":{"@id":"https:\/\/www.spitz.at\/en\/spitz-as-an-employer\/#breadcrumb"},"inLanguage":"en-US","potentialAction":[{"@type":"ReadAction","target":["https:\/\/www.spitz.at\/en\/spitz-as-an-employer\/"]}]},{"@type":"BreadcrumbList","@id":"https:\/\/www.spitz.at\/en\/spitz-as-an-employer\/#breadcrumb","itemListElement":[{"@type":"ListItem","position":1,"name":"Startseite","item":"https:\/\/www.spitz.at\/en\/startseite\/"},{"@type":"ListItem","position":2,"name":"Spitz as an employer"}]},{"@type":"WebSite","@id":"https:\/\/www.spitz.at\/#website","url":"https:\/\/www.spitz.at\/","name":"Spitz - Getr\u00e4nke- und Lebensmittelhersteller aus \u00d6sterreich","description":"\u00d6sterreichischer Lebensmittel- und Getr\u00e4nkehersteller mit Tradition","potentialAction":[{"@type":"SearchAction","target":{"@type":"EntryPoint","urlTemplate":"https:\/\/www.spitz.at\/?s={search_term_string}"},"query-input":{"@type":"PropertyValueSpecification","valueRequired":true,"valueName":"search_term_string"}}],"inLanguage":"en-US"}]}},"_links":{"self":[{"href":"https:\/\/www.spitz.at\/en\/wp-json\/wp\/v2\/pages\/5672717","targetHints":{"allow":["GET"]}}],"collection":[{"href":"https:\/\/www.spitz.at\/en\/wp-json\/wp\/v2\/pages"}],"about":[{"href":"https:\/\/www.spitz.at\/en\/wp-json\/wp\/v2\/types\/page"}],"author":[{"embeddable":true,"href":"https:\/\/www.spitz.at\/en\/wp-json\/wp\/v2\/users\/10"}],"replies":[{"embeddable":true,"href":"https:\/\/www.spitz.at\/en\/wp-json\/wp\/v2\/comments?post=5672717"}],"version-history":[{"count":4,"href":"https:\/\/www.spitz.at\/en\/wp-json\/wp\/v2\/pages\/5672717\/revisions"}],"predecessor-version":[{"id":5677595,"href":"https:\/\/www.spitz.at\/en\/wp-json\/wp\/v2\/pages\/5672717\/revisions\/5677595"}],"wp:attachment":[{"href":"https:\/\/www.spitz.at\/en\/wp-json\/wp\/v2\/media?parent=5672717"}],"wp:term":[{"taxonomy":"category","embeddable":true,"href":"https:\/\/www.spitz.at\/en\/wp-json\/wp\/v2\/categories?post=5672717"},{"taxonomy":"post_tag","embeddable":true,"href":"https:\/\/www.spitz.at\/en\/wp-json\/wp\/v2\/tags?post=5672717"}],"curies":[{"name":"wp","href":"https:\/\/api.w.org\/{rel}","templated":true}]}}