{"id":5673267,"date":"2021-04-14T17:12:02","date_gmt":"2021-04-14T15:12:02","guid":{"rendered":"https:\/\/www.spitz.at\/werksverkauf\/"},"modified":"2023-05-25T08:35:41","modified_gmt":"2023-05-25T06:35:41","slug":"factory-sales","status":"publish","type":"page","link":"https:\/\/www.spitz.at\/en\/factory-sales\/","title":{"rendered":"Factory Sales"},"content":{"rendered":"[vc_row css=&#8221;.vc_custom_1619518745032{background-image: url(https:\/\/www.spitz.at\/wp-content\/uploads\/2021\/04\/1619518393092-scaled.jpg?id=5670545) !important;background-position: center !important;background-repeat: no-repeat !important;background-size: cover !important;}&#8221; el_class=&#8221;custom-header-row&#8221;][vc_column][vc_custom_heading text=&#8221;About Us&#8221; font_container=&#8221;tag:h1|text_align:left&#8221; use_theme_fonts=&#8221;yes&#8221; el_class=&#8221;overhead font-white&#8221;][vc_custom_heading text=&#8221;Spitz Factory Sales&#8221; font_container=&#8221;tag:p|text_align:left&#8221; use_theme_fonts=&#8221;yes&#8221; el_class=&#8221;headline1 font-left font-white&#8221;][\/vc_column][\/vc_row][vc_row el_class=&#8221;custom-row-885 gap-topbottom-10 gap-mobile-top-50&#8243;][vc_column][vc_custom_heading text=&#8221;Our Spitz Shop in Attnang-Puchheim&#8221; use_theme_fonts=&#8221;yes&#8221; el_class=&#8221;font-center font-black&#8221;]<div class=\"norebro-text-sc paragraph font-black font-center\" \n\tid=\"norebro-custom-69df100077f08\" \n\t \n\t>\n\n\t<p>Fizzy drinks and juices, honey and jams, gourmet sauces and crispy waffle products \u2013 all this and more can be found in the Spitz Shop at our headquarters in Attnang-Puchheim. Seeing is believing, so come and see for yourself what a wide variety we offer. We look forward to your visit!<\/p>\n\t\n<\/div>[\/vc_column][\/vc_row][vc_row el_class=&#8221;custom-row gap-topbottom-50 gap-mobile-top-50&#8243; el_id=&#8221;zwei-spalten-box&#8221;][vc_column][vc_row_inner][vc_column_inner el_class=&#8221;text-col-left&#8221; width=&#8221;1\/2&#8243;][vc_single_image image=&#8221;5670120&#8243; img_size=&#8221;full&#8221; alignment=&#8221;center&#8221; el_class=&#8221;icon-listing adresse gap-bottom-30&#8243; el_id=&#8221;icon-paket-2&#8243;]<div class=\"norebro-text-sc paragraph font-black font-center gap-bottom-20\" \n\tid=\"norebro-custom-69df100077fdd\" \n\t \n\t>\n\n\t<p><strong>Opening Hours<\/strong><\/p>\n<p>Monday to Friday<br \/>\n09:00 &#8211; 12:00 and<br \/>\n13:00 &#8211; 17:00<\/p>\n\t\n<\/div>[\/vc_column_inner][vc_column_inner el_class=&#8221;text-col-right&#8221; width=&#8221;1\/2&#8243;][vc_single_image image=&#8221;5669820&#8243; img_size=&#8221;full&#8221; alignment=&#8221;center&#8221; el_class=&#8221;icon-listing adresse gap-bottom-30&#8243;]<div class=\"norebro-text-sc paragraph font-black font-center gap-bottom-20\" \n\tid=\"norebro-custom-69df10007806f\" \n\t \n\t>\n\n\t<p><strong>Standort<\/strong><\/p>\n<p>Gmundner Stra\u00dfe 27<br \/>\n4800 Attnang-Puchheim<\/p>\n\t\n<\/div><div class=\"norebro-text-sc paragraph font-black font-center font-uppercase\" \n\tid=\"norebro-custom-69df1000780f2\" \n\t \n\t>\n\n\t<p><a href=\"https:\/\/goo.gl\/maps\/MNtJwh3hZCHp7ZwQ8\">Open Google Maps\u00a0<\/a><\/p>\n\t\n<\/div>[\/vc_column_inner][\/vc_row_inner][\/vc_column][\/vc_row][vc_section el_id=&#8221;image-gallery-set-1-section&#8221;][vc_row][vc_column width=&#8221;1\/2&#8243;][vc_single_image image=&#8221;5670003&#8243; img_size=&#8221;full&#8221; el_class=&#8221;image-gallery-set-1-img&#8221;][\/vc_column][vc_column width=&#8221;1\/2&#8243;][vc_single_image image=&#8221;5670004&#8243; img_size=&#8221;full&#8221; el_class=&#8221;image-gallery-set-1-img&#8221;][\/vc_column][\/vc_row][vc_row][vc_column][vc_single_image image=&#8221;5670005&#8243; img_size=&#8221;full&#8221; alignment=&#8221;center&#8221; el_class=&#8221;image-gallery-set-1-img&#8221;][\/vc_column][\/vc_row][\/vc_section]\n","protected":false},"excerpt":{"rendered":"<p>[vc_row css=&#8221;.vc_custom_1619518745032{background-image: url(https:\/\/www.spitz.at\/wp-content\/uploads\/2021\/04\/1619518393092-scaled.jpg?id=5670545) !important;background-position: center !important;background-repeat: no-repeat !important;background-size: cover !important;}&#8221; el_class=&#8221;custom-header-row&#8221;][vc_column][vc_custom_heading text=&#8221;About Us&#8221; font_container=&#8221;tag:h1|text_align:left&#8221; use_theme_fonts=&#8221;yes&#8221; el_class=&#8221;overhead font-white&#8221;][vc_custom_heading text=&#8221;Spitz Factory Sales&#8221;&#8230;<\/p>\n","protected":false},"author":1,"featured_media":0,"parent":0,"menu_order":0,"comment_status":"closed","ping_status":"closed","template":"","meta":{"_acf_changed":false,"footnotes":""},"categories":[23],"tags":[],"class_list":["post-5673267","page","type-page","status-publish","hentry","category-about-us"],"acf":[],"yoast_head":"<!-- This site is optimized with the Yoast SEO plugin v27.2 - https:\/\/yoast.com\/product\/yoast-seo-wordpress\/ -->\n<title>Spitz Werksverkauf | Shop in Attnang-Puchheim<\/title>\n<meta name=\"description\" content=\"Im Spitz Werksverkauf finden Sie \u2727 feinste Waren frisch aus der Produktion. \u27a5 Jetzt klicken &amp; den Spitz Shop in Attnang-Puchheim finden!\" \/>\n<meta name=\"robots\" content=\"index, follow, max-snippet:-1, max-image-preview:large, max-video-preview:-1\" \/>\n<link rel=\"canonical\" href=\"https:\/\/www.spitz.at\/en\/factory-sales\/\" \/>\n<meta property=\"og:locale\" content=\"en_US\" \/>\n<meta property=\"og:type\" content=\"article\" \/>\n<meta property=\"og:title\" content=\"Spitz Werksverkauf | Shop in Attnang-Puchheim\" \/>\n<meta property=\"og:description\" content=\"Im Spitz Werksverkauf finden Sie \u2727 feinste Waren frisch aus der Produktion. \u27a5 Jetzt klicken &amp; den Spitz Shop in Attnang-Puchheim finden!\" \/>\n<meta property=\"og:url\" content=\"https:\/\/www.spitz.at\/en\/factory-sales\/\" \/>\n<meta property=\"og:site_name\" content=\"Spitz - Getr\u00e4nke- und Lebensmittelhersteller aus \u00d6sterreich\" \/>\n<meta property=\"article:modified_time\" content=\"2023-05-25T06:35:41+00:00\" \/>\n<meta name=\"twitter:card\" content=\"summary_large_image\" \/>\n<meta name=\"twitter:label1\" content=\"Est. reading time\" \/>\n\t<meta name=\"twitter:data1\" content=\"1 minute\" \/>\n<script type=\"application\/ld+json\" class=\"yoast-schema-graph\">{\"@context\":\"https:\/\/schema.org\",\"@graph\":[{\"@type\":\"WebPage\",\"@id\":\"https:\/\/www.spitz.at\/en\/factory-sales\/\",\"url\":\"https:\/\/www.spitz.at\/en\/factory-sales\/\",\"name\":\"Spitz Werksverkauf | Shop in Attnang-Puchheim\",\"isPartOf\":{\"@id\":\"https:\/\/www.spitz.at\/#website\"},\"datePublished\":\"2021-04-14T15:12:02+00:00\",\"dateModified\":\"2023-05-25T06:35:41+00:00\",\"description\":\"Im Spitz Werksverkauf finden Sie \u2727 feinste Waren frisch aus der Produktion. \u27a5 Jetzt klicken & den Spitz Shop in Attnang-Puchheim finden!\",\"breadcrumb\":{\"@id\":\"https:\/\/www.spitz.at\/en\/factory-sales\/#breadcrumb\"},\"inLanguage\":\"en-US\",\"potentialAction\":[{\"@type\":\"ReadAction\",\"target\":[\"https:\/\/www.spitz.at\/en\/factory-sales\/\"]}]},{\"@type\":\"BreadcrumbList\",\"@id\":\"https:\/\/www.spitz.at\/en\/factory-sales\/#breadcrumb\",\"itemListElement\":[{\"@type\":\"ListItem\",\"position\":1,\"name\":\"Startseite\",\"item\":\"https:\/\/www.spitz.at\/en\/startseite\/\"},{\"@type\":\"ListItem\",\"position\":2,\"name\":\"Factory Sales\"}]},{\"@type\":\"WebSite\",\"@id\":\"https:\/\/www.spitz.at\/#website\",\"url\":\"https:\/\/www.spitz.at\/\",\"name\":\"Spitz - Getr\u00e4nke- und Lebensmittelhersteller aus \u00d6sterreich\",\"description\":\"\u00d6sterreichischer Lebensmittel- und Getr\u00e4nkehersteller mit Tradition\",\"potentialAction\":[{\"@type\":\"SearchAction\",\"target\":{\"@type\":\"EntryPoint\",\"urlTemplate\":\"https:\/\/www.spitz.at\/?s={search_term_string}\"},\"query-input\":{\"@type\":\"PropertyValueSpecification\",\"valueRequired\":true,\"valueName\":\"search_term_string\"}}],\"inLanguage\":\"en-US\"}]}<\/script>\n<!-- \/ Yoast SEO plugin. -->","yoast_head_json":{"title":"Spitz Werksverkauf | Shop in Attnang-Puchheim","description":"Im Spitz Werksverkauf finden Sie \u2727 feinste Waren frisch aus der Produktion. \u27a5 Jetzt klicken & den Spitz Shop in Attnang-Puchheim finden!","robots":{"index":"index","follow":"follow","max-snippet":"max-snippet:-1","max-image-preview":"max-image-preview:large","max-video-preview":"max-video-preview:-1"},"canonical":"https:\/\/www.spitz.at\/en\/factory-sales\/","og_locale":"en_US","og_type":"article","og_title":"Spitz Werksverkauf | Shop in Attnang-Puchheim","og_description":"Im Spitz Werksverkauf finden Sie \u2727 feinste Waren frisch aus der Produktion. \u27a5 Jetzt klicken & den Spitz Shop in Attnang-Puchheim finden!","og_url":"https:\/\/www.spitz.at\/en\/factory-sales\/","og_site_name":"Spitz - Getr\u00e4nke- und Lebensmittelhersteller aus \u00d6sterreich","article_modified_time":"2023-05-25T06:35:41+00:00","twitter_card":"summary_large_image","twitter_misc":{"Est. reading time":"1 minute"},"schema":{"@context":"https:\/\/schema.org","@graph":[{"@type":"WebPage","@id":"https:\/\/www.spitz.at\/en\/factory-sales\/","url":"https:\/\/www.spitz.at\/en\/factory-sales\/","name":"Spitz Werksverkauf | Shop in Attnang-Puchheim","isPartOf":{"@id":"https:\/\/www.spitz.at\/#website"},"datePublished":"2021-04-14T15:12:02+00:00","dateModified":"2023-05-25T06:35:41+00:00","description":"Im Spitz Werksverkauf finden Sie \u2727 feinste Waren frisch aus der Produktion. \u27a5 Jetzt klicken & den Spitz Shop in Attnang-Puchheim finden!","breadcrumb":{"@id":"https:\/\/www.spitz.at\/en\/factory-sales\/#breadcrumb"},"inLanguage":"en-US","potentialAction":[{"@type":"ReadAction","target":["https:\/\/www.spitz.at\/en\/factory-sales\/"]}]},{"@type":"BreadcrumbList","@id":"https:\/\/www.spitz.at\/en\/factory-sales\/#breadcrumb","itemListElement":[{"@type":"ListItem","position":1,"name":"Startseite","item":"https:\/\/www.spitz.at\/en\/startseite\/"},{"@type":"ListItem","position":2,"name":"Factory Sales"}]},{"@type":"WebSite","@id":"https:\/\/www.spitz.at\/#website","url":"https:\/\/www.spitz.at\/","name":"Spitz - Getr\u00e4nke- und Lebensmittelhersteller aus \u00d6sterreich","description":"\u00d6sterreichischer Lebensmittel- und Getr\u00e4nkehersteller mit Tradition","potentialAction":[{"@type":"SearchAction","target":{"@type":"EntryPoint","urlTemplate":"https:\/\/www.spitz.at\/?s={search_term_string}"},"query-input":{"@type":"PropertyValueSpecification","valueRequired":true,"valueName":"search_term_string"}}],"inLanguage":"en-US"}]}},"_links":{"self":[{"href":"https:\/\/www.spitz.at\/en\/wp-json\/wp\/v2\/pages\/5673267","targetHints":{"allow":["GET"]}}],"collection":[{"href":"https:\/\/www.spitz.at\/en\/wp-json\/wp\/v2\/pages"}],"about":[{"href":"https:\/\/www.spitz.at\/en\/wp-json\/wp\/v2\/types\/page"}],"author":[{"embeddable":true,"href":"https:\/\/www.spitz.at\/en\/wp-json\/wp\/v2\/users\/1"}],"replies":[{"embeddable":true,"href":"https:\/\/www.spitz.at\/en\/wp-json\/wp\/v2\/comments?post=5673267"}],"version-history":[{"count":2,"href":"https:\/\/www.spitz.at\/en\/wp-json\/wp\/v2\/pages\/5673267\/revisions"}],"predecessor-version":[{"id":5673270,"href":"https:\/\/www.spitz.at\/en\/wp-json\/wp\/v2\/pages\/5673267\/revisions\/5673270"}],"wp:attachment":[{"href":"https:\/\/www.spitz.at\/en\/wp-json\/wp\/v2\/media?parent=5673267"}],"wp:term":[{"taxonomy":"category","embeddable":true,"href":"https:\/\/www.spitz.at\/en\/wp-json\/wp\/v2\/categories?post=5673267"},{"taxonomy":"post_tag","embeddable":true,"href":"https:\/\/www.spitz.at\/en\/wp-json\/wp\/v2\/tags?post=5673267"}],"curies":[{"name":"wp","href":"https:\/\/api.w.org\/{rel}","templated":true}]}}