{"id":5673272,"date":"2023-01-25T10:44:13","date_gmt":"2023-01-25T09:44:13","guid":{"rendered":"https:\/\/www.spitz.at\/expertise\/"},"modified":"2024-07-31T16:11:47","modified_gmt":"2024-07-31T14:11:47","slug":"expertise","status":"publish","type":"page","link":"https:\/\/www.spitz.at\/en\/expertise\/","title":{"rendered":"Our Expertise"},"content":{"rendered":"[vc_row css=&#8221;.vc_custom_1664259383361{background-image: url(https:\/\/www.spitz.at\/wp-content\/uploads\/2022\/09\/Spitz-Produktion-Private-Label-Produkte-1-scaled.jpg?id=5672533) !important;background-position: center !important;background-repeat: no-repeat !important;background-size: cover !important;}&#8221; el_class=&#8221;custom-header-row&#8221;][vc_column][vc_custom_heading text=&#8221;Specialties&#8221; font_container=&#8221;tag:h1|text_align:left&#8221; use_theme_fonts=&#8221;yes&#8221; el_class=&#8221;overhead font-white&#8221;][vc_custom_heading text=&#8221;Our Expertise&#8221; font_container=&#8221;tag:p|text_align:left&#8221; use_theme_fonts=&#8221;yes&#8221; el_class=&#8221;headline1 font-left font-white&#8221;][\/vc_column][\/vc_row][vc_row el_class=&#8221;custom-row gap-top-10 gap-bottom-60 gap-mobile-topbottom-50&#8243;][vc_column][vc_custom_heading text=&#8221;Passion and Profound Expertise&#8221; font_container=&#8221;tag:h2|text_align:center&#8221; use_theme_fonts=&#8221;yes&#8221; el_class=&#8221;headline2 font-left font-red&#8221;]<div class=\"norebro-text-sc paragraph font-black\" \n\tid=\"norebro-custom-69df0fff791c1\" \n\t \n\t>\n\n\t<p style=\"text-align: center;\">Spitz stands for passion and profound expertise in the production and distribution of high-quality food and drinks for the broadest possible customer base. We have earned the trust of customers from every area of the grocery and food production industry.<\/p>\n\t\n<\/div>[vc_row_inner el_class=&#8221;gap-mobile-top-50&#8243;][vc_column_inner el_class=&#8221;text-col-left-textblock gap-top-30 gap-bottom-60 gap-mobile-bottom-50&#8243;][vc_separator color=&#8221;black&#8221;][\/vc_column_inner][\/vc_row_inner][\/vc_column][\/vc_row][vc_row gap=&#8221;35&#8243; el_class=&#8221;custom-row-885 gap-top-80 gap-bottom-90 gap-mobile-topbottom-20&#8243;][vc_column width=&#8221;1\/2&#8243; el_class=&#8221;gap-mobile-top-50&#8243;][vc_single_image image=&#8221;5670435&#8243; img_size=&#8221;full&#8221; el_class=&#8221;icon-listing gap-mobile-bottom-20&#8243;][vc_custom_heading text=&#8221;Competent Consultation&#8221; use_theme_fonts=&#8221;yes&#8221; el_class=&#8221;headline2 font-left font-red&#8221;]<div class=\"norebro-text-sc paragraph font-black\" \n\tid=\"norebro-custom-69df0fff792a3\" \n\t \n\t>\n\n\t<p>As one of the largest food manufacturers, we have a wealth of knowledge and experience to draw upon amongst our team of experts from the various company areas. Spitz also benefits from an extensive network of sectors and outstanding connections with numerous raw material and packaging suppliers. Our expertise in consultation covers all areas of production and distribution, allowing us to provide our customers with optimal competence as an industry partner.<\/p>\n\t\n<\/div>[\/vc_column][vc_column width=&#8221;1\/2&#8243;][vc_single_image image=&#8221;5670549&#8243; img_size=&#8221;full&#8221; el_class=&#8221;icon-listing gap-mobile-bottom-20&#8243;][vc_custom_heading text=&#8221;Technological Expertise&#8221; use_theme_fonts=&#8221;yes&#8221; el_class=&#8221;headline2 font-left font-red&#8221;]<div class=\"norebro-text-sc paragraph font-black\" \n\tid=\"norebro-custom-69df0fff79334\" \n\t \n\t>\n\n\t<p>By investing consistently in cutting-edge technology and constructing new facilities, Spitz ensures constant access to the latest manufacturing, filling and packaging technologies. These are developed in cooperation with the leading facility construction firms, who incorporate a high degree of digitalization and automation. This, along with the operation by highly-trained employees, keeps Spitz&#8217; production processes future-oriented and competitive. Current consumer trends quickly find their way into product implementation.<\/p>\n\t\n<\/div>[\/vc_column][\/vc_row][vc_row gap=&#8221;35&#8243; el_class=&#8221;custom-row-885 gap-top-80 gap-bottom-90 gap-mobile-topbottom-20&#8243; el_id=&#8221;unsere-vision&#8221;][vc_column width=&#8221;1\/2&#8243; el_class=&#8221;gap-mobile-top-50&#8243;][vc_single_image image=&#8221;5670118&#8243; img_size=&#8221;full&#8221; el_class=&#8221;icon-listing gap-mobile-bottom-20&#8243;][vc_custom_heading text=&#8221;Customer-Specific Solutions&#8221; use_theme_fonts=&#8221;yes&#8221; el_class=&#8221;headline2 font-left font-red&#8221;]<div class=\"norebro-text-sc paragraph font-black\" \n\tid=\"norebro-custom-69df0fff793b0\" \n\t \n\t>\n\n\t<p>Spitz does not only stand for popular product concepts and tried-and-true standard solutions. Thanks to the broad spectrum of technologies at our disposal, we can offer unique recipes and diverse packaging options. We are happy to work with you to develop the perfect way to realize your ideas.<\/p>\n\t\n<\/div>[\/vc_column][vc_column width=&#8221;1\/2&#8243;][vc_single_image image=&#8221;5670983&#8243; img_size=&#8221;full&#8221; el_class=&#8221;icon-listing gap-mobile-bottom-20&#8243;][vc_custom_heading text=&#8221;Full Service&#8221; use_theme_fonts=&#8221;yes&#8221; el_class=&#8221;headline2 font-left font-red&#8221;]<div class=\"norebro-text-sc paragraph font-black paragraph-mobile\" \n\tid=\"norebro-custom-69df0fff79432\" \n\t \n\t>\n\n\t<p>Spitz unites all areas of the supply chain in one enterprise, accompanying you from your product concept through to implementation. Our in-house product development and on-site laboratory combine with integrated logistics services to provide all-round service \u2013 from your product&#8217;s development and recipe to its distribution.<\/p>\n\t\n<\/div>[\/vc_column][\/vc_row][vc_row gap=&#8221;35&#8243; el_class=&#8221;custom-row-885 gap-top-80 gap-bottom-90 gap-mobile-topbottom-20&#8243;][vc_column width=&#8221;1\/2&#8243; el_class=&#8221;gap-mobile-top-50&#8243;][vc_single_image image=&#8221;5670438&#8243; img_size=&#8221;full&#8221; el_class=&#8221;icon-listing gap-mobile-bottom-20&#8243;][vc_custom_heading text=&#8221;Years of Experience&#8221; use_theme_fonts=&#8221;yes&#8221; el_class=&#8221;headline2 font-left font-red&#8221;]<div class=\"norebro-text-sc paragraph font-black\" \n\tid=\"norebro-custom-69df0fff794af\" \n\t \n\t>\n\n\t<p>As one of the first private label manufacturers in Austria, Spitz has many years of experience and know-how in the production and distribution of food products at its disposal. For more than 165 years, we offer an impressive and unique assortment of various beverages, waffle products, sliced bread, jams ,sauces, and much more. We are familiar with historical developments as well as the latest market trends and know which products are absolutely essential in the kitchens and pantries of the end consumers.<\/p>\n\t\n<\/div>[\/vc_column][vc_column width=&#8221;1\/2&#8243; el_class=&#8221;gap-mobile-top-50&#8243;][vc_single_image image=&#8221;5670440&#8243; img_size=&#8221;full&#8221; el_class=&#8221;icon-listing gap-mobile-bottom-20&#8243;][vc_custom_heading text=&#8221;100 % Austria&#8221; use_theme_fonts=&#8221;yes&#8221; el_class=&#8221;headline2 font-left font-red&#8221;]<div class=\"norebro-text-sc paragraph font-black\" \n\tid=\"norebro-custom-69df0fff7952b\" \n\t \n\t>\n\n\t<p>Spitz is proud to produce all of its products at the three locations Attnang-Puchheim, Bad Gastein, and Tenneck. This amounts to 100% of added value occurring in Austria, promoting the regional economy and creating jobs in our own country. Each and every product is subject to Austrian quality standards, which are upheld through constant internal checks as well as regular external certification processes conducted by independent supervisory bodies.<\/p>\n\t\n<\/div>[\/vc_column][\/vc_row][vc_row el_class=&#8221;custom-row-colored bg-rosa gap-bottom-80 gap-mobile-top-50&#8243;][vc_column][vc_custom_heading text=&#8221;Our Product Areas&#8221; el_class=&#8221;font-center font-black gap-bottom-40 gap-top-80 gap-mobile-bottom-50&#8243;][vc_row_inner el_class=&#8221;custom-row gap-icon-text gap-top-60 gap-bottom-40&#8243;][vc_column_inner el_class=&#8221;img-col&#8221; width=&#8221;1\/3&#8243;][vc_single_image image=&#8221;5670872&#8243; img_size=&#8221;full&#8221; el_class=&#8221;gap-bottom-30&#8243;][vc_custom_heading text=&#8221;Beverages&#8221; font_container=&#8221;tag:p|text_align:left&#8221; use_theme_fonts=&#8221;yes&#8221; el_class=&#8221;overhead font-not-underline font-black font-center ansprechperson-heading gap-bottom-30&#8243;][vc_btn title=&#8221;More about Beverages&#8221; align=&#8221;left&#8221; el_class=&#8221;button-red button-center ansprechperson-btn&#8221; link=&#8221;url:%2Fleistungen-private-label-und-lohnfuellung%2Fleistungen-getraenke%2F|title:Getr%C3%A4nke&#8221;][\/vc_column_inner][vc_column_inner el_class=&#8221;img-col&#8221; width=&#8221;1\/3&#8243;][vc_single_image image=&#8221;5670690&#8243; img_size=&#8221;full&#8221; el_class=&#8221;gap-bottom-30&#8243;][vc_custom_heading text=&#8221;Confectionery and Baked Goods&#8221; font_container=&#8221;tag:p|text_align:left&#8221; use_theme_fonts=&#8221;yes&#8221; el_class=&#8221;overhead font-not-underline font-black font-center ansprechperson-heading gap-bottom-30&#8243;][vc_btn title=&#8221;More about Convectionery and Baked Goods&#8221; align=&#8221;left&#8221; el_class=&#8221;button-red button-center ansprechperson-btn&#8221; link=&#8221;url:%2Fleistungen-private-label-und-lohnfuellung%2Fleistungen-suess-backwaren%2F&#8221;][\/vc_column_inner][vc_column_inner el_class=&#8221;img-col&#8221; width=&#8221;1\/3&#8243;][vc_single_image image=&#8221;5670404&#8243; img_size=&#8221;full&#8221; el_class=&#8221;gap-bottom-30&#8243;][vc_custom_heading text=&#8221;Sweet and Sovoury&#8221; font_container=&#8221;tag:p|text_align:left&#8221; use_theme_fonts=&#8221;yes&#8221; el_class=&#8221;overhead font-not-underline font-black font-center ansprechperson-heading gap-bottom-30&#8243;][vc_btn title=&#8221;More about Sweet and Savoury Products&#8221; el_class=&#8221;button-red button-center ansprechperson-btn&#8221; link=&#8221;url:%2Fleistungen-private-label-und-lohnfuellung%2Fleistungen-suess-und-sauer%2F&#8221;][\/vc_column_inner][\/vc_row_inner][\/vc_column][\/vc_row][vc_row el_class=&#8221;custom-row-885 gap-topbottom-10 gap-mobile-bottom-50&#8243;][vc_column][vc_custom_heading text=&#8221;Certificates&#8221; el_class=&#8221;font-center font-black gap-bottom-40&#8243;]<div class=\"norebro-text-sc paragraph font-black font-center\" \n\tid=\"norebro-custom-69df0fff795aa\" \n\t \n\t>\n\n\t<p>Exacting quality criteria in raw material selection, an integrated quality and process management in our business processes, and sophisticated audit management are all integral components of Spitz&#8217; company practices. Multiple renowned certifications are proof of our high standards of quality.<\/p>\n\t\n<\/div>[vc_row_inner el_class=&#8221;icon-listing-three-col gap-icon-text gap-top-60 gap-bottom-120 gap-mobile-top-60&#8243;][vc_column_inner width=&#8221;1\/3&#8243;][vc_single_image image=&#8221;5671224&#8243; img_size=&#8221;full&#8221; el_class=&#8221;icon-listing gap-bottom-30&#8243;]<div class=\"norebro-text-sc headline3 font-black font-center gap-mobile-topbottom-20\" \n\tid=\"norebro-custom-69df0fff7960d\" \n\t \n\t>\n\n\t<p>IFS<\/p>\n\t\n<\/div>[\/vc_column_inner][vc_column_inner width=&#8221;1\/3&#8243;][vc_single_image image=&#8221;5670721&#8243; img_size=&#8221;full&#8221; el_class=&#8221;icon-listing gap-bottom-30&#8243;]<div class=\"norebro-text-sc headline3 font-black font-center gap-mobile-topbottom-20\" \n\tid=\"norebro-custom-69df0fff79673\" \n\t \n\t>\n\n\t<p>ISO<\/p>\n\t\n<\/div>[\/vc_column_inner][vc_column_inner width=&#8221;1\/3&#8243;][vc_single_image image=&#8221;5670718&#8243; img_size=&#8221;full&#8221; el_class=&#8221;icon-listing gap-bottom-30&#8243;]<div class=\"norebro-text-sc headline3 font-black font-center gap-mobile-topbottom-20\" \n\tid=\"norebro-custom-69df0fff796d5\" \n\t \n\t>\n\n\t<p>BIO<\/p>\n\t\n<\/div>[\/vc_column_inner][\/vc_row_inner][vc_row_inner el_class=&#8221;icon-listing-three-col gap-icon-text gap-top-60 gap-bottom-120&#8243;][vc_column_inner width=&#8221;1\/3&#8243;][vc_single_image image=&#8221;5670719&#8243; img_size=&#8221;full&#8221; el_class=&#8221;icon-listing gap-bottom-30&#8243;]<div class=\"norebro-text-sc headline3 font-black font-center gap-mobile-topbottom-20\" \n\tid=\"norebro-custom-69df0fff7973c\" \n\t \n\t>\n\n\t<p>Gentechnikfrei<\/p>\n\t\n<\/div>[\/vc_column_inner][vc_column_inner width=&#8221;1\/3&#8243;][vc_single_image image=&#8221;5671387&#8243; img_size=&#8221;full&#8221; el_class=&#8221;icon-listing gap-bottom-30&#8243;]<div class=\"norebro-text-sc headline3 font-black font-center gap-mobile-topbottom-20\" \n\tid=\"norebro-custom-69df0fff797a1\" \n\t \n\t>\n\n\t<p>RFA<\/p>\n\t\n<\/div>[\/vc_column_inner][vc_column_inner width=&#8221;1\/3&#8243;][vc_single_image image=&#8221;5670722&#8243; img_size=&#8221;full&#8221; el_class=&#8221;icon-listing gap-bottom-30&#8243;]<div class=\"norebro-text-sc headline3 font-black font-center gap-mobile-topbottom-20\" \n\tid=\"norebro-custom-69df0fff79805\" \n\t \n\t>\n\n\t<p>RSPO<\/p>\n\t\n<\/div><div class=\"norebro-text-sc paragraph font-black font-center\" \n\tid=\"norebro-custom-69df0fff7986e\" \n\t \n\t>\n\n\t<p>Check our progress<br \/>\nat <a href=\"https:\/\/rspo.org\/members\/4-0270-12-000-00\/\">www.rspo.org<\/a><\/p>\n\t\n<\/div>[\/vc_column_inner][\/vc_row_inner][\/vc_column][\/vc_row]\n","protected":false},"excerpt":{"rendered":"<p>[vc_row css=&#8221;.vc_custom_1664259383361{background-image: url(https:\/\/www.spitz.at\/wp-content\/uploads\/2022\/09\/Spitz-Produktion-Private-Label-Produkte-1-scaled.jpg?id=5672533) !important;background-position: center !important;background-repeat: no-repeat !important;background-size: cover !important;}&#8221; el_class=&#8221;custom-header-row&#8221;][vc_column][vc_custom_heading text=&#8221;Specialties&#8221; font_container=&#8221;tag:h1|text_align:left&#8221; use_theme_fonts=&#8221;yes&#8221; el_class=&#8221;overhead font-white&#8221;][vc_custom_heading text=&#8221;Our Expertise&#8221; font_container=&#8221;tag:p|text_align:left&#8221; use_theme_fonts=&#8221;yes&#8221;&#8230;<\/p>\n","protected":false},"author":10,"featured_media":0,"parent":0,"menu_order":0,"comment_status":"closed","ping_status":"closed","template":"","meta":{"_acf_changed":false,"footnotes":""},"categories":[29],"tags":[],"class_list":["post-5673272","page","type-page","status-publish","hentry","category-competences"],"acf":[],"yoast_head":"<!-- This site is optimized with the Yoast SEO plugin v27.2 - https:\/\/yoast.com\/product\/yoast-seo-wordpress\/ -->\n<title>Food and beverage manufacturer in Austria | Your expert in the food industry<\/title>\n<meta name=\"description\" content=\"As a beverage manufacturer, Spitz offers highly modern production systems and the highest quality. Are you looking for contract fillers for cans, PET or glass? Get in touch with us!\" \/>\n<meta name=\"robots\" content=\"index, follow, max-snippet:-1, max-image-preview:large, max-video-preview:-1\" \/>\n<link rel=\"canonical\" href=\"https:\/\/www.spitz.at\/en\/expertise\/\" \/>\n<meta property=\"og:locale\" content=\"en_US\" \/>\n<meta property=\"og:type\" content=\"article\" \/>\n<meta property=\"og:title\" content=\"Spitz: Your leading manufacturer for food, private labeling, contract fillers and co-packing in Austria\" \/>\n<meta property=\"og:description\" content=\"Spitz stands for quality and innovation in the food and beverage industry. With our expertise in food production and our high-quality products, we set standards in the food industry in Austria.\" \/>\n<meta property=\"og:url\" content=\"https:\/\/www.spitz.at\/en\/expertise\/\" \/>\n<meta property=\"og:site_name\" content=\"Spitz - Getr\u00e4nke- und Lebensmittelhersteller aus \u00d6sterreich\" \/>\n<meta property=\"article:modified_time\" content=\"2024-07-31T14:11:47+00:00\" \/>\n<meta name=\"twitter:card\" content=\"summary_large_image\" \/>\n<meta name=\"twitter:label1\" content=\"Est. reading time\" \/>\n\t<meta name=\"twitter:data1\" content=\"5 minutes\" \/>\n<script type=\"application\/ld+json\" class=\"yoast-schema-graph\">{\"@context\":\"https:\/\/schema.org\",\"@graph\":[{\"@type\":\"WebPage\",\"@id\":\"https:\/\/www.spitz.at\/en\/expertise\/\",\"url\":\"https:\/\/www.spitz.at\/en\/expertise\/\",\"name\":\"Food and beverage manufacturer in Austria | Your expert in the food industry\",\"isPartOf\":{\"@id\":\"https:\/\/www.spitz.at\/#website\"},\"datePublished\":\"2023-01-25T09:44:13+00:00\",\"dateModified\":\"2024-07-31T14:11:47+00:00\",\"description\":\"As a beverage manufacturer, Spitz offers highly modern production systems and the highest quality. Are you looking for contract fillers for cans, PET or glass? Get in touch with us!\",\"breadcrumb\":{\"@id\":\"https:\/\/www.spitz.at\/en\/expertise\/#breadcrumb\"},\"inLanguage\":\"en-US\",\"potentialAction\":[{\"@type\":\"ReadAction\",\"target\":[\"https:\/\/www.spitz.at\/en\/expertise\/\"]}]},{\"@type\":\"BreadcrumbList\",\"@id\":\"https:\/\/www.spitz.at\/en\/expertise\/#breadcrumb\",\"itemListElement\":[{\"@type\":\"ListItem\",\"position\":1,\"name\":\"Startseite\",\"item\":\"https:\/\/www.spitz.at\/en\/startseite\/\"},{\"@type\":\"ListItem\",\"position\":2,\"name\":\"Our Expertise\"}]},{\"@type\":\"WebSite\",\"@id\":\"https:\/\/www.spitz.at\/#website\",\"url\":\"https:\/\/www.spitz.at\/\",\"name\":\"Spitz - Getr\u00e4nke- und Lebensmittelhersteller aus \u00d6sterreich\",\"description\":\"\u00d6sterreichischer Lebensmittel- und Getr\u00e4nkehersteller mit Tradition\",\"potentialAction\":[{\"@type\":\"SearchAction\",\"target\":{\"@type\":\"EntryPoint\",\"urlTemplate\":\"https:\/\/www.spitz.at\/?s={search_term_string}\"},\"query-input\":{\"@type\":\"PropertyValueSpecification\",\"valueRequired\":true,\"valueName\":\"search_term_string\"}}],\"inLanguage\":\"en-US\"}]}<\/script>\n<!-- \/ Yoast SEO plugin. -->","yoast_head_json":{"title":"Food and beverage manufacturer in Austria | Your expert in the food industry","description":"As a beverage manufacturer, Spitz offers highly modern production systems and the highest quality. Are you looking for contract fillers for cans, PET or glass? Get in touch with us!","robots":{"index":"index","follow":"follow","max-snippet":"max-snippet:-1","max-image-preview":"max-image-preview:large","max-video-preview":"max-video-preview:-1"},"canonical":"https:\/\/www.spitz.at\/en\/expertise\/","og_locale":"en_US","og_type":"article","og_title":"Spitz: Your leading manufacturer for food, private labeling, contract fillers and co-packing in Austria","og_description":"Spitz stands for quality and innovation in the food and beverage industry. With our expertise in food production and our high-quality products, we set standards in the food industry in Austria.","og_url":"https:\/\/www.spitz.at\/en\/expertise\/","og_site_name":"Spitz - Getr\u00e4nke- und Lebensmittelhersteller aus \u00d6sterreich","article_modified_time":"2024-07-31T14:11:47+00:00","twitter_card":"summary_large_image","twitter_misc":{"Est. reading time":"5 minutes"},"schema":{"@context":"https:\/\/schema.org","@graph":[{"@type":"WebPage","@id":"https:\/\/www.spitz.at\/en\/expertise\/","url":"https:\/\/www.spitz.at\/en\/expertise\/","name":"Food and beverage manufacturer in Austria | Your expert in the food industry","isPartOf":{"@id":"https:\/\/www.spitz.at\/#website"},"datePublished":"2023-01-25T09:44:13+00:00","dateModified":"2024-07-31T14:11:47+00:00","description":"As a beverage manufacturer, Spitz offers highly modern production systems and the highest quality. Are you looking for contract fillers for cans, PET or glass? Get in touch with us!","breadcrumb":{"@id":"https:\/\/www.spitz.at\/en\/expertise\/#breadcrumb"},"inLanguage":"en-US","potentialAction":[{"@type":"ReadAction","target":["https:\/\/www.spitz.at\/en\/expertise\/"]}]},{"@type":"BreadcrumbList","@id":"https:\/\/www.spitz.at\/en\/expertise\/#breadcrumb","itemListElement":[{"@type":"ListItem","position":1,"name":"Startseite","item":"https:\/\/www.spitz.at\/en\/startseite\/"},{"@type":"ListItem","position":2,"name":"Our Expertise"}]},{"@type":"WebSite","@id":"https:\/\/www.spitz.at\/#website","url":"https:\/\/www.spitz.at\/","name":"Spitz - Getr\u00e4nke- und Lebensmittelhersteller aus \u00d6sterreich","description":"\u00d6sterreichischer Lebensmittel- und Getr\u00e4nkehersteller mit Tradition","potentialAction":[{"@type":"SearchAction","target":{"@type":"EntryPoint","urlTemplate":"https:\/\/www.spitz.at\/?s={search_term_string}"},"query-input":{"@type":"PropertyValueSpecification","valueRequired":true,"valueName":"search_term_string"}}],"inLanguage":"en-US"}]}},"_links":{"self":[{"href":"https:\/\/www.spitz.at\/en\/wp-json\/wp\/v2\/pages\/5673272","targetHints":{"allow":["GET"]}}],"collection":[{"href":"https:\/\/www.spitz.at\/en\/wp-json\/wp\/v2\/pages"}],"about":[{"href":"https:\/\/www.spitz.at\/en\/wp-json\/wp\/v2\/types\/page"}],"author":[{"embeddable":true,"href":"https:\/\/www.spitz.at\/en\/wp-json\/wp\/v2\/users\/10"}],"replies":[{"embeddable":true,"href":"https:\/\/www.spitz.at\/en\/wp-json\/wp\/v2\/comments?post=5673272"}],"version-history":[{"count":6,"href":"https:\/\/www.spitz.at\/en\/wp-json\/wp\/v2\/pages\/5673272\/revisions"}],"predecessor-version":[{"id":5677519,"href":"https:\/\/www.spitz.at\/en\/wp-json\/wp\/v2\/pages\/5673272\/revisions\/5677519"}],"wp:attachment":[{"href":"https:\/\/www.spitz.at\/en\/wp-json\/wp\/v2\/media?parent=5673272"}],"wp:term":[{"taxonomy":"category","embeddable":true,"href":"https:\/\/www.spitz.at\/en\/wp-json\/wp\/v2\/categories?post=5673272"},{"taxonomy":"post_tag","embeddable":true,"href":"https:\/\/www.spitz.at\/en\/wp-json\/wp\/v2\/tags?post=5673272"}],"curies":[{"name":"wp","href":"https:\/\/api.w.org\/{rel}","templated":true}]}}