{"id":5673275,"date":"2021-04-15T15:53:58","date_gmt":"2021-04-15T13:53:58","guid":{"rendered":"https:\/\/www.spitz.at\/private-label-und-lohnfuellung\/"},"modified":"2023-07-19T08:07:54","modified_gmt":"2023-07-19T06:07:54","slug":"private-label-and-contract-filling","status":"publish","type":"page","link":"https:\/\/www.spitz.at\/en\/private-label-and-contract-filling\/","title":{"rendered":"Private Label and Contract Filling"},"content":{"rendered":"[vc_row css=&#8221;.vc_custom_1664259383361{background-image: url(https:\/\/www.spitz.at\/wp-content\/uploads\/2022\/09\/Spitz-Produktion-Private-Label-Produkte-1-scaled.jpg?id=5672533) !important;background-position: center !important;background-repeat: no-repeat !important;background-size: cover !important;}&#8221; el_class=&#8221;custom-header-row&#8221;][vc_column][vc_custom_heading text=&#8221;Specialties&#8221; font_container=&#8221;tag:h1|text_align:left&#8221; use_theme_fonts=&#8221;yes&#8221; el_class=&#8221;overhead font-white&#8221;][vc_custom_heading text=&#8221;Private Label and Contract Filling&#8221; font_container=&#8221;tag:p|text_align:left&#8221; use_theme_fonts=&#8221;yes&#8221; el_class=&#8221;headline1 font-left font-white&#8221;][\/vc_column][\/vc_row][vc_row el_class=&#8221;custom-row gap-top-10 gap-bottom-60 gap-mobile-topbottom-50&#8243;][vc_column][vc_row_inner el_class=&#8221;gap-mobile-top-50&#8243;][vc_column_inner el_class=&#8221;text-col-left-textblock gap-top-30 gap-bottom-60 gap-mobile-bottom-50&#8243; width=&#8221;1\/2&#8243;][vc_custom_heading text=&#8221;Private Label&#8221; use_theme_fonts=&#8221;yes&#8221; el_class=&#8221;headline2 font-left font-red gap-bottom-10&#8243;]<div class=\"norebro-text-sc paragraph font-black\" \n\tid=\"norebro-custom-69def9d6a7e4a\" \n\t \n\t>\n\n\t<p>Spitz stands for the utmost expertise in private label projects. Our partners in the food industry trust in our comprehensive experience in the development and production of high-quality and innovative products that are always oriented towards customer needs.<\/p>\n<p>As a strong partner in the private label area, we accompany our clients from market analysis to product development and production at our location in Attnang-Puchheim and the product launch on the respective market.<\/p>\n\t\n<\/div>[\/vc_column_inner][vc_column_inner el_class=&#8221;text-col-right gap-topbottom-30&#8243; width=&#8221;1\/2&#8243;][vc_custom_heading text=&#8221;Contract Filling&#8221; use_theme_fonts=&#8221;yes&#8221; el_class=&#8221;headline2 font-left font-red gap-bottom-10&#8243; css=&#8221;.vc_custom_1677145513085{margin-bottom: 20px !important;}&#8221;]<div class=\"norebro-text-sc paragraph font-black\" \n\tid=\"norebro-custom-69def9d6a7ed7\" \n\t \n\t>\n\n\t<p>Spitz is also the right place to go on the search for a professional partner for your project. After all, Spitz is one of the most multifaceted contract fillers in Austria, with extensive expertise and many years of experience.<\/p>\n\t\n<\/div>[\/vc_column_inner][\/vc_row_inner][\/vc_column][\/vc_row][vc_row el_class=&#8221;custom-row-colored bg-rosa gap-bottom-80 gap-mobile-top-50&#8243;][vc_column][vc_custom_heading text=&#8221;Our Product Areas&#8221; el_class=&#8221;font-center font-black gap-bottom-40 gap-top-80 gap-mobile-bottom-50&#8243;][vc_row_inner el_class=&#8221;custom-row gap-icon-text gap-top-60 gap-bottom-40&#8243;][vc_column_inner el_class=&#8221;img-col&#8221; width=&#8221;1\/3&#8243;][vc_single_image image=&#8221;5670872&#8243; img_size=&#8221;full&#8221; el_class=&#8221;gap-bottom-30&#8243;][vc_custom_heading text=&#8221;Beverages&#8221; font_container=&#8221;tag:p|text_align:left&#8221; use_theme_fonts=&#8221;yes&#8221; el_class=&#8221;overhead font-not-underline font-black font-center ansprechperson-heading gap-bottom-30&#8243;][vc_btn title=&#8221;More about Beverages&#8221; align=&#8221;left&#8221; el_class=&#8221;button-red button-center ansprechperson-btn&#8221; link=&#8221;url:%2Fen%2Fprivate-label-and-contract-filling%2Fbeverages%2F|title:Getr%C3%A4nke&#8221;][\/vc_column_inner][vc_column_inner el_class=&#8221;img-col&#8221; width=&#8221;1\/3&#8243;][vc_single_image image=&#8221;5670690&#8243; img_size=&#8221;full&#8221; el_class=&#8221;gap-bottom-30&#8243;][vc_custom_heading text=&#8221;Confectionery and Baked Goods&#8221; font_container=&#8221;tag:p|text_align:left&#8221; use_theme_fonts=&#8221;yes&#8221; el_class=&#8221;overhead font-not-underline font-black font-center ansprechperson-heading gap-bottom-30&#8243;][vc_btn title=&#8221;More about Confectionery and Baked Goods&#8221; align=&#8221;left&#8221; el_class=&#8221;button-red button-center ansprechperson-btn&#8221; link=&#8221;url:%2Fen%2Fprivate-label-and-contract-filling%2Fconfectionery-and-baked-goods%2F&#8221;][\/vc_column_inner][vc_column_inner el_class=&#8221;img-col&#8221; width=&#8221;1\/3&#8243;][vc_single_image image=&#8221;5670404&#8243; img_size=&#8221;full&#8221; el_class=&#8221;gap-bottom-30&#8243;][vc_custom_heading text=&#8221;Sweet and Savoury&#8221; font_container=&#8221;tag:p|text_align:left&#8221; use_theme_fonts=&#8221;yes&#8221; el_class=&#8221;overhead font-not-underline font-black font-center ansprechperson-heading gap-bottom-30&#8243;][vc_btn title=&#8221;More about Sweet and Savoury Products&#8221; el_class=&#8221;button-red button-center ansprechperson-btn&#8221; link=&#8221;url:%2Fen%2Fprivate-label-and-contract-filling%2Fsweet-savoury%2F&#8221;][\/vc_column_inner][\/vc_row_inner][\/vc_column][\/vc_row]\n","protected":false},"excerpt":{"rendered":"<p>[vc_row css=&#8221;.vc_custom_1664259383361{background-image: url(https:\/\/www.spitz.at\/wp-content\/uploads\/2022\/09\/Spitz-Produktion-Private-Label-Produkte-1-scaled.jpg?id=5672533) !important;background-position: center !important;background-repeat: no-repeat !important;background-size: cover !important;}&#8221; el_class=&#8221;custom-header-row&#8221;][vc_column][vc_custom_heading text=&#8221;Specialties&#8221; font_container=&#8221;tag:h1|text_align:left&#8221; use_theme_fonts=&#8221;yes&#8221; el_class=&#8221;overhead font-white&#8221;][vc_custom_heading text=&#8221;Private Label and Contract&#8230;<\/p>\n","protected":false},"author":10,"featured_media":0,"parent":0,"menu_order":0,"comment_status":"closed","ping_status":"closed","template":"","meta":{"_acf_changed":false,"footnotes":""},"categories":[29],"tags":[],"class_list":["post-5673275","page","type-page","status-publish","hentry","category-competences"],"acf":[],"yoast_head":"<!-- This site is optimized with the Yoast SEO plugin v27.2 - https:\/\/yoast.com\/product\/yoast-seo-wordpress\/ -->\n<title>Private Labeling and Contract Filling Austria<\/title>\n<meta name=\"description\" content=\"Are you looking for a private labeling and contract filling specialist in Austria? \u2714 Spitz is the right partner for you! \u27a5 Inquire now!\" \/>\n<meta name=\"robots\" content=\"index, follow, max-snippet:-1, max-image-preview:large, max-video-preview:-1\" \/>\n<link rel=\"canonical\" href=\"https:\/\/www.spitz.at\/en\/private-label-and-contract-filling\/\" \/>\n<meta property=\"og:locale\" content=\"en_US\" \/>\n<meta property=\"og:type\" content=\"article\" \/>\n<meta property=\"og:title\" content=\"Private Labeling and Contract Filling Austria\" \/>\n<meta property=\"og:description\" content=\"Are you looking for a private labeling and contract filling specialist in Austria? \u2714 Spitz is the right partner for you! \u27a5 Inquire now!\" \/>\n<meta property=\"og:url\" content=\"https:\/\/www.spitz.at\/en\/private-label-and-contract-filling\/\" \/>\n<meta property=\"og:site_name\" content=\"Spitz - Getr\u00e4nke- und Lebensmittelhersteller aus \u00d6sterreich\" \/>\n<meta property=\"article:modified_time\" content=\"2023-07-19T06:07:54+00:00\" \/>\n<meta name=\"twitter:card\" content=\"summary_large_image\" \/>\n<meta name=\"twitter:label1\" content=\"Est. reading time\" \/>\n\t<meta name=\"twitter:data1\" content=\"2 minutes\" \/>\n<script type=\"application\/ld+json\" class=\"yoast-schema-graph\">{\"@context\":\"https:\/\/schema.org\",\"@graph\":[{\"@type\":\"WebPage\",\"@id\":\"https:\/\/www.spitz.at\/en\/private-label-and-contract-filling\/\",\"url\":\"https:\/\/www.spitz.at\/en\/private-label-and-contract-filling\/\",\"name\":\"Private Labeling and Contract Filling Austria\",\"isPartOf\":{\"@id\":\"https:\/\/www.spitz.at\/#website\"},\"datePublished\":\"2021-04-15T13:53:58+00:00\",\"dateModified\":\"2023-07-19T06:07:54+00:00\",\"description\":\"Are you looking for a private labeling and contract filling specialist in Austria? \u2714 Spitz is the right partner for you! \u27a5 Inquire now!\",\"breadcrumb\":{\"@id\":\"https:\/\/www.spitz.at\/en\/private-label-and-contract-filling\/#breadcrumb\"},\"inLanguage\":\"en-US\",\"potentialAction\":[{\"@type\":\"ReadAction\",\"target\":[\"https:\/\/www.spitz.at\/en\/private-label-and-contract-filling\/\"]}]},{\"@type\":\"BreadcrumbList\",\"@id\":\"https:\/\/www.spitz.at\/en\/private-label-and-contract-filling\/#breadcrumb\",\"itemListElement\":[{\"@type\":\"ListItem\",\"position\":1,\"name\":\"Startseite\",\"item\":\"https:\/\/www.spitz.at\/en\/startseite\/\"},{\"@type\":\"ListItem\",\"position\":2,\"name\":\"Private Label and Contract Filling\"}]},{\"@type\":\"WebSite\",\"@id\":\"https:\/\/www.spitz.at\/#website\",\"url\":\"https:\/\/www.spitz.at\/\",\"name\":\"Spitz - Getr\u00e4nke- und Lebensmittelhersteller aus \u00d6sterreich\",\"description\":\"\u00d6sterreichischer Lebensmittel- und Getr\u00e4nkehersteller mit Tradition\",\"potentialAction\":[{\"@type\":\"SearchAction\",\"target\":{\"@type\":\"EntryPoint\",\"urlTemplate\":\"https:\/\/www.spitz.at\/?s={search_term_string}\"},\"query-input\":{\"@type\":\"PropertyValueSpecification\",\"valueRequired\":true,\"valueName\":\"search_term_string\"}}],\"inLanguage\":\"en-US\"}]}<\/script>\n<!-- \/ Yoast SEO plugin. -->","yoast_head_json":{"title":"Private Labeling and Contract Filling Austria","description":"Are you looking for a private labeling and contract filling specialist in Austria? \u2714 Spitz is the right partner for you! \u27a5 Inquire now!","robots":{"index":"index","follow":"follow","max-snippet":"max-snippet:-1","max-image-preview":"max-image-preview:large","max-video-preview":"max-video-preview:-1"},"canonical":"https:\/\/www.spitz.at\/en\/private-label-and-contract-filling\/","og_locale":"en_US","og_type":"article","og_title":"Private Labeling and Contract Filling Austria","og_description":"Are you looking for a private labeling and contract filling specialist in Austria? \u2714 Spitz is the right partner for you! \u27a5 Inquire now!","og_url":"https:\/\/www.spitz.at\/en\/private-label-and-contract-filling\/","og_site_name":"Spitz - Getr\u00e4nke- und Lebensmittelhersteller aus \u00d6sterreich","article_modified_time":"2023-07-19T06:07:54+00:00","twitter_card":"summary_large_image","twitter_misc":{"Est. reading time":"2 minutes"},"schema":{"@context":"https:\/\/schema.org","@graph":[{"@type":"WebPage","@id":"https:\/\/www.spitz.at\/en\/private-label-and-contract-filling\/","url":"https:\/\/www.spitz.at\/en\/private-label-and-contract-filling\/","name":"Private Labeling and Contract Filling Austria","isPartOf":{"@id":"https:\/\/www.spitz.at\/#website"},"datePublished":"2021-04-15T13:53:58+00:00","dateModified":"2023-07-19T06:07:54+00:00","description":"Are you looking for a private labeling and contract filling specialist in Austria? \u2714 Spitz is the right partner for you! \u27a5 Inquire now!","breadcrumb":{"@id":"https:\/\/www.spitz.at\/en\/private-label-and-contract-filling\/#breadcrumb"},"inLanguage":"en-US","potentialAction":[{"@type":"ReadAction","target":["https:\/\/www.spitz.at\/en\/private-label-and-contract-filling\/"]}]},{"@type":"BreadcrumbList","@id":"https:\/\/www.spitz.at\/en\/private-label-and-contract-filling\/#breadcrumb","itemListElement":[{"@type":"ListItem","position":1,"name":"Startseite","item":"https:\/\/www.spitz.at\/en\/startseite\/"},{"@type":"ListItem","position":2,"name":"Private Label and Contract Filling"}]},{"@type":"WebSite","@id":"https:\/\/www.spitz.at\/#website","url":"https:\/\/www.spitz.at\/","name":"Spitz - Getr\u00e4nke- und Lebensmittelhersteller aus \u00d6sterreich","description":"\u00d6sterreichischer Lebensmittel- und Getr\u00e4nkehersteller mit Tradition","potentialAction":[{"@type":"SearchAction","target":{"@type":"EntryPoint","urlTemplate":"https:\/\/www.spitz.at\/?s={search_term_string}"},"query-input":{"@type":"PropertyValueSpecification","valueRequired":true,"valueName":"search_term_string"}}],"inLanguage":"en-US"}]}},"_links":{"self":[{"href":"https:\/\/www.spitz.at\/en\/wp-json\/wp\/v2\/pages\/5673275","targetHints":{"allow":["GET"]}}],"collection":[{"href":"https:\/\/www.spitz.at\/en\/wp-json\/wp\/v2\/pages"}],"about":[{"href":"https:\/\/www.spitz.at\/en\/wp-json\/wp\/v2\/types\/page"}],"author":[{"embeddable":true,"href":"https:\/\/www.spitz.at\/en\/wp-json\/wp\/v2\/users\/10"}],"replies":[{"embeddable":true,"href":"https:\/\/www.spitz.at\/en\/wp-json\/wp\/v2\/comments?post=5673275"}],"version-history":[{"count":6,"href":"https:\/\/www.spitz.at\/en\/wp-json\/wp\/v2\/pages\/5673275\/revisions"}],"predecessor-version":[{"id":5674386,"href":"https:\/\/www.spitz.at\/en\/wp-json\/wp\/v2\/pages\/5673275\/revisions\/5674386"}],"wp:attachment":[{"href":"https:\/\/www.spitz.at\/en\/wp-json\/wp\/v2\/media?parent=5673275"}],"wp:term":[{"taxonomy":"category","embeddable":true,"href":"https:\/\/www.spitz.at\/en\/wp-json\/wp\/v2\/categories?post=5673275"},{"taxonomy":"post_tag","embeddable":true,"href":"https:\/\/www.spitz.at\/en\/wp-json\/wp\/v2\/tags?post=5673275"}],"curies":[{"name":"wp","href":"https:\/\/api.w.org\/{rel}","templated":true}]}}