{"id":5673280,"date":"2021-04-12T16:16:42","date_gmt":"2021-04-12T14:16:42","guid":{"rendered":"https:\/\/www.spitz.at\/private-label-and-contract-filling\/getraenke\/"},"modified":"2024-07-31T16:19:58","modified_gmt":"2024-07-31T14:19:58","slug":"beverages","status":"publish","type":"page","link":"https:\/\/www.spitz.at\/en\/private-label-and-contract-filling\/beverages\/","title":{"rendered":"Beverages"},"content":{"rendered":"[vc_row css=&#8221;.vc_custom_1619519354422{background-image: url(https:\/\/www.spitz.at\/wp-content\/uploads\/2021\/04\/SPITZ_PRODUKT_LIFESTYLESHOTS_2021_HIMMELBAUER_103.jpg?id=5670416) !important;background-position: center !important;background-repeat: no-repeat !important;background-size: cover !important;}&#8221; el_class=&#8221;custom-header-row&#8221;][vc_column][vc_custom_heading text=&#8221;Private Label and Contract Filling&#8221; font_container=&#8221;tag:h1|text_align:left&#8221; use_theme_fonts=&#8221;yes&#8221; el_class=&#8221;overhead font-white&#8221;][vc_custom_heading text=&#8221;Beverages&#8221; font_container=&#8221;tag:p|text_align:left&#8221; use_theme_fonts=&#8221;yes&#8221; el_class=&#8221;headline1 font-left font-white&#8221;][\/vc_column][\/vc_row][vc_row el_class=&#8221;custom-row-wide gap-topbottom-100 gap-mobile-top-50&#8243;][vc_column][vc_row_inner][vc_column_inner el_class=&#8221;text-col-left&#8221; width=&#8221;1\/6&#8243;][\/vc_column_inner][vc_column_inner width=&#8221;2\/3&#8243;][vc_custom_heading text=&#8221;Your professional partner for beverages&#8221; use_theme_fonts=&#8221;yes&#8221; el_class=&#8221;headline2 font-left font-red gap-bottom-10&#8243;]<div class=\"norebro-text-sc paragraph font-black gap-bottom-30\" \n\tid=\"norebro-custom-69d078b3ac142\" \n\t \n\t>\n\n\t<div class=\"ewa-rteLine\" style=\"text-align: left;\">As one of the largest beverage producers and fillers, Spitz uses state-of-the-art production facilities with the highest of hygiene and food safety standards. We are equipped with, among other machinery, two cutting-edge high-performance can lines and a cleanroom\/aseptic filling facility. Many other technologies allow us to manufacture a wide array of beverages from various ingredients, combined with numerous packaging options.<\/div>\n<div class=\"ewa-rteLine\" style=\"text-align: left;\">The result is a broad selection of solutions tailored to each customer. These range from energy drinks and syrups to freshly brewed tea drinks and ready-to-drink alcoholic cocktails.<\/div>\n\t\n<\/div>[\/vc_column_inner][vc_column_inner width=&#8221;1\/6&#8243;][\/vc_column_inner][\/vc_row_inner][\/vc_column][\/vc_row][vc_section el_id=&#8221;image-gallery-set-1-section&#8221;][vc_row][vc_column width=&#8221;1\/2&#8243;][vc_single_image image=&#8221;5670529&#8243; img_size=&#8221;full&#8221; el_class=&#8221;image-gallery-set-1-img&#8221;][\/vc_column][vc_column width=&#8221;1\/2&#8243;][vc_single_image image=&#8221;5670520&#8243; img_size=&#8221;full&#8221; el_class=&#8221;image-gallery-set-1-img&#8221;][\/vc_column][\/vc_row][vc_row][vc_column][vc_single_image image=&#8221;5670551&#8243; img_size=&#8221;full&#8221; el_class=&#8221;image-gallery-set-1-img&#8221;][\/vc_column][\/vc_row][\/vc_section][vc_row el_class=&#8221;custom-row gap-top-100&#8243; el_id=&#8221;zwei-spalten-box&#8221;][vc_column][vc_custom_heading text=&#8221;Our Product Portfolio&#8221; el_class=&#8221;font-center font-black gap-bottom-40 gap-mobile-topbottom-50 gap-mobile-bottom-50&#8243;][vc_row_inner el_class=&#8221;gap-mobile-bottom-50&#8243;][vc_column_inner el_class=&#8221;text-col-left&#8221; width=&#8221;1\/2&#8243;]<div class=\"norebro-text-sc paragraph font-black\" \n\tid=\"norebro-custom-69d078b3ac1b9\" \n\t \n\t>\n\n\t<ul class=\"listing\">\n<li class=\"listing-item\">Syrups<\/li>\n<li class=\"listing-item\">Fruit juices<\/li>\n<\/ul>\n<ul>\n<li>Fruit juice cocktails<\/li>\n<li>Energy drinks<\/li>\n<li>Tea beverages (freshly brewed)<\/li>\n<li>Soft drinks<\/li>\n<li>Near water<\/li>\n<li>Mineral and soda water<\/li>\n<li>Sport drinks<\/li>\n<li>Nectars<\/li>\n<li>Sparkling juices<\/li>\n<li>Coffee drinks<\/li>\n<li>Low in acid products<\/li>\n<\/ul>\n\t\n<\/div>[\/vc_column_inner][vc_column_inner el_class=&#8221;text-col-right&#8221; width=&#8221;1\/2&#8243;]<div class=\"norebro-text-sc paragraph font-black\" \n\tid=\"norebro-custom-69d078b3ac20a\" \n\t \n\t>\n\n\t<ul class=\"listing\">\n<li>Spirits<\/li>\n<li>Schnapps<\/li>\n<li>Rum<\/li>\n<li>Liqueurs<\/li>\n<li>Hot beverages<\/li>\n<li>Sparkling wines<\/li>\n<li>Cocktails<\/li>\n<li>Mixed drinks<\/li>\n<\/ul>\n\t\n<\/div>[\/vc_column_inner][\/vc_row_inner][\/vc_column][\/vc_row][vc_section css=&#8221;.vc_custom_1617283630260{margin-bottom: 90px !important;}&#8221; el_class=&#8221;history-slider&#8221; el_id=&#8221;carousel-container-id&#8221;][vc_row css=&#8221;.vc_custom_1618409969968{margin-top: 106px !important;padding-right: 20px !important;padding-left: 20px !important;}&#8221;][vc_column]<div class=\"norebro-slider-sc slider-wrap\">\n\t<div class=\"slider norebro-slider  full nav-inset timelinecarousel\" \n\tid=\"norebro-custom-69d078b3ac250\" \n\tdata-norebro-slider='{\"loop\":true,\"dots\":false,\"nav\":true,\"autoplay\":false,\"autoplayHoverPause\":true,\"navContainerClass\":\"slider-nav\",\"itemsDesktop\":\"4\",\"itemsTablet\":\"2\",\"itemsMobile\":\"1\",\"slideBy\":\"1\",\"autoplayTimeout\":\"5\"}' \n\t\t>\n\n\t\t<div class=\"slider-wrap\">\n\n\t[vc_single_image image=&#8221;5670414&#8243; img_size=&#8221;full&#8221;]\t\n<\/div><div class=\"slider-wrap\">\n\n\t[vc_single_image image=&#8221;5670417&#8243; img_size=&#8221;full&#8221;]\t\n<\/div><div class=\"slider-wrap\">\n\n\t[vc_single_image image=&#8221;5670413&#8243; img_size=&#8221;full&#8221;]\t\n<\/div>\t\t\n\t<\/div>\n<\/div>[\/vc_column][\/vc_row][\/vc_section][vc_row el_class=&#8221;custom-row gap-top-120&#8243; el_id=&#8221;akkordeon-container&#8221;][vc_column][vc_custom_heading text=&#8221;Containers&#8221; use_theme_fonts=&#8221;yes&#8221; el_class=&#8221;font-center font-black h2-margin-bottom&#8221;][vc_tta_accordion color=&#8221;white&#8221; active_section=&#8221;1&#8243; collapsible_all=&#8221;true&#8221; el_id=&#8221;akkordion-section&#8221;][vc_tta_section title=&#8221;Glass&#8221; tab_id=&#8221;1614330350264-57660c3f-68d7209f-98489586-dfc1&#8243; el_class=&#8221;glas-akkordion-box&#8221;][vc_row_inner][vc_column_inner width=&#8221;1\/2&#8243;]<div class=\"norebro-text-sc paragraph akkordeon-left font-black\" \n\tid=\"norebro-custom-69d078b3ac3b6\" \n\t \n\t>\n\n\t<ul class=\"acc-listing\">\n<li class=\"listing-item\">200 ml<\/li>\n<li class=\"listing-item\">250 ml<\/li>\n<li class=\"listing-item\">275 ml<\/li>\n<li class=\"listing-item\">330 ml<\/li>\n<li class=\"listing-item\">350 ml<\/li>\n<\/ul>\n\t\n<\/div><div class=\"norebro-text-sc paragraph akkordeon-right font-black\" \n\tid=\"norebro-custom-69d078b3ac405\" \n\t \n\t>\n\n\t<ul class=\"acc-listing\">\n<li class=\"listing-item\">0,5 l<\/li>\n<li class=\"listing-item\">0,7 l<\/li>\n<li class=\"listing-item\">0,75 l<\/li>\n<li class=\"listing-item\">1 l<\/li>\n<li class=\"listing-item\">2 l<\/li>\n<\/ul>\n\t\n<\/div><div class=\"norebro-text-sc font-black gap-top-20\" \n\tid=\"norebro-custom-69d078b3ac448\" \n\t \n\t>\n\n\t<p>Glass is not only considered especially environmentally friendly; it is also chemically inert, meaning no interactions with the filled product and optimal protection for the beverage. We offer a wide variety of shapes, colours, sizes and closures for glass bottles, and can therefore provide numerous production options.<\/p>\n\t\n<\/div>[\/vc_column_inner][vc_column_inner el_class=&#8221;akkordeon-img-col&#8221; width=&#8221;1\/2&#8243;][vc_single_image image=&#8221;5670985&#8243; img_size=&#8221;540&#215;443&#8243; el_id=&#8221;akkordeon-img-1&#8243;][\/vc_column_inner][\/vc_row_inner][\/vc_tta_section][vc_tta_section title=&#8221;Pet&#8221; tab_id=&#8221;1614330350297-123ffdc9-3671209f-98489586-dfc1&#8243;][vc_row_inner][vc_column_inner width=&#8221;1\/2&#8243;]<div class=\"norebro-text-sc paragraph akkordeon-left font-black\" \n\tid=\"norebro-custom-69d078b3ac48c\" \n\t \n\t>\n\n\t<ul class=\"acc-listing\">\n<li class=\"listing-item\">300 ml<\/li>\n<li class=\"listing-item\">330 ml<\/li>\n<li class=\"listing-item\">500 ml<\/li>\n<\/ul>\n\t\n<\/div><div class=\"norebro-text-sc paragraph akkordeon-right font-black\" \n\tid=\"norebro-custom-69d078b3ac4d0\" \n\t \n\t>\n\n\t<ul class=\"acc-listing\">\n<li class=\"listing-item\">0,7 l<\/li>\n<li class=\"listing-item\">0,75 l<\/li>\n<li class=\"listing-item\">1 l<\/li>\n<li class=\"listing-item\">1,5 l<\/li>\n<\/ul>\n\t\n<\/div><div class=\"norebro-text-sc font-black gap-top-20\" \n\tid=\"norebro-custom-69d078b3ac50f\" \n\t \n\t>\n\n\t<p>PET bottles are the ideal packaging for being on the move. They are non-fragile, light and recyclable after use. WIth our diverse range of production facilities, we can offer heavily carbonated beverages, tea or coffee drinks, or beverages with dairy or plant-based milk. Recycling is a major topic at Spitz. For this reason, we have shifted to 100 percent recycled PET for our entire PET beverage range since 2021.<\/p>\n\t\n<\/div>[\/vc_column_inner][vc_column_inner el_class=&#8221;akkordeon-img-col&#8221; width=&#8221;1\/2&#8243;][vc_single_image image=&#8221;5670772&#8243; img_size=&#8221;540&#215;443&#8243; el_id=&#8221;akkordeon-img-2&#8243;][\/vc_column_inner][\/vc_row_inner][\/vc_tta_section][vc_tta_section title=&#8221;Tetra&#8221; tab_id=&#8221;1614330535888-076f128e-01de209f-98489586-dfc1&#8243;][vc_row_inner][vc_column_inner width=&#8221;1\/2&#8243;]<div class=\"norebro-text-sc paragraph akkordeon-left-without font-black\" \n\tid=\"norebro-custom-69d078b3ac551\" \n\t \n\t>\n\n\t<ul class=\"acc-listing\">\n<li class=\"listing-item\">200 ml<\/li>\n<li class=\"listing-item\">750 ml<\/li>\n<li class=\"listing-item\">1 l<\/li>\n<\/ul>\n\t\n<\/div><div class=\"norebro-text-sc font-black gap-top-20\" \n\tid=\"norebro-custom-69d078b3ac590\" \n\t \n\t>\n\n\t<p>Alongside classical packaging variants like Brik and Rex, Spitz offers Tetra Edge packaging, an innovative alternative for direct juices and nectars. The lack of head room provides optimal protection for the product while the detachable upper edge allows one to empty the package completely.<br \/>\nCarton packaging offers optimal shelf life as well as being user-friendly and easy to open. The nutritional contents and the flavour of the products in these containers receive optimal protection. We offer a wide variety of carton packaging products in several sizes and shapes. All of our carton packaging is made from FSC&#x2122;-certified carton.<\/p>\n\t\n<\/div>[\/vc_column_inner][vc_column_inner el_class=&#8221;akkordeon-img-col&#8221; width=&#8221;1\/2&#8243;][vc_single_image image=&#8221;5670988&#8243; img_size=&#8221;540&#215;443&#8243; el_id=&#8221;akkordeon-img-3&#8243;][\/vc_column_inner][\/vc_row_inner][\/vc_tta_section][vc_tta_section title=&#8221;Cans&#8221; tab_id=&#8221;1614330564372-8ffb4d5a-8339209f-98489586-dfc1&#8243;][vc_row_inner][vc_column_inner width=&#8221;1\/2&#8243;]<div class=\"norebro-text-sc paragraph akkordeon-left font-black\" \n\tid=\"norebro-custom-69d078b3ac5d3\" \n\t \n\t>\n\n\t<ul class=\"acc-listing\">\n<li class=\"listing-item\">150 ml slim<\/li>\n<li class=\"listing-item\">200 ml slim<\/li>\n<li class=\"listing-item\">250 ml slim<\/li>\n<li class=\"listing-item\">330 ml sleek<\/li>\n<\/ul>\n\t\n<\/div><div class=\"norebro-text-sc paragraph akkordeon-right-without font-black gap-bottom-60\" \n\tid=\"norebro-custom-69d078b3ac621\" \n\t \n\t>\n\n\t<ul class=\"acc-listing\">\n<li class=\"listing-item\">355 ml sleek<\/li>\n<li class=\"listing-item\">330 ml base<\/li>\n<li class=\"listing-item\">500 ml base<\/li>\n<\/ul>\n\t\n<\/div><div class=\"norebro-text-sc font-black gap-top-40\" \n\tid=\"norebro-custom-69d078b3ac660\" \n\t \n\t>\n\n\t<p>Cans offer great protection for your product, thanks to their resilience to heat and their impermeability for light and gas. Thanks to a flexible filling and sealing system, our modern canning facility is perfectly suited for filling a multitude of different still and carbonated beverages: energy drinks, soft drinks, coffee drinks, fruit juices or iced teas.<\/p>\n\t\n<\/div>[\/vc_column_inner][vc_column_inner el_class=&#8221;akkordeon-img-col&#8221; width=&#8221;1\/2&#8243;][vc_single_image image=&#8221;5670773&#8243; img_size=&#8221;540&#215;443&#8243; el_id=&#8221;akkordeon-img-4&#8243;][\/vc_column_inner][\/vc_row_inner][\/vc_tta_section][vc_tta_section title=&#8221;Canisters&#8221; tab_id=&#8221;1614330574871-33776464-5482209f-98489586-dfc1&#8243;][vc_row_inner][vc_column_inner width=&#8221;1\/2&#8243;]<div class=\"norebro-text-sc paragraph akkordeon-left-without font-black\" \n\tid=\"norebro-custom-69d078b3ac69f\" \n\t \n\t>\n\n\t<ul class=\"acc-listing\">\n<li class=\"listing-item\">5 l<\/li>\n<li class=\"listing-item\">10 l<\/li>\n<\/ul>\n\t\n<\/div><div class=\"norebro-text-sc font-black gap-top-20\" \n\tid=\"norebro-custom-69d078b3ac6db\" \n\t \n\t>\n\n\t<p>Various sizes of canisters are suited for products in large container formats.<\/p>\n\t\n<\/div>[\/vc_column_inner][vc_column_inner el_class=&#8221;akkordeon-img-col&#8221; width=&#8221;1\/2&#8243;][\/vc_column_inner][\/vc_row_inner][\/vc_tta_section][\/vc_tta_accordion][\/vc_column][\/vc_row][vc_section el_class=&#8221;ansprechperson-section&#8221; el_id=&#8221;ansprechperson-section-id&#8221;][vc_row el_class=&#8221;ansprechperson-row&#8221;][vc_column el_class=&#8221;ansprechperson-box&#8221;][vc_single_image image=&#8221;5670117&#8243; el_class=&#8221;ansprechperson-img&#8221;][vc_custom_heading text=&#8221;Interested?&#8221; font_container=&#8221;tag:p|text_align:left&#8221; use_theme_fonts=&#8221;yes&#8221; el_class=&#8221;overhead font-black font-center ansprechperson-heading&#8221;]<div class=\"norebro-text-sc paragraph font-black font-center ansprechperson-text\" \n\tid=\"norebro-custom-69d078b3ac71c\" \n\t \n\t>\n\n\t<p><span id=\"[0,2]\" class=\"word\">We<\/span> <span id=\"[3,7]\" class=\"word\">look<\/span> <span id=\"[8,15]\" class=\"word\">forward<\/span> <span id=\"[16,18]\" class=\"word\">to<\/span> <span id=\"[19,26]\" class=\"word\">hearing<\/span> <span id=\"[27,31]\" class=\"word\">from<\/span> <span id=\"[32,35]\" class=\"word\">you<\/span>.<\/p>\n\t\n<\/div>[vc_btn title=&#8221;Send request&#8221; el_class=&#8221;button-red-full button-center ansprechperson-btn&#8221; link=&#8221;url:%2Fkontakt%2F%3Finteressen%3D6&#8243;][\/vc_column][\/vc_row][\/vc_section][vc_row el_class=&#8221;custom-row-colored bg-rosa gap-bottom-80&#8243;][vc_column][vc_custom_heading text=&#8221;Our Product Areas&#8221; el_class=&#8221;font-center font-black gap-bottom-40 gap-top-80 gap-mobile-bottom-50&#8243;][vc_row_inner el_class=&#8221;custom-row gap-icon-text gap-top-60 gap-bottom-40&#8243;][vc_column_inner el_class=&#8221;img-col&#8221; width=&#8221;1\/3&#8243;][vc_single_image image=&#8221;5670872&#8243; img_size=&#8221;full&#8221; el_class=&#8221;gap-bottom-30&#8243;][vc_custom_heading text=&#8221;Beverages&#8221; font_container=&#8221;tag:p|text_align:left&#8221; use_theme_fonts=&#8221;yes&#8221; el_class=&#8221;overhead font-not-underline font-black font-center ansprechperson-heading gap-bottom-30&#8243;][vc_btn title=&#8221;More about Beverages&#8221; el_class=&#8221;button-red button-center ansprechperson-btn&#8221; link=&#8221;url:%2Fleistungen-private-label-und-lohnfuellung%2Fleistungen-getraenke%2F|title:Getr%C3%A4nke&#8221;][\/vc_column_inner][vc_column_inner el_class=&#8221;img-col&#8221; width=&#8221;1\/3&#8243;][vc_single_image image=&#8221;5670690&#8243; img_size=&#8221;full&#8221; el_class=&#8221;gap-bottom-30&#8243;][vc_custom_heading text=&#8221;Confectionery and Baked Goods&#8221; font_container=&#8221;tag:p|text_align:left&#8221; use_theme_fonts=&#8221;yes&#8221; el_class=&#8221;overhead font-not-underline font-black font-center ansprechperson-heading gap-bottom-30&#8243;][vc_btn title=&#8221;More about Confectionery and Baked Goods&#8221; el_class=&#8221;button-red button-center ansprechperson-btn&#8221; link=&#8221;url:%2Fleistungen-private-label-und-lohnfuellung%2Fleistungen-suess-backwaren%2F&#8221;][\/vc_column_inner][vc_column_inner el_class=&#8221;img-col&#8221; width=&#8221;1\/3&#8243;][vc_single_image image=&#8221;5670404&#8243; img_size=&#8221;full&#8221; el_class=&#8221;gap-bottom-30&#8243;][vc_custom_heading text=&#8221;Sweet and Savoury&#8221; font_container=&#8221;tag:p|text_align:left&#8221; use_theme_fonts=&#8221;yes&#8221; el_class=&#8221;overhead font-not-underline font-black font-center ansprechperson-heading gap-bottom-30&#8243;][vc_btn title=&#8221;More about Sweet and Savoury Products&#8221; el_class=&#8221;button-red button-center ansprechperson-btn&#8221; link=&#8221;url:%2Fleistungen-private-label-und-lohnfuellung%2Fleistungen-suess-und-sauer%2F&#8221;][\/vc_column_inner][\/vc_row_inner][\/vc_column][\/vc_row]\n","protected":false},"excerpt":{"rendered":"<p>[vc_row css=&#8221;.vc_custom_1619519354422{background-image: url(https:\/\/www.spitz.at\/wp-content\/uploads\/2021\/04\/SPITZ_PRODUKT_LIFESTYLESHOTS_2021_HIMMELBAUER_103.jpg?id=5670416) !important;background-position: center !important;background-repeat: no-repeat !important;background-size: cover !important;}&#8221; el_class=&#8221;custom-header-row&#8221;][vc_column][vc_custom_heading text=&#8221;Private Label and Contract Filling&#8221; font_container=&#8221;tag:h1|text_align:left&#8221; use_theme_fonts=&#8221;yes&#8221; el_class=&#8221;overhead font-white&#8221;][vc_custom_heading&#8230;<\/p>\n","protected":false},"author":10,"featured_media":0,"parent":5673275,"menu_order":0,"comment_status":"closed","ping_status":"closed","template":"","meta":{"_acf_changed":false,"footnotes":""},"categories":[29],"tags":[],"class_list":["post-5673280","page","type-page","status-publish","hentry","category-competences"],"acf":[],"yoast_head":"<!-- This site is optimized with the Yoast SEO plugin v27.2 - https:\/\/yoast.com\/product\/yoast-seo-wordpress\/ -->\n<title>Contract Filling Beverages | Co-Packing | Private Label Austria<\/title>\n<meta name=\"description\" content=\"As a beverage manufacturer, Spitz offers highly modern production systems and the highest quality. Are you looking for contract fillers for cans, PET or glass? Get in touch with us!\" \/>\n<meta name=\"robots\" content=\"index, follow, max-snippet:-1, max-image-preview:large, max-video-preview:-1\" \/>\n<link rel=\"canonical\" href=\"https:\/\/www.spitz.at\/en\/private-label-and-contract-filling\/beverages\/\" \/>\n<meta property=\"og:locale\" content=\"en_US\" \/>\n<meta property=\"og:type\" content=\"article\" \/>\n<meta property=\"og:title\" content=\"Private label manufacturer for can filling of functional drinks or energy drinks - Spitz is your beverage manufacturer in Austria\" \/>\n<meta property=\"og:description\" content=\"Spitz Getr\u00e4nke: Your partner for private label energy drinks, iced tea, functional drinks and contract bottling of mineral water.\" \/>\n<meta property=\"og:url\" content=\"https:\/\/www.spitz.at\/en\/private-label-and-contract-filling\/beverages\/\" \/>\n<meta property=\"og:site_name\" content=\"Spitz - Getr\u00e4nke- und Lebensmittelhersteller aus \u00d6sterreich\" \/>\n<meta property=\"article:modified_time\" content=\"2024-07-31T14:19:58+00:00\" \/>\n<meta name=\"twitter:card\" content=\"summary_large_image\" \/>\n<meta name=\"twitter:label1\" content=\"Est. reading time\" \/>\n\t<meta name=\"twitter:data1\" content=\"5 minutes\" \/>\n<script type=\"application\/ld+json\" class=\"yoast-schema-graph\">{\"@context\":\"https:\/\/schema.org\",\"@graph\":[{\"@type\":\"WebPage\",\"@id\":\"https:\/\/www.spitz.at\/en\/private-label-and-contract-filling\/beverages\/\",\"url\":\"https:\/\/www.spitz.at\/en\/private-label-and-contract-filling\/beverages\/\",\"name\":\"Contract Filling Beverages | Co-Packing | Private Label Austria\",\"isPartOf\":{\"@id\":\"https:\/\/www.spitz.at\/#website\"},\"datePublished\":\"2021-04-12T14:16:42+00:00\",\"dateModified\":\"2024-07-31T14:19:58+00:00\",\"description\":\"As a beverage manufacturer, Spitz offers highly modern production systems and the highest quality. Are you looking for contract fillers for cans, PET or glass? Get in touch with us!\",\"breadcrumb\":{\"@id\":\"https:\/\/www.spitz.at\/en\/private-label-and-contract-filling\/beverages\/#breadcrumb\"},\"inLanguage\":\"en-US\",\"potentialAction\":[{\"@type\":\"ReadAction\",\"target\":[\"https:\/\/www.spitz.at\/en\/private-label-and-contract-filling\/beverages\/\"]}]},{\"@type\":\"BreadcrumbList\",\"@id\":\"https:\/\/www.spitz.at\/en\/private-label-and-contract-filling\/beverages\/#breadcrumb\",\"itemListElement\":[{\"@type\":\"ListItem\",\"position\":1,\"name\":\"Startseite\",\"item\":\"https:\/\/www.spitz.at\/en\/startseite\/\"},{\"@type\":\"ListItem\",\"position\":2,\"name\":\"Private Label and Contract Filling\",\"item\":\"https:\/\/www.spitz.at\/en\/private-label-and-contract-filling\/\"},{\"@type\":\"ListItem\",\"position\":3,\"name\":\"Beverages\"}]},{\"@type\":\"WebSite\",\"@id\":\"https:\/\/www.spitz.at\/#website\",\"url\":\"https:\/\/www.spitz.at\/\",\"name\":\"Spitz - Getr\u00e4nke- und Lebensmittelhersteller aus \u00d6sterreich\",\"description\":\"\u00d6sterreichischer Lebensmittel- und Getr\u00e4nkehersteller mit Tradition\",\"potentialAction\":[{\"@type\":\"SearchAction\",\"target\":{\"@type\":\"EntryPoint\",\"urlTemplate\":\"https:\/\/www.spitz.at\/?s={search_term_string}\"},\"query-input\":{\"@type\":\"PropertyValueSpecification\",\"valueRequired\":true,\"valueName\":\"search_term_string\"}}],\"inLanguage\":\"en-US\"}]}<\/script>\n<!-- \/ Yoast SEO plugin. -->","yoast_head_json":{"title":"Contract Filling Beverages | Co-Packing | Private Label Austria","description":"As a beverage manufacturer, Spitz offers highly modern production systems and the highest quality. Are you looking for contract fillers for cans, PET or glass? Get in touch with us!","robots":{"index":"index","follow":"follow","max-snippet":"max-snippet:-1","max-image-preview":"max-image-preview:large","max-video-preview":"max-video-preview:-1"},"canonical":"https:\/\/www.spitz.at\/en\/private-label-and-contract-filling\/beverages\/","og_locale":"en_US","og_type":"article","og_title":"Private label manufacturer for can filling of functional drinks or energy drinks - Spitz is your beverage manufacturer in Austria","og_description":"Spitz Getr\u00e4nke: Your partner for private label energy drinks, iced tea, functional drinks and contract bottling of mineral water.","og_url":"https:\/\/www.spitz.at\/en\/private-label-and-contract-filling\/beverages\/","og_site_name":"Spitz - Getr\u00e4nke- und Lebensmittelhersteller aus \u00d6sterreich","article_modified_time":"2024-07-31T14:19:58+00:00","twitter_card":"summary_large_image","twitter_misc":{"Est. reading time":"5 minutes"},"schema":{"@context":"https:\/\/schema.org","@graph":[{"@type":"WebPage","@id":"https:\/\/www.spitz.at\/en\/private-label-and-contract-filling\/beverages\/","url":"https:\/\/www.spitz.at\/en\/private-label-and-contract-filling\/beverages\/","name":"Contract Filling Beverages | Co-Packing | Private Label Austria","isPartOf":{"@id":"https:\/\/www.spitz.at\/#website"},"datePublished":"2021-04-12T14:16:42+00:00","dateModified":"2024-07-31T14:19:58+00:00","description":"As a beverage manufacturer, Spitz offers highly modern production systems and the highest quality. Are you looking for contract fillers for cans, PET or glass? Get in touch with us!","breadcrumb":{"@id":"https:\/\/www.spitz.at\/en\/private-label-and-contract-filling\/beverages\/#breadcrumb"},"inLanguage":"en-US","potentialAction":[{"@type":"ReadAction","target":["https:\/\/www.spitz.at\/en\/private-label-and-contract-filling\/beverages\/"]}]},{"@type":"BreadcrumbList","@id":"https:\/\/www.spitz.at\/en\/private-label-and-contract-filling\/beverages\/#breadcrumb","itemListElement":[{"@type":"ListItem","position":1,"name":"Startseite","item":"https:\/\/www.spitz.at\/en\/startseite\/"},{"@type":"ListItem","position":2,"name":"Private Label and Contract Filling","item":"https:\/\/www.spitz.at\/en\/private-label-and-contract-filling\/"},{"@type":"ListItem","position":3,"name":"Beverages"}]},{"@type":"WebSite","@id":"https:\/\/www.spitz.at\/#website","url":"https:\/\/www.spitz.at\/","name":"Spitz - Getr\u00e4nke- und Lebensmittelhersteller aus \u00d6sterreich","description":"\u00d6sterreichischer Lebensmittel- und Getr\u00e4nkehersteller mit Tradition","potentialAction":[{"@type":"SearchAction","target":{"@type":"EntryPoint","urlTemplate":"https:\/\/www.spitz.at\/?s={search_term_string}"},"query-input":{"@type":"PropertyValueSpecification","valueRequired":true,"valueName":"search_term_string"}}],"inLanguage":"en-US"}]}},"_links":{"self":[{"href":"https:\/\/www.spitz.at\/en\/wp-json\/wp\/v2\/pages\/5673280","targetHints":{"allow":["GET"]}}],"collection":[{"href":"https:\/\/www.spitz.at\/en\/wp-json\/wp\/v2\/pages"}],"about":[{"href":"https:\/\/www.spitz.at\/en\/wp-json\/wp\/v2\/types\/page"}],"author":[{"embeddable":true,"href":"https:\/\/www.spitz.at\/en\/wp-json\/wp\/v2\/users\/10"}],"replies":[{"embeddable":true,"href":"https:\/\/www.spitz.at\/en\/wp-json\/wp\/v2\/comments?post=5673280"}],"version-history":[{"count":5,"href":"https:\/\/www.spitz.at\/en\/wp-json\/wp\/v2\/pages\/5673280\/revisions"}],"predecessor-version":[{"id":5677522,"href":"https:\/\/www.spitz.at\/en\/wp-json\/wp\/v2\/pages\/5673280\/revisions\/5677522"}],"up":[{"embeddable":true,"href":"https:\/\/www.spitz.at\/en\/wp-json\/wp\/v2\/pages\/5673275"}],"wp:attachment":[{"href":"https:\/\/www.spitz.at\/en\/wp-json\/wp\/v2\/media?parent=5673280"}],"wp:term":[{"taxonomy":"category","embeddable":true,"href":"https:\/\/www.spitz.at\/en\/wp-json\/wp\/v2\/categories?post=5673280"},{"taxonomy":"post_tag","embeddable":true,"href":"https:\/\/www.spitz.at\/en\/wp-json\/wp\/v2\/tags?post=5673280"}],"curies":[{"name":"wp","href":"https:\/\/api.w.org\/{rel}","templated":true}]}}