{"id":5673284,"date":"2021-04-14T16:50:35","date_gmt":"2021-04-14T14:50:35","guid":{"rendered":"https:\/\/www.spitz.at\/private-label-and-contract-filling\/suess-backwaren\/"},"modified":"2024-07-31T16:26:35","modified_gmt":"2024-07-31T14:26:35","slug":"confectionery-and-baked-goods","status":"publish","type":"page","link":"https:\/\/www.spitz.at\/en\/private-label-and-contract-filling\/confectionery-and-baked-goods\/","title":{"rendered":"Confectionery and Baked Goods"},"content":{"rendered":"[vc_row css=&#8221;.vc_custom_1622184483713{background-image: url(https:\/\/www.spitz.at\/wp-content\/uploads\/2021\/04\/SPITZ_PRODUKT_LIFESTYLESHOTS_2021_HIMMELBAUER_045-1.jpg?id=5670690) !important;background-position: center !important;background-repeat: no-repeat !important;background-size: cover !important;}&#8221; el_class=&#8221;custom-header-row&#8221;][vc_column][vc_custom_heading text=&#8221;Private Label and Contract Filling&#8221; font_container=&#8221;tag:h1|text_align:left&#8221; use_theme_fonts=&#8221;yes&#8221; el_class=&#8221;overhead font-white&#8221;][vc_custom_heading text=&#8221;Confectionery and Baked Goods&#8221; font_container=&#8221;tag:p|text_align:left&#8221; use_theme_fonts=&#8221;yes&#8221; el_class=&#8221;headline1 font-left font-white&#8221;][\/vc_column][\/vc_row][vc_row el_class=&#8221;custom-row-wide gap-topbottom-100 gap-mobile-bottom-50&#8243;][vc_column][vc_row_inner][vc_column_inner el_class=&#8221;text-col-left&#8221; width=&#8221;1\/6&#8243;][\/vc_column_inner][vc_column_inner width=&#8221;2\/3&#8243;][vc_custom_heading text=&#8221;Your professional partner for confectionery and baked goods&#8221; el_class=&#8221;headline2 font-left font-red&#8221;]<div class=\"norebro-text-sc paragraph font-black gap-bottom-30\" \n\tid=\"norebro-custom-69defa0594877\" \n\t \n\t>\n\n\t<div class=\"ewa-rteLine\" style=\"text-align: left;\">In our confectionery and baked goods area, the latest ovens and fully automated waffle and sliced bread lines produce in line with the highest hygiene and food safety standards. High-performance as well as flexible packaging facilities make Spitz a true all-rounder in manufacturing these product types.<br \/>\nThe use of RFA and RSPO-certified raw materials is already standard for us, and manufacturing in Fair Trade quality is firmly within our wheelhouse.<\/div>\n\t\n<\/div>[\/vc_column_inner][vc_column_inner width=&#8221;1\/6&#8243;][\/vc_column_inner][\/vc_row_inner][\/vc_column][\/vc_row][vc_section el_id=&#8221;image-gallery-set-1-section&#8221; el_class=&#8221;gap-mobile-bottom-50&#8243;][vc_row][vc_column width=&#8221;1\/2&#8243;][vc_single_image image=&#8221;5670557&#8243; img_size=&#8221;full&#8221; el_class=&#8221;image-gallery-set-1-img&#8221;][\/vc_column][vc_column width=&#8221;1\/2&#8243;][vc_single_image image=&#8221;5670559&#8243; img_size=&#8221;full&#8221; el_class=&#8221;image-gallery-set-1-img&#8221;][\/vc_column][\/vc_row][vc_row][vc_column][vc_single_image image=&#8221;5672539&#8243; img_size=&#8221;full&#8221; el_class=&#8221;image-gallery-set-1-img&#8221;][\/vc_column][\/vc_row][\/vc_section][vc_row el_class=&#8221;custom-row gap-top-100 gap-mobile-top-50&#8243; el_id=&#8221;zwei-spalten-box&#8221;][vc_column][vc_custom_heading text=&#8221;Our Productportfolio&#8221; el_class=&#8221;font-center font-black gap-bottom-40 gap-mobile-bottom-50&#8243;][vc_row_inner][vc_column_inner width=&#8221;1\/3&#8243;][\/vc_column_inner][vc_column_inner el_class=&#8221;text-col-left&#8221; width=&#8221;1\/3&#8243;]<div class=\"norebro-text-sc paragraph font-black\" \n\tid=\"norebro-custom-69defa0594914\" \n\t \n\t>\n\n\t<ul class=\"listing\">\n<li class=\"listing-item\">Flat waffles \u2013 Knuspi, Mignon, waffle bars<\/li>\n<li class=\"listing-item\">Waffle rolls<\/li>\n<li class=\"listing-item\">Sliced bread<\/li>\n<\/ul>\n\t\n<\/div>[\/vc_column_inner][vc_column_inner width=&#8221;1\/3&#8243;][\/vc_column_inner][\/vc_row_inner][\/vc_column][\/vc_row][vc_row el_class=&#8221;custom-row&#8221;][vc_column]\r\n\t\t\r\n        <div class=\"messe-teaser\">\r\n<a href=\"\/wp-content\/uploads\/2022\/09\/Katalog-Suess-und-Backwaren-DE.pdf\" target=\"_blank\" >\r\n            <img decoding=\"async\" class=\"arrow-fair-teaser\" src=\"https:\/\/www.spitz.at\/wp-content\/uploads\/2021\/04\/right.svg\">\r\n\t\t\t<p class=\"fair-name\">Confectionery and Baked Goods product catalogue<\/p>\r\n            <p class=\"fair-time\">Download<\/p>\r\n\r\n            \r\n<\/a>\r\n        <\/div>\r\n\t\t[\/vc_column][\/vc_row][vc_section css=&#8221;.vc_custom_1617283630260{margin-bottom: 90px !important;}&#8221; el_class=&#8221;history-slider&#8221; el_id=&#8221;carousel-container-id&#8221;][vc_row css=&#8221;.vc_custom_1618409969968{margin-top: 106px !important;padding-right: 20px !important;padding-left: 20px !important;}&#8221;][vc_column]<div class=\"norebro-slider-sc slider-wrap\">\n\t<div class=\"slider norebro-slider  full nav-inset timelinecarousel\" \n\tid=\"norebro-custom-69defa0594af2\" \n\tdata-norebro-slider='{\"loop\":true,\"dots\":false,\"nav\":true,\"autoplay\":false,\"autoplayHoverPause\":true,\"navContainerClass\":\"slider-nav\",\"itemsDesktop\":\"4\",\"itemsTablet\":\"2\",\"itemsMobile\":\"1\",\"slideBy\":\"1\",\"autoplayTimeout\":\"5\"}' \n\t\t>\n\n\t\t<div class=\"slider-wrap\">\n\n\t[vc_single_image image=&#8221;5670402&#8243; img_size=&#8221;full&#8221;]\t\n<\/div><div class=\"slider-wrap\">\n\n\t[vc_single_image image=&#8221;5670401&#8243; img_size=&#8221;full&#8221;]\t\n<\/div><div class=\"slider-wrap\">\n\n\t[vc_single_image image=&#8221;5670399&#8243; img_size=&#8221;full&#8221;]\t\n<\/div><div class=\"slider-wrap\">\n\n\t[vc_single_image image=&#8221;5670691&#8243; img_size=&#8221;full&#8221;]\t\n<\/div><div class=\"slider-wrap\">\n\n\t[vc_single_image image=&#8221;5670690&#8243; img_size=&#8221;full&#8221;]\t\n<\/div>\t\t\n\t<\/div>\n<\/div>[\/vc_column][\/vc_row][\/vc_section][vc_row el_class=&#8221;custom-row gap-top-120&#8243; el_id=&#8221;akkordeon-container&#8221;][vc_column][vc_custom_heading text=&#8221;Packaging&#8221; use_theme_fonts=&#8221;yes&#8221; el_class=&#8221;font-center font-black h2-margin-bottom&#8221;][vc_tta_accordion color=&#8221;white&#8221; active_section=&#8221;1&#8243; collapsible_all=&#8221;true&#8221; el_id=&#8221;akkordion-section&#8221;][vc_tta_section title=&#8221;Waffle rolls&#8221; tab_id=&#8221;1614330350264-57660c3f-68d7209f-98483d0f-8aed&#8221; el_class=&#8221;glas-akkordion-box&#8221;][vc_row_inner][vc_column_inner width=&#8221;1\/2&#8243;]<div class=\"norebro-text-sc paragraph akkordeon-left-without font-black\" \n\tid=\"norebro-custom-69defa0594dcb\" \n\t \n\t>\n\n\t<ul class=\"acc-listing\">\n<li class=\"listing-item\">Carton box<\/li>\n<li class=\"listing-item\">Bag<\/li>\n<\/ul>\n\t\n<\/div><div class=\"norebro-text-sc font-black gap-top-20\" \n\tid=\"norebro-custom-69defa0594e40\" \n\t \n\t>\n\n\t<p>Spitz is one of a select few manufacturers of waffle rolls in Europe, and uses a wide variety of fillings. Our waffle rolls are produced exclusively wiht natural flavours and without artificial coloring.<\/p>\n\t\n<\/div>[\/vc_column_inner][vc_column_inner el_class=&#8221;akkordeon-img-col&#8221; width=&#8221;1\/2&#8243;][vc_single_image image=&#8221;5670482&#8243; img_size=&#8221;540&#215;443&#8243; el_id=&#8221;akkordeon-img-1&#8243;][\/vc_column_inner][\/vc_row_inner][\/vc_tta_section][vc_tta_section title=&#8221;Flat waffles&#8221; tab_id=&#8221;1614330350297-123ffdc9-3671209f-98483d0f-8aed&#8221;][vc_row_inner][vc_column_inner width=&#8221;1\/2&#8243;]<div class=\"norebro-text-sc paragraph akkordeon-left-withou font-black\" \n\tid=\"norebro-custom-69defa0594ebd\" \n\t \n\t>\n\n\t<ul class=\"acc-listing\">\n<li class=\"listing-item\">Flowpack &amp; Multipacks<\/li>\n<li class=\"listing-item\">Back packaging<\/li>\n<li class=\"listing-item\">Sachets<\/li>\n<\/ul>\n\t\n<\/div><div class=\"norebro-text-sc font-black gap-top-20\" \n\tid=\"norebro-custom-69defa0594f56\" \n\t \n\t>\n\n\t<p>Crispy waffles meet the finest cream fillings. Flat waffles are a taste treat, with or without a chocolate coating.<\/p>\n\t\n<\/div>[\/vc_column_inner][vc_column_inner el_class=&#8221;akkordeon-img-col&#8221; width=&#8221;1\/2&#8243;][vc_single_image image=&#8221;5670476&#8243; img_size=&#8221;540&#215;443&#8243; el_id=&#8221;akkordeon-img-2&#8243;][\/vc_column_inner][\/vc_row_inner][\/vc_tta_section][vc_tta_section title=&#8221;Sliced Bread&#8221; tab_id=&#8221;1618411426837-749adc81-70e83d0f-8aed&#8221;][vc_row_inner][vc_column_inner width=&#8221;1\/2&#8243;]<div class=\"norebro-text-sc paragraph akkordeon-left-without font-black\" \n\tid=\"norebro-custom-69defa0594fca\" \n\t \n\t>\n\n\t<ul class=\"acc-listing\">\n<li class=\"listing-item\">Film packaging<\/li>\n<\/ul>\n\t\n<\/div><div class=\"norebro-text-sc font-black gap-top-20\" \n\tid=\"norebro-custom-69defa0595033\" \n\t \n\t>\n\n\t<p>Our sliced bread is produced with a vegan recipe and without genetically modified ingredients. It is free of preservatives and can be produced in organic quality. Further options include the wheat, butter, whole grain or multigrain varieties.<\/p>\n\t\n<\/div>[\/vc_column_inner][vc_column_inner el_class=&#8221;akkordeon-img-col&#8221; width=&#8221;1\/2&#8243;][vc_single_image image=&#8221;5671477&#8243; img_size=&#8221;540&#215;443&#8243; el_id=&#8221;akkordeon-img-6&#8243;][\/vc_column_inner][\/vc_row_inner][\/vc_tta_section][\/vc_tta_accordion][\/vc_column][\/vc_row][vc_section el_class=&#8221;ansprechperson-section&#8221; el_id=&#8221;ansprechperson-section-id&#8221;][vc_row el_class=&#8221;ansprechperson-row&#8221;][vc_column el_class=&#8221;ansprechperson-box&#8221;][vc_single_image image=&#8221;5670117&#8243; el_class=&#8221;ansprechperson-img&#8221;][vc_custom_heading text=&#8221;Interested?&#8221; font_container=&#8221;tag:p|text_align:left&#8221; use_theme_fonts=&#8221;yes&#8221; el_class=&#8221;overhead font-black font-center ansprechperson-heading&#8221;]<div class=\"norebro-text-sc paragraph font-black font-center ansprechperson-text\" \n\tid=\"norebro-custom-69defa0595098\" \n\t \n\t>\n\n\t<p>We look forward to hearing from you.<\/p>\n\t\n<\/div>[vc_btn title=&#8221;Send request&#8221; el_class=&#8221;button-red-full button-center ansprechperson-btn&#8221; link=&#8221;url:%2Fkontakt%2F%3Finteressen%3D5&#8243;][\/vc_column][\/vc_row][\/vc_section][vc_row el_class=&#8221;custom-row-colored bg-rosa gap-bottom-80&#8243;][vc_column][vc_custom_heading text=&#8221;Our Product Areas&#8221; el_class=&#8221;font-center font-black gap-bottom-40 gap-top-80 gap-mobile-bottom-50&#8243;][vc_row_inner el_class=&#8221;custom-row gap-icon-text gap-top-60 gap-bottom-40&#8243;][vc_column_inner el_class=&#8221;img-col&#8221; width=&#8221;1\/3&#8243;][vc_single_image image=&#8221;5670872&#8243; img_size=&#8221;full&#8221; el_class=&#8221;gap-bottom-30&#8243;][vc_custom_heading text=&#8221;Beverages&#8221; font_container=&#8221;tag:p|text_align:left&#8221; use_theme_fonts=&#8221;yes&#8221; el_class=&#8221;overhead font-not-underline font-black font-center ansprechperson-heading gap-bottom-30&#8243;][vc_btn title=&#8221;More about Beverages&#8221; el_class=&#8221;button-red button-center ansprechperson-btn&#8221; link=&#8221;url:%2Fleistungen-private-label-und-lohnfuellung%2Fleistungen-getraenke%2F|title:Getr%C3%A4nke&#8221;][\/vc_column_inner][vc_column_inner el_class=&#8221;img-col&#8221; width=&#8221;1\/3&#8243;][vc_single_image image=&#8221;5670690&#8243; img_size=&#8221;full&#8221; el_class=&#8221;gap-bottom-30&#8243;][vc_custom_heading text=&#8221;Confectionery and Baked Goods&#8221; font_container=&#8221;tag:p|text_align:left&#8221; use_theme_fonts=&#8221;yes&#8221; el_class=&#8221;overhead font-not-underline font-black font-center ansprechperson-heading gap-bottom-30&#8243;][vc_btn title=&#8221;More about Confectionery and Baked Goods&#8221; el_class=&#8221;button-red button-center ansprechperson-btn&#8221; link=&#8221;url:%2Fleistungen-private-label-und-lohnfuellung%2Fleistungen-suess-backwaren%2F&#8221;][\/vc_column_inner][vc_column_inner el_class=&#8221;img-col&#8221; width=&#8221;1\/3&#8243;][vc_single_image image=&#8221;5670404&#8243; img_size=&#8221;full&#8221; el_class=&#8221;gap-bottom-30&#8243;][vc_custom_heading text=&#8221;Sweet and Savoury&#8221; font_container=&#8221;tag:p|text_align:left&#8221; use_theme_fonts=&#8221;yes&#8221; el_class=&#8221;overhead font-not-underline font-black font-center ansprechperson-heading gap-bottom-30&#8243;][vc_btn title=&#8221;More about Sweet and Savoury Products&#8221; el_class=&#8221;button-red button-center ansprechperson-btn&#8221; link=&#8221;url:%2Fleistungen-private-label-und-lohnfuellung%2Fleistungen-suess-und-sauer%2F&#8221;][\/vc_column_inner][\/vc_row_inner][\/vc_column][\/vc_row][vc_row][vc_column][vc_column_text][\/vc_column_text][\/vc_column][\/vc_row]\n","protected":false},"excerpt":{"rendered":"<p>[vc_row css=&#8221;.vc_custom_1622184483713{background-image: url(https:\/\/www.spitz.at\/wp-content\/uploads\/2021\/04\/SPITZ_PRODUKT_LIFESTYLESHOTS_2021_HIMMELBAUER_045-1.jpg?id=5670690) !important;background-position: center !important;background-repeat: no-repeat !important;background-size: cover !important;}&#8221; el_class=&#8221;custom-header-row&#8221;][vc_column][vc_custom_heading text=&#8221;Private Label and Contract Filling&#8221; font_container=&#8221;tag:h1|text_align:left&#8221; use_theme_fonts=&#8221;yes&#8221; el_class=&#8221;overhead font-white&#8221;][vc_custom_heading&#8230;<\/p>\n","protected":false},"author":10,"featured_media":0,"parent":5673275,"menu_order":0,"comment_status":"closed","ping_status":"closed","template":"","meta":{"_acf_changed":false,"footnotes":""},"categories":[29],"tags":[],"class_list":["post-5673284","page","type-page","status-publish","hentry","category-competences"],"acf":[],"yoast_head":"<!-- This site is optimized with the Yoast SEO plugin v27.2 - https:\/\/yoast.com\/product\/yoast-seo-wordpress\/ -->\n<title>Confectionery &amp; bakery products and toast manufacturer from Austria - Spitz<\/title>\n<meta name=\"description\" content=\"Private label and co-packing partner for waffles, toast and more - Spitz is the leading food producer in Austria - enquire now!\" \/>\n<meta name=\"robots\" content=\"index, follow, max-snippet:-1, max-image-preview:large, max-video-preview:-1\" \/>\n<link rel=\"canonical\" href=\"https:\/\/www.spitz.at\/en\/private-label-and-contract-filling\/confectionery-and-baked-goods\/\" \/>\n<meta property=\"og:locale\" content=\"en_US\" \/>\n<meta property=\"og:type\" content=\"article\" \/>\n<meta property=\"og:title\" content=\"Spitz - Your baked goods manufacturer for wafer bag contract manufacturing and more in Austria!\" \/>\n<meta property=\"og:description\" content=\"From flat wafers such as Knuspi and Mignon to toast production - Spitz offers excellent co-packing services and private label options for quality confectionery and baked goods from Austria. Your toast manufacturer as a competent partner for wholesale baked goods.\" \/>\n<meta property=\"og:url\" content=\"https:\/\/www.spitz.at\/en\/private-label-and-contract-filling\/confectionery-and-baked-goods\/\" \/>\n<meta property=\"og:site_name\" content=\"Spitz - Getr\u00e4nke- und Lebensmittelhersteller aus \u00d6sterreich\" \/>\n<meta property=\"article:modified_time\" content=\"2024-07-31T14:26:35+00:00\" \/>\n<meta name=\"twitter:card\" content=\"summary_large_image\" \/>\n<meta name=\"twitter:label1\" content=\"Est. reading time\" \/>\n\t<meta name=\"twitter:data1\" content=\"3 minutes\" \/>\n<script type=\"application\/ld+json\" class=\"yoast-schema-graph\">{\"@context\":\"https:\/\/schema.org\",\"@graph\":[{\"@type\":\"WebPage\",\"@id\":\"https:\/\/www.spitz.at\/en\/private-label-and-contract-filling\/confectionery-and-baked-goods\/\",\"url\":\"https:\/\/www.spitz.at\/en\/private-label-and-contract-filling\/confectionery-and-baked-goods\/\",\"name\":\"Confectionery & bakery products and toast manufacturer from Austria - Spitz\",\"isPartOf\":{\"@id\":\"https:\/\/www.spitz.at\/#website\"},\"datePublished\":\"2021-04-14T14:50:35+00:00\",\"dateModified\":\"2024-07-31T14:26:35+00:00\",\"description\":\"Private label and co-packing partner for waffles, toast and more - Spitz is the leading food producer in Austria - enquire now!\",\"breadcrumb\":{\"@id\":\"https:\/\/www.spitz.at\/en\/private-label-and-contract-filling\/confectionery-and-baked-goods\/#breadcrumb\"},\"inLanguage\":\"en-US\",\"potentialAction\":[{\"@type\":\"ReadAction\",\"target\":[\"https:\/\/www.spitz.at\/en\/private-label-and-contract-filling\/confectionery-and-baked-goods\/\"]}]},{\"@type\":\"BreadcrumbList\",\"@id\":\"https:\/\/www.spitz.at\/en\/private-label-and-contract-filling\/confectionery-and-baked-goods\/#breadcrumb\",\"itemListElement\":[{\"@type\":\"ListItem\",\"position\":1,\"name\":\"Startseite\",\"item\":\"https:\/\/www.spitz.at\/en\/startseite\/\"},{\"@type\":\"ListItem\",\"position\":2,\"name\":\"Private Label and Contract Filling\",\"item\":\"https:\/\/www.spitz.at\/en\/private-label-and-contract-filling\/\"},{\"@type\":\"ListItem\",\"position\":3,\"name\":\"Confectionery and Baked Goods\"}]},{\"@type\":\"WebSite\",\"@id\":\"https:\/\/www.spitz.at\/#website\",\"url\":\"https:\/\/www.spitz.at\/\",\"name\":\"Spitz - Getr\u00e4nke- und Lebensmittelhersteller aus \u00d6sterreich\",\"description\":\"\u00d6sterreichischer Lebensmittel- und Getr\u00e4nkehersteller mit Tradition\",\"potentialAction\":[{\"@type\":\"SearchAction\",\"target\":{\"@type\":\"EntryPoint\",\"urlTemplate\":\"https:\/\/www.spitz.at\/?s={search_term_string}\"},\"query-input\":{\"@type\":\"PropertyValueSpecification\",\"valueRequired\":true,\"valueName\":\"search_term_string\"}}],\"inLanguage\":\"en-US\"}]}<\/script>\n<!-- \/ Yoast SEO plugin. -->","yoast_head_json":{"title":"Confectionery & bakery products and toast manufacturer from Austria - Spitz","description":"Private label and co-packing partner for waffles, toast and more - Spitz is the leading food producer in Austria - enquire now!","robots":{"index":"index","follow":"follow","max-snippet":"max-snippet:-1","max-image-preview":"max-image-preview:large","max-video-preview":"max-video-preview:-1"},"canonical":"https:\/\/www.spitz.at\/en\/private-label-and-contract-filling\/confectionery-and-baked-goods\/","og_locale":"en_US","og_type":"article","og_title":"Spitz - Your baked goods manufacturer for wafer bag contract manufacturing and more in Austria!","og_description":"From flat wafers such as Knuspi and Mignon to toast production - Spitz offers excellent co-packing services and private label options for quality confectionery and baked goods from Austria. Your toast manufacturer as a competent partner for wholesale baked goods.","og_url":"https:\/\/www.spitz.at\/en\/private-label-and-contract-filling\/confectionery-and-baked-goods\/","og_site_name":"Spitz - Getr\u00e4nke- und Lebensmittelhersteller aus \u00d6sterreich","article_modified_time":"2024-07-31T14:26:35+00:00","twitter_card":"summary_large_image","twitter_misc":{"Est. reading time":"3 minutes"},"schema":{"@context":"https:\/\/schema.org","@graph":[{"@type":"WebPage","@id":"https:\/\/www.spitz.at\/en\/private-label-and-contract-filling\/confectionery-and-baked-goods\/","url":"https:\/\/www.spitz.at\/en\/private-label-and-contract-filling\/confectionery-and-baked-goods\/","name":"Confectionery & bakery products and toast manufacturer from Austria - Spitz","isPartOf":{"@id":"https:\/\/www.spitz.at\/#website"},"datePublished":"2021-04-14T14:50:35+00:00","dateModified":"2024-07-31T14:26:35+00:00","description":"Private label and co-packing partner for waffles, toast and more - Spitz is the leading food producer in Austria - enquire now!","breadcrumb":{"@id":"https:\/\/www.spitz.at\/en\/private-label-and-contract-filling\/confectionery-and-baked-goods\/#breadcrumb"},"inLanguage":"en-US","potentialAction":[{"@type":"ReadAction","target":["https:\/\/www.spitz.at\/en\/private-label-and-contract-filling\/confectionery-and-baked-goods\/"]}]},{"@type":"BreadcrumbList","@id":"https:\/\/www.spitz.at\/en\/private-label-and-contract-filling\/confectionery-and-baked-goods\/#breadcrumb","itemListElement":[{"@type":"ListItem","position":1,"name":"Startseite","item":"https:\/\/www.spitz.at\/en\/startseite\/"},{"@type":"ListItem","position":2,"name":"Private Label and Contract Filling","item":"https:\/\/www.spitz.at\/en\/private-label-and-contract-filling\/"},{"@type":"ListItem","position":3,"name":"Confectionery and Baked Goods"}]},{"@type":"WebSite","@id":"https:\/\/www.spitz.at\/#website","url":"https:\/\/www.spitz.at\/","name":"Spitz - Getr\u00e4nke- und Lebensmittelhersteller aus \u00d6sterreich","description":"\u00d6sterreichischer Lebensmittel- und Getr\u00e4nkehersteller mit Tradition","potentialAction":[{"@type":"SearchAction","target":{"@type":"EntryPoint","urlTemplate":"https:\/\/www.spitz.at\/?s={search_term_string}"},"query-input":{"@type":"PropertyValueSpecification","valueRequired":true,"valueName":"search_term_string"}}],"inLanguage":"en-US"}]}},"_links":{"self":[{"href":"https:\/\/www.spitz.at\/en\/wp-json\/wp\/v2\/pages\/5673284","targetHints":{"allow":["GET"]}}],"collection":[{"href":"https:\/\/www.spitz.at\/en\/wp-json\/wp\/v2\/pages"}],"about":[{"href":"https:\/\/www.spitz.at\/en\/wp-json\/wp\/v2\/types\/page"}],"author":[{"embeddable":true,"href":"https:\/\/www.spitz.at\/en\/wp-json\/wp\/v2\/users\/10"}],"replies":[{"embeddable":true,"href":"https:\/\/www.spitz.at\/en\/wp-json\/wp\/v2\/comments?post=5673284"}],"version-history":[{"count":6,"href":"https:\/\/www.spitz.at\/en\/wp-json\/wp\/v2\/pages\/5673284\/revisions"}],"predecessor-version":[{"id":5677524,"href":"https:\/\/www.spitz.at\/en\/wp-json\/wp\/v2\/pages\/5673284\/revisions\/5677524"}],"up":[{"embeddable":true,"href":"https:\/\/www.spitz.at\/en\/wp-json\/wp\/v2\/pages\/5673275"}],"wp:attachment":[{"href":"https:\/\/www.spitz.at\/en\/wp-json\/wp\/v2\/media?parent=5673284"}],"wp:term":[{"taxonomy":"category","embeddable":true,"href":"https:\/\/www.spitz.at\/en\/wp-json\/wp\/v2\/categories?post=5673284"},{"taxonomy":"post_tag","embeddable":true,"href":"https:\/\/www.spitz.at\/en\/wp-json\/wp\/v2\/tags?post=5673284"}],"curies":[{"name":"wp","href":"https:\/\/api.w.org\/{rel}","templated":true}]}}