{"id":5673295,"date":"2021-04-15T16:48:20","date_gmt":"2021-04-15T14:48:20","guid":{"rendered":"https:\/\/www.spitz.at\/private-label-and-contract-filling\/gastronomie\/"},"modified":"2024-07-31T16:43:26","modified_gmt":"2024-07-31T14:43:26","slug":"restaurant-supply","status":"publish","type":"page","link":"https:\/\/www.spitz.at\/en\/private-label-and-contract-filling\/restaurant-supply\/","title":{"rendered":"Restaurant Supply"},"content":{"rendered":"[vc_row css=&#8221;.vc_custom_1619525325028{background-image: url(https:\/\/www.spitz.at\/wp-content\/uploads\/2021\/04\/Gastronomie-Header.jpg?id=5670485) !important;background-position: center !important;background-repeat: no-repeat !important;background-size: cover !important;}&#8221; el_class=&#8221;custom-header-row&#8221;][vc_column][vc_custom_heading text=&#8221;Specialties&#8221; font_container=&#8221;tag:h1|text_align:left&#8221; use_theme_fonts=&#8221;yes&#8221; el_class=&#8221;overhead font-white&#8221;][vc_custom_heading text=&#8221;Restaurant Supply&#8221; font_container=&#8221;tag:p|text_align:left&#8221; use_theme_fonts=&#8221;yes&#8221; el_class=&#8221;headline1 font-left font-white&#8221;][\/vc_column][\/vc_row][vc_row el_class=&#8221;custom-row gap-topbottom-100 gap-mobile-top-50&#8243; el_id=&#8221;zwei-spalten-box&#8221;][vc_column][vc_row_inner][vc_column_inner el_class=&#8221;text-col-left&#8221; width=&#8221;1\/2&#8243;][vc_single_image image=&#8221;5670437&#8243; img_size=&#8221;full&#8221; el_class=&#8221;icon-listing gap-bottom-20&#8243; el_id=&#8221;icon-paket-2&#8243;][vc_custom_heading text=&#8221;Expertise in Restaurant Supply&#8221; el_class=&#8221;headline2 font-left font-red&#8221;]<div class=\"norebro-text-sc paragraph font-black gap-bottom-30\" \n\tid=\"norebro-custom-69def5f7407ad\" \n\t \n\t>\n\n\t<p>For years, Spitz has worked with all of the leading restaurant supply wholesalers, and have accumulated profound know-how in this area. The demands of large scale restaurant supply is part of daily business at Spitz, and stands in the focus of our entire concept.<\/p>\n\t\n<\/div>[\/vc_column_inner][vc_column_inner el_class=&#8221;text-col-right&#8221; width=&#8221;1\/2&#8243;][vc_single_image image=&#8221;5670118&#8243; img_size=&#8221;full&#8221; el_class=&#8221;icon-listing gap-bottom-20&#8243; el_id=&#8221;icon-paket-2&#8243;][vc_custom_heading text=&#8221;Tailored Solutions&#8221; el_class=&#8221;headline2 font-left font-red&#8221;]<div class=\"norebro-text-sc paragraph font-black gap-bottom-30\" \n\tid=\"norebro-custom-69def5f740853\" \n\t \n\t>\n\n\t<p>Our main mission is to collaborate with our customers to develop concepts that meet their specific needs. To do so, we use the full array of tools available to us thanks to our multifaceted production capabilities.<\/p>\n\t\n<\/div>[\/vc_column_inner][\/vc_row_inner][\/vc_column][\/vc_row][vc_section el_id=&#8221;image-gallery-set-1-section&#8221;][vc_row][vc_column width=&#8221;1\/2&#8243;][vc_single_image image=&#8221;5670486&#8243; img_size=&#8221;full&#8221; el_class=&#8221;image-gallery-set-1-img&#8221;][\/vc_column][vc_column width=&#8221;1\/2&#8243;][vc_single_image image=&#8221;5670487&#8243; img_size=&#8221;full&#8221; el_class=&#8221;image-gallery-set-1-img&#8221;][\/vc_column][\/vc_row][vc_row][vc_column][vc_single_image image=&#8221;5669749&#8243; img_size=&#8221;full&#8221; el_class=&#8221;image-gallery-set-1-img&#8221;][\/vc_column][\/vc_row][\/vc_section][vc_row el_class=&#8221;custom-row gap-top-100&#8243; el_id=&#8221;zwei-spalten-box&#8221;][vc_column][vc_custom_heading text=&#8221;Our Product Portfolio&#8221; el_class=&#8221;font-center font-black gap-bottom-40 gap-mobile-bottom-20&#8243;][vc_row_inner][vc_column_inner el_class=&#8221;text-col-left&#8221; width=&#8221;1\/2&#8243;]<div class=\"norebro-text-sc paragraph font-black\" \n\tid=\"norebro-custom-69def5f7408da\" \n\t \n\t>\n\n\t<ul class=\"listing\">\n<li class=\"listing-item\">Syrups<\/li>\n<li class=\"listing-item\">Spirits<\/li>\n<li class=\"listing-item\">Sauces &amp; Fruit products<\/li>\n<\/ul>\n\t\n<\/div>[\/vc_column_inner][vc_column_inner el_class=&#8221;text-col-right&#8221; width=&#8221;1\/2&#8243;]<div class=\"norebro-text-sc paragraph font-black\" \n\tid=\"norebro-custom-69def5f740953\" \n\t \n\t>\n\n\t<ul class=\"listing\">\n<li class=\"listing-item\">Sliced Bread<\/li>\n<li class=\"listing-item\">Biscuits<\/li>\n<\/ul>\n\t\n<\/div>[\/vc_column_inner][\/vc_row_inner][\/vc_column][\/vc_row][vc_row el_class=&#8221;custom-row gap-mobile-top-50&#8243;][vc_column]\r\n\t\t\r\n        <div class=\"messe-teaser\">\r\n<a href=\"\/wp-content\/uploads\/2022\/10\/Spitz-HORECA-Produktkatalog-2022.pdf\" target=\"_blank\" >\r\n            <img decoding=\"async\" class=\"arrow-fair-teaser\" src=\"https:\/\/www.spitz.at\/wp-content\/uploads\/2021\/04\/right.svg\">\r\n\t\t\t<p class=\"fair-name\">Restaurant Supply Product Catalogue<\/p>\r\n            <p class=\"fair-time\">Download<\/p>\r\n\r\n            \r\n<\/a>\r\n        <\/div>\r\n\t\t[\/vc_column][\/vc_row][vc_section el_class=&#8221;ansprechperson-section&#8221; el_id=&#8221;ansprechperson-section-id&#8221;][vc_row el_class=&#8221;ansprechperson-row&#8221;][vc_column el_class=&#8221;ansprechperson-box&#8221;][vc_single_image image=&#8221;5670117&#8243; el_class=&#8221;ansprechperson-img&#8221;][vc_custom_heading text=&#8221;Interested? &#8221; font_container=&#8221;tag:p|text_align:left&#8221; use_theme_fonts=&#8221;yes&#8221; el_class=&#8221;overhead font-black font-center ansprechperson-heading&#8221;]<div class=\"norebro-text-sc paragraph font-black font-center ansprechperson-text\" \n\tid=\"norebro-custom-69def5f740ade\" \n\t \n\t>\n\n\t<p>We look forward to hearing from you.<\/p>\n\t\n<\/div>[vc_btn title=&#8221;Send request&#8221; el_class=&#8221;button-red-full button-center ansprechperson-btn&#8221; link=&#8221;url:%2Fkontakt%2F%3Finteressen%3D2&#8243;][\/vc_column][\/vc_row][\/vc_section]\n","protected":false},"excerpt":{"rendered":"<p>[vc_row css=&#8221;.vc_custom_1619525325028{background-image: url(https:\/\/www.spitz.at\/wp-content\/uploads\/2021\/04\/Gastronomie-Header.jpg?id=5670485) !important;background-position: center !important;background-repeat: no-repeat !important;background-size: cover !important;}&#8221; el_class=&#8221;custom-header-row&#8221;][vc_column][vc_custom_heading text=&#8221;Specialties&#8221; font_container=&#8221;tag:h1|text_align:left&#8221; use_theme_fonts=&#8221;yes&#8221; el_class=&#8221;overhead font-white&#8221;][vc_custom_heading text=&#8221;Restaurant Supply&#8221; font_container=&#8221;tag:p|text_align:left&#8221; use_theme_fonts=&#8221;yes&#8221;&#8230;<\/p>\n","protected":false},"author":1,"featured_media":0,"parent":5673275,"menu_order":0,"comment_status":"closed","ping_status":"closed","template":"","meta":{"_acf_changed":false,"footnotes":""},"categories":[29],"tags":[],"class_list":["post-5673295","page","type-page","status-publish","hentry","category-competences"],"acf":[],"yoast_head":"<!-- This site is optimized with the Yoast SEO plugin v27.2 - https:\/\/yoast.com\/product\/yoast-seo-wordpress\/ -->\n<title>Food &amp; Beverage supplier for gastronomy Austria - Spitz<\/title>\n<meta name=\"description\" content=\"As one of the largest food manufacturers in Austria, Spitz offers individual solutions as a supplier for gastronomy and commercial kitchens. - Your partner for catering services!\" \/>\n<meta name=\"robots\" content=\"index, follow, max-snippet:-1, max-image-preview:large, max-video-preview:-1\" \/>\n<link rel=\"canonical\" href=\"https:\/\/www.spitz.at\/en\/private-label-and-contract-filling\/restaurant-supply\/\" \/>\n<meta property=\"og:locale\" content=\"en_US\" \/>\n<meta property=\"og:type\" content=\"article\" \/>\n<meta property=\"og:title\" content=\"Your reliable catering supplier - from rum to waffles and sauces, specifically tailored to your needs.\" \/>\n<meta property=\"og:description\" content=\"Whether rum, syrup, sauces or dressings - Spitz offers solutions for gastro convenience, specially tailored to the needs of the catering industry.\" \/>\n<meta property=\"og:url\" content=\"https:\/\/www.spitz.at\/en\/private-label-and-contract-filling\/restaurant-supply\/\" \/>\n<meta property=\"og:site_name\" content=\"Spitz - Getr\u00e4nke- und Lebensmittelhersteller aus \u00d6sterreich\" \/>\n<meta property=\"article:modified_time\" content=\"2024-07-31T14:43:26+00:00\" \/>\n<meta name=\"twitter:card\" content=\"summary_large_image\" \/>\n<meta name=\"twitter:label1\" content=\"Est. reading time\" \/>\n\t<meta name=\"twitter:data1\" content=\"2 minutes\" \/>\n<script type=\"application\/ld+json\" class=\"yoast-schema-graph\">{\"@context\":\"https:\/\/schema.org\",\"@graph\":[{\"@type\":\"WebPage\",\"@id\":\"https:\/\/www.spitz.at\/en\/private-label-and-contract-filling\/restaurant-supply\/\",\"url\":\"https:\/\/www.spitz.at\/en\/private-label-and-contract-filling\/restaurant-supply\/\",\"name\":\"Food & Beverage supplier for gastronomy Austria - Spitz\",\"isPartOf\":{\"@id\":\"https:\/\/www.spitz.at\/#website\"},\"datePublished\":\"2021-04-15T14:48:20+00:00\",\"dateModified\":\"2024-07-31T14:43:26+00:00\",\"description\":\"As one of the largest food manufacturers in Austria, Spitz offers individual solutions as a supplier for gastronomy and commercial kitchens. - Your partner for catering services!\",\"breadcrumb\":{\"@id\":\"https:\/\/www.spitz.at\/en\/private-label-and-contract-filling\/restaurant-supply\/#breadcrumb\"},\"inLanguage\":\"en-US\",\"potentialAction\":[{\"@type\":\"ReadAction\",\"target\":[\"https:\/\/www.spitz.at\/en\/private-label-and-contract-filling\/restaurant-supply\/\"]}]},{\"@type\":\"BreadcrumbList\",\"@id\":\"https:\/\/www.spitz.at\/en\/private-label-and-contract-filling\/restaurant-supply\/#breadcrumb\",\"itemListElement\":[{\"@type\":\"ListItem\",\"position\":1,\"name\":\"Startseite\",\"item\":\"https:\/\/www.spitz.at\/en\/startseite\/\"},{\"@type\":\"ListItem\",\"position\":2,\"name\":\"Private Label and Contract Filling\",\"item\":\"https:\/\/www.spitz.at\/en\/private-label-and-contract-filling\/\"},{\"@type\":\"ListItem\",\"position\":3,\"name\":\"Restaurant Supply\"}]},{\"@type\":\"WebSite\",\"@id\":\"https:\/\/www.spitz.at\/#website\",\"url\":\"https:\/\/www.spitz.at\/\",\"name\":\"Spitz - Getr\u00e4nke- und Lebensmittelhersteller aus \u00d6sterreich\",\"description\":\"\u00d6sterreichischer Lebensmittel- und Getr\u00e4nkehersteller mit Tradition\",\"potentialAction\":[{\"@type\":\"SearchAction\",\"target\":{\"@type\":\"EntryPoint\",\"urlTemplate\":\"https:\/\/www.spitz.at\/?s={search_term_string}\"},\"query-input\":{\"@type\":\"PropertyValueSpecification\",\"valueRequired\":true,\"valueName\":\"search_term_string\"}}],\"inLanguage\":\"en-US\"}]}<\/script>\n<!-- \/ Yoast SEO plugin. -->","yoast_head_json":{"title":"Food & Beverage supplier for gastronomy Austria - Spitz","description":"As one of the largest food manufacturers in Austria, Spitz offers individual solutions as a supplier for gastronomy and commercial kitchens. - Your partner for catering services!","robots":{"index":"index","follow":"follow","max-snippet":"max-snippet:-1","max-image-preview":"max-image-preview:large","max-video-preview":"max-video-preview:-1"},"canonical":"https:\/\/www.spitz.at\/en\/private-label-and-contract-filling\/restaurant-supply\/","og_locale":"en_US","og_type":"article","og_title":"Your reliable catering supplier - from rum to waffles and sauces, specifically tailored to your needs.","og_description":"Whether rum, syrup, sauces or dressings - Spitz offers solutions for gastro convenience, specially tailored to the needs of the catering industry.","og_url":"https:\/\/www.spitz.at\/en\/private-label-and-contract-filling\/restaurant-supply\/","og_site_name":"Spitz - Getr\u00e4nke- und Lebensmittelhersteller aus \u00d6sterreich","article_modified_time":"2024-07-31T14:43:26+00:00","twitter_card":"summary_large_image","twitter_misc":{"Est. reading time":"2 minutes"},"schema":{"@context":"https:\/\/schema.org","@graph":[{"@type":"WebPage","@id":"https:\/\/www.spitz.at\/en\/private-label-and-contract-filling\/restaurant-supply\/","url":"https:\/\/www.spitz.at\/en\/private-label-and-contract-filling\/restaurant-supply\/","name":"Food & Beverage supplier for gastronomy Austria - Spitz","isPartOf":{"@id":"https:\/\/www.spitz.at\/#website"},"datePublished":"2021-04-15T14:48:20+00:00","dateModified":"2024-07-31T14:43:26+00:00","description":"As one of the largest food manufacturers in Austria, Spitz offers individual solutions as a supplier for gastronomy and commercial kitchens. - Your partner for catering services!","breadcrumb":{"@id":"https:\/\/www.spitz.at\/en\/private-label-and-contract-filling\/restaurant-supply\/#breadcrumb"},"inLanguage":"en-US","potentialAction":[{"@type":"ReadAction","target":["https:\/\/www.spitz.at\/en\/private-label-and-contract-filling\/restaurant-supply\/"]}]},{"@type":"BreadcrumbList","@id":"https:\/\/www.spitz.at\/en\/private-label-and-contract-filling\/restaurant-supply\/#breadcrumb","itemListElement":[{"@type":"ListItem","position":1,"name":"Startseite","item":"https:\/\/www.spitz.at\/en\/startseite\/"},{"@type":"ListItem","position":2,"name":"Private Label and Contract Filling","item":"https:\/\/www.spitz.at\/en\/private-label-and-contract-filling\/"},{"@type":"ListItem","position":3,"name":"Restaurant Supply"}]},{"@type":"WebSite","@id":"https:\/\/www.spitz.at\/#website","url":"https:\/\/www.spitz.at\/","name":"Spitz - Getr\u00e4nke- und Lebensmittelhersteller aus \u00d6sterreich","description":"\u00d6sterreichischer Lebensmittel- und Getr\u00e4nkehersteller mit Tradition","potentialAction":[{"@type":"SearchAction","target":{"@type":"EntryPoint","urlTemplate":"https:\/\/www.spitz.at\/?s={search_term_string}"},"query-input":{"@type":"PropertyValueSpecification","valueRequired":true,"valueName":"search_term_string"}}],"inLanguage":"en-US"}]}},"_links":{"self":[{"href":"https:\/\/www.spitz.at\/en\/wp-json\/wp\/v2\/pages\/5673295","targetHints":{"allow":["GET"]}}],"collection":[{"href":"https:\/\/www.spitz.at\/en\/wp-json\/wp\/v2\/pages"}],"about":[{"href":"https:\/\/www.spitz.at\/en\/wp-json\/wp\/v2\/types\/page"}],"author":[{"embeddable":true,"href":"https:\/\/www.spitz.at\/en\/wp-json\/wp\/v2\/users\/1"}],"replies":[{"embeddable":true,"href":"https:\/\/www.spitz.at\/en\/wp-json\/wp\/v2\/comments?post=5673295"}],"version-history":[{"count":4,"href":"https:\/\/www.spitz.at\/en\/wp-json\/wp\/v2\/pages\/5673295\/revisions"}],"predecessor-version":[{"id":5677543,"href":"https:\/\/www.spitz.at\/en\/wp-json\/wp\/v2\/pages\/5673295\/revisions\/5677543"}],"up":[{"embeddable":true,"href":"https:\/\/www.spitz.at\/en\/wp-json\/wp\/v2\/pages\/5673275"}],"wp:attachment":[{"href":"https:\/\/www.spitz.at\/en\/wp-json\/wp\/v2\/media?parent=5673295"}],"wp:term":[{"taxonomy":"category","embeddable":true,"href":"https:\/\/www.spitz.at\/en\/wp-json\/wp\/v2\/categories?post=5673295"},{"taxonomy":"post_tag","embeddable":true,"href":"https:\/\/www.spitz.at\/en\/wp-json\/wp\/v2\/tags?post=5673295"}],"curies":[{"name":"wp","href":"https:\/\/api.w.org\/{rel}","templated":true}]}}