{"id":5673300,"date":"2021-04-14T17:06:44","date_gmt":"2021-04-14T15:06:44","guid":{"rendered":"https:\/\/www.spitz.at\/marken\/"},"modified":"2023-05-25T08:35:30","modified_gmt":"2023-05-25T06:35:30","slug":"brands","status":"publish","type":"page","link":"https:\/\/www.spitz.at\/en\/brands\/","title":{"rendered":"Brands"},"content":{"rendered":"[vc_row css=&#8221;.vc_custom_1620044566402{background-image: url(https:\/\/www.spitz.at\/wp-content\/uploads\/2021\/05\/apb-titelbild-logo-claim_1920x1080px-web-scaled.jpg?id=5670777) !important;background-position: center !important;background-repeat: no-repeat !important;background-size: cover !important;}&#8221; el_class=&#8221;custom-header-row&#8221;][vc_column][vc_custom_heading text=&#8221;Specialties&#8221; font_container=&#8221;tag:h1|text_align:left&#8221; use_theme_fonts=&#8221;yes&#8221; el_class=&#8221;overhead font-white&#8221;][vc_custom_heading text=&#8221;Our Brands&#8221; font_container=&#8221;tag:p|text_align:left&#8221; use_theme_fonts=&#8221;yes&#8221; el_class=&#8221;headline1 font-left font-white&#8221;][\/vc_column][\/vc_row][vc_row el_class=&#8221;custom-row gap-topbottom-100 gap-mobile-top-50&#8243;][vc_column][vc_row_inner el_class=&#8221;brand-row&#8221;][vc_column_inner width=&#8221;1\/2&#8243;][vc_single_image image=&#8221;5670372&#8243; img_size=&#8221;full&#8221;][\/vc_column_inner][vc_column_inner el_class=&#8221;brand-special-col-right bg-rosa&#8221; width=&#8221;1\/2&#8243;][vc_custom_heading text=&#8221;BRAND&#8221; font_container=&#8221;tag:p|text_align:left&#8221; el_class=&#8221;overhead font-red font-left font-underline font-uppercase&#8221;][vc_custom_heading text=&#8221;Auer&#8221; font_container=&#8221;tag:p|text_align:left&#8221; el_class=&#8221;headline2 font-black font-left gap-bottom-10&#8243;]<div class=\"norebro-text-sc paragraph font-black font-left\" \n\tid=\"norebro-custom-69df0e1926c7a\" \n\t \n\t>\n\n\t<p>Since 1920, Auer has been combining the crispiest, flakiest gourmet waffles with the finest creams. The most famous: the legendary silky-smooth hazelnut cream with feather-light layers of Auer Tortenecken, or the gently crunchy shell of the Auer Baumst\u00e4mme. But a creamy ice cream sundae is also only half as heavenly without the crispy hollow rolls from Auer. Modern delicacies, like the crunchy Auer Fandoro rolls with creamy chocolate, complete the classic assortment of Viennese specialties. Take a bite and savour the many delicate treats from Auer.<\/p>\n\t\n<\/div>[vc_btn title=&#8221;to the homepage&#8221; el_class=&#8221;button-red button-left gap-top-20&#8243; link=&#8221;url:https%3A%2F%2Fauer-waffeln.at%2F&#8221;][\/vc_column_inner][\/vc_row_inner][\/vc_column][\/vc_row][vc_row el_class=&#8221;custom-row switch-mobile gap-topbottom-100 gap-mobile-top-50&#8243;][vc_column][vc_row_inner el_class=&#8221;brand-row switch-mobile&#8221;][vc_column_inner el_class=&#8221;brand-special-col-left bg-rosa&#8221; width=&#8221;1\/2&#8243;][vc_custom_heading text=&#8221;Brand&#8221; font_container=&#8221;tag:p|text_align:left&#8221; el_class=&#8221;overhead font-red font-left font-underline font-uppercase&#8221;][vc_custom_heading text=&#8221;Blaschke&#8221; font_container=&#8221;tag:p|text_align:left&#8221; el_class=&#8221;headline2 font-black font-left gap-bottom-10&#8243;]<div class=\"norebro-text-sc paragraph font-black font-left\" \n\tid=\"norebro-custom-69df0e1926cfe\" \n\t \n\t>\n\n\t<p>In 1921, the original Blaschke coconut macaroon was invented by the master confectioner Johann Blaschke in Traiskirchen, near Vienna. Since then, it has been treasured and enjoyed by generations of fans. And so, the coconut macaroon has become an Austrian cult favourite. Each original Blaschke coconut macaroon unites the pinnacle of confectionery craftsmanship with the lovingly preserved Austrian baking tradition. Savour the perfect combination of fine ingredients, selected with the utmost care: crispy waffles, rich cream, fluffy coconut and the finest chocolate.<\/p>\n\t\n<\/div>[vc_btn title=&#8221;To the homepage&#8221; el_class=&#8221;button-red button-left gap-top-20&#8243; link=&#8221;url:https%3A%2F%2Fwww.blaschke-original.at%2F&#8221;][\/vc_column_inner][vc_column_inner width=&#8221;1\/2&#8243;][vc_single_image image=&#8221;5672973&#8243; img_size=&#8221;full&#8221;][\/vc_column_inner][\/vc_row_inner][\/vc_column][\/vc_row][vc_row el_class=&#8221;custom-row gap-topbottom-100 gap-mobile-top-50&#8243;][vc_column][vc_row_inner el_class=&#8221;brand-row&#8221;][vc_column_inner width=&#8221;1\/2&#8243;][vc_single_image image=&#8221;5670447&#8243; img_size=&#8221;full&#8221; css=&#8221;.vc_custom_1670339631326{padding-right: 30px !important;}&#8221;][\/vc_column_inner][vc_column_inner el_class=&#8221;brand-special-col-right bg-rosa&#8221; width=&#8221;1\/2&#8243;][vc_custom_heading text=&#8221;Brand&#8221; font_container=&#8221;tag:p|text_align:left&#8221; el_class=&#8221;overhead font-red font-left font-underline font-uppercase&#8221;][vc_custom_heading text=&#8221;Gasteiner&#8221; font_container=&#8221;tag:p|text_align:left&#8221; el_class=&#8221;headline2 font-black font-left gap-bottom-10&#8243;]<div class=\"norebro-text-sc paragraph font-black font-left\" \n\tid=\"norebro-custom-69df0e1926d4a\" \n\t \n\t>\n\n\t<p>From the highest peaks, with the power to move mountains. Gasteiner originates in the High Tauern natural preserve. The pure mineral water comes crystal clear out of the depths of Austria&#8217;s untouched high alpine mountain landscape. It is the only mineral water from the High Tauern National Park.<\/p>\n\t\n<\/div>[vc_btn title=&#8221;to the homepage&#8221; el_class=&#8221;button-red button-left gap-top-20&#8243; link=&#8221;url:https%3A%2F%2Fgasteiner.at%2F&#8221;][\/vc_column_inner][\/vc_row_inner][\/vc_column][\/vc_row][vc_row el_class=&#8221;custom-row gap-topbottom-100 gap-mobile-top-50&#8243;][vc_column][vc_row_inner el_class=&#8221;brand-row&#8221;][vc_column_inner width=&#8221;1\/2&#8243;][vc_single_image image=&#8221;5672967&#8243; img_size=&#8221;full&#8221;][\/vc_column_inner][vc_column_inner el_class=&#8221;brand-special-col-right bg-rosa&#8221; width=&#8221;1\/2&#8243;][vc_custom_heading text=&#8221;Brand&#8221; font_container=&#8221;tag:p|text_align:left&#8221; el_class=&#8221;overhead font-red font-left font-underline font-uppercase&#8221;][vc_custom_heading text=&#8221;GOAL&#8221; font_container=&#8221;tag:p|text_align:left&#8221; el_class=&#8221;headline2 font-black font-left gap-bottom-10&#8243;]<div class=\"norebro-text-sc paragraph font-black font-left\" \n\tid=\"norebro-custom-69df0e1926d92\" \n\t \n\t>\n\n\t<p>Refreshing family fun: GOAL produces the most popular varieties of refreshing beverages for convenient enjoyment: whether in the practical Tetrapack or in PET bottles for when you&#8217;re on the go. The refreshing beverages are healthier than soft drinks, and more fun to drink than water.<\/p>\n\t\n<\/div>[\/vc_column_inner][\/vc_row_inner][\/vc_column][\/vc_row][vc_row el_class=&#8221;custom-row gap-topbottom-100 gap-mobile-top-50&#8243;][vc_column][vc_row_inner el_class=&#8221;brand-row switch-mobile&#8221;][vc_column_inner el_class=&#8221;brand-special-col-left bg-rosa&#8221; width=&#8221;1\/2&#8243;][vc_custom_heading text=&#8221;Brand&#8221; font_container=&#8221;tag:p|text_align:left&#8221; el_class=&#8221;overhead font-red font-left font-underline font-uppercase&#8221;][vc_custom_heading text=&#8221;Honigmayr&#8221; font_container=&#8221;tag:p|text_align:left&#8221; el_class=&#8221;headline2 font-black font-left gap-bottom-10&#8243;]<div class=\"norebro-text-sc paragraph font-black font-left\" \n\tid=\"norebro-custom-69df0e1926dd7\" \n\t \n\t>\n\n\t<p>Outstanding quality has always been the hallmark of Honigmayr honey. 100 years of experience, longstanding personal contact with passionate beekeepers across Austria and the best regions in the world, and a clear focus on their core competence make Honigmayr Austria&#8217;s leader in all things honey. At the same time, each jar of honey remains 100% natural. Pure nature that you can taste.<\/p>\n\t\n<\/div>[vc_btn title=&#8221;To the homepage&#8221; el_class=&#8221;button-red button-left gap-top-20&#8243; link=&#8221;url:https%3A%2F%2Fwww.honigmayr.at%2F&#8221;][\/vc_column_inner][vc_column_inner width=&#8221;1\/2&#8243;][vc_single_image image=&#8221;5672969&#8243; img_size=&#8221;full&#8221;][\/vc_column_inner][\/vc_row_inner][\/vc_column][\/vc_row]\n","protected":false},"excerpt":{"rendered":"<p>[vc_row css=&#8221;.vc_custom_1620044566402{background-image: url(https:\/\/www.spitz.at\/wp-content\/uploads\/2021\/05\/apb-titelbild-logo-claim_1920x1080px-web-scaled.jpg?id=5670777) !important;background-position: center !important;background-repeat: no-repeat !important;background-size: cover !important;}&#8221; el_class=&#8221;custom-header-row&#8221;][vc_column][vc_custom_heading text=&#8221;Specialties&#8221; font_container=&#8221;tag:h1|text_align:left&#8221; use_theme_fonts=&#8221;yes&#8221; el_class=&#8221;overhead font-white&#8221;][vc_custom_heading text=&#8221;Our Brands&#8221; font_container=&#8221;tag:p|text_align:left&#8221; use_theme_fonts=&#8221;yes&#8221;&#8230;<\/p>\n","protected":false},"author":1,"featured_media":0,"parent":0,"menu_order":0,"comment_status":"closed","ping_status":"closed","template":"","meta":{"_acf_changed":false,"footnotes":""},"categories":[29],"tags":[],"class_list":["post-5673300","page","type-page","status-publish","hentry","category-competences"],"acf":[],"yoast_head":"<!-- This site is optimized with the Yoast SEO plugin v27.2 - https:\/\/yoast.com\/product\/yoast-seo-wordpress\/ -->\n<title>The Brands of Spitz - Alpine Brands<\/title>\n<meta name=\"description\" content=\"Under Alpine Brands, Spitz combines the brands Auer, Blaschke, Gasteiner, Honigmayr, Puchheimer &amp; GOAL. \u27a5 Learn more!\" \/>\n<meta name=\"robots\" content=\"index, follow, max-snippet:-1, max-image-preview:large, max-video-preview:-1\" \/>\n<link rel=\"canonical\" href=\"https:\/\/www.spitz.at\/en\/brands\/\" \/>\n<meta property=\"og:locale\" content=\"en_US\" \/>\n<meta property=\"og:type\" content=\"article\" \/>\n<meta property=\"og:title\" content=\"The Brands of Spitz - Alpine Brands\" \/>\n<meta property=\"og:description\" content=\"Under Alpine Brands, Spitz combines the brands Auer, Blaschke, Gasteiner, Honigmayr, Puchheimer &amp; GOAL. \u27a5 Learn more!\" \/>\n<meta property=\"og:url\" content=\"https:\/\/www.spitz.at\/en\/brands\/\" \/>\n<meta property=\"og:site_name\" content=\"Spitz - Getr\u00e4nke- und Lebensmittelhersteller aus \u00d6sterreich\" \/>\n<meta property=\"article:modified_time\" content=\"2023-05-25T06:35:30+00:00\" \/>\n<meta name=\"twitter:card\" content=\"summary_large_image\" \/>\n<meta name=\"twitter:label1\" content=\"Est. reading time\" \/>\n\t<meta name=\"twitter:data1\" content=\"3 minutes\" \/>\n<script type=\"application\/ld+json\" class=\"yoast-schema-graph\">{\"@context\":\"https:\/\/schema.org\",\"@graph\":[{\"@type\":\"WebPage\",\"@id\":\"https:\/\/www.spitz.at\/en\/brands\/\",\"url\":\"https:\/\/www.spitz.at\/en\/brands\/\",\"name\":\"The Brands of Spitz - Alpine Brands\",\"isPartOf\":{\"@id\":\"https:\/\/www.spitz.at\/#website\"},\"datePublished\":\"2021-04-14T15:06:44+00:00\",\"dateModified\":\"2023-05-25T06:35:30+00:00\",\"description\":\"Under Alpine Brands, Spitz combines the brands Auer, Blaschke, Gasteiner, Honigmayr, Puchheimer & GOAL. \u27a5 Learn more!\",\"breadcrumb\":{\"@id\":\"https:\/\/www.spitz.at\/en\/brands\/#breadcrumb\"},\"inLanguage\":\"en-US\",\"potentialAction\":[{\"@type\":\"ReadAction\",\"target\":[\"https:\/\/www.spitz.at\/en\/brands\/\"]}]},{\"@type\":\"BreadcrumbList\",\"@id\":\"https:\/\/www.spitz.at\/en\/brands\/#breadcrumb\",\"itemListElement\":[{\"@type\":\"ListItem\",\"position\":1,\"name\":\"Startseite\",\"item\":\"https:\/\/www.spitz.at\/en\/startseite\/\"},{\"@type\":\"ListItem\",\"position\":2,\"name\":\"Brands\"}]},{\"@type\":\"WebSite\",\"@id\":\"https:\/\/www.spitz.at\/#website\",\"url\":\"https:\/\/www.spitz.at\/\",\"name\":\"Spitz - Getr\u00e4nke- und Lebensmittelhersteller aus \u00d6sterreich\",\"description\":\"\u00d6sterreichischer Lebensmittel- und Getr\u00e4nkehersteller mit Tradition\",\"potentialAction\":[{\"@type\":\"SearchAction\",\"target\":{\"@type\":\"EntryPoint\",\"urlTemplate\":\"https:\/\/www.spitz.at\/?s={search_term_string}\"},\"query-input\":{\"@type\":\"PropertyValueSpecification\",\"valueRequired\":true,\"valueName\":\"search_term_string\"}}],\"inLanguage\":\"en-US\"}]}<\/script>\n<!-- \/ Yoast SEO plugin. -->","yoast_head_json":{"title":"The Brands of Spitz - Alpine Brands","description":"Under Alpine Brands, Spitz combines the brands Auer, Blaschke, Gasteiner, Honigmayr, Puchheimer & GOAL. \u27a5 Learn more!","robots":{"index":"index","follow":"follow","max-snippet":"max-snippet:-1","max-image-preview":"max-image-preview:large","max-video-preview":"max-video-preview:-1"},"canonical":"https:\/\/www.spitz.at\/en\/brands\/","og_locale":"en_US","og_type":"article","og_title":"The Brands of Spitz - Alpine Brands","og_description":"Under Alpine Brands, Spitz combines the brands Auer, Blaschke, Gasteiner, Honigmayr, Puchheimer & GOAL. \u27a5 Learn more!","og_url":"https:\/\/www.spitz.at\/en\/brands\/","og_site_name":"Spitz - Getr\u00e4nke- und Lebensmittelhersteller aus \u00d6sterreich","article_modified_time":"2023-05-25T06:35:30+00:00","twitter_card":"summary_large_image","twitter_misc":{"Est. reading time":"3 minutes"},"schema":{"@context":"https:\/\/schema.org","@graph":[{"@type":"WebPage","@id":"https:\/\/www.spitz.at\/en\/brands\/","url":"https:\/\/www.spitz.at\/en\/brands\/","name":"The Brands of Spitz - Alpine Brands","isPartOf":{"@id":"https:\/\/www.spitz.at\/#website"},"datePublished":"2021-04-14T15:06:44+00:00","dateModified":"2023-05-25T06:35:30+00:00","description":"Under Alpine Brands, Spitz combines the brands Auer, Blaschke, Gasteiner, Honigmayr, Puchheimer & GOAL. \u27a5 Learn more!","breadcrumb":{"@id":"https:\/\/www.spitz.at\/en\/brands\/#breadcrumb"},"inLanguage":"en-US","potentialAction":[{"@type":"ReadAction","target":["https:\/\/www.spitz.at\/en\/brands\/"]}]},{"@type":"BreadcrumbList","@id":"https:\/\/www.spitz.at\/en\/brands\/#breadcrumb","itemListElement":[{"@type":"ListItem","position":1,"name":"Startseite","item":"https:\/\/www.spitz.at\/en\/startseite\/"},{"@type":"ListItem","position":2,"name":"Brands"}]},{"@type":"WebSite","@id":"https:\/\/www.spitz.at\/#website","url":"https:\/\/www.spitz.at\/","name":"Spitz - Getr\u00e4nke- und Lebensmittelhersteller aus \u00d6sterreich","description":"\u00d6sterreichischer Lebensmittel- und Getr\u00e4nkehersteller mit Tradition","potentialAction":[{"@type":"SearchAction","target":{"@type":"EntryPoint","urlTemplate":"https:\/\/www.spitz.at\/?s={search_term_string}"},"query-input":{"@type":"PropertyValueSpecification","valueRequired":true,"valueName":"search_term_string"}}],"inLanguage":"en-US"}]}},"_links":{"self":[{"href":"https:\/\/www.spitz.at\/en\/wp-json\/wp\/v2\/pages\/5673300","targetHints":{"allow":["GET"]}}],"collection":[{"href":"https:\/\/www.spitz.at\/en\/wp-json\/wp\/v2\/pages"}],"about":[{"href":"https:\/\/www.spitz.at\/en\/wp-json\/wp\/v2\/types\/page"}],"author":[{"embeddable":true,"href":"https:\/\/www.spitz.at\/en\/wp-json\/wp\/v2\/users\/1"}],"replies":[{"embeddable":true,"href":"https:\/\/www.spitz.at\/en\/wp-json\/wp\/v2\/comments?post=5673300"}],"version-history":[{"count":2,"href":"https:\/\/www.spitz.at\/en\/wp-json\/wp\/v2\/pages\/5673300\/revisions"}],"predecessor-version":[{"id":5673303,"href":"https:\/\/www.spitz.at\/en\/wp-json\/wp\/v2\/pages\/5673300\/revisions\/5673303"}],"wp:attachment":[{"href":"https:\/\/www.spitz.at\/en\/wp-json\/wp\/v2\/media?parent=5673300"}],"wp:term":[{"taxonomy":"category","embeddable":true,"href":"https:\/\/www.spitz.at\/en\/wp-json\/wp\/v2\/categories?post=5673300"},{"taxonomy":"post_tag","embeddable":true,"href":"https:\/\/www.spitz.at\/en\/wp-json\/wp\/v2\/tags?post=5673300"}],"curies":[{"name":"wp","href":"https:\/\/api.w.org\/{rel}","templated":true}]}}