{"id":5673699,"date":"2021-04-23T14:21:53","date_gmt":"2021-04-23T12:21:53","guid":{"rendered":"https:\/\/www.spitz.at\/impressum\/"},"modified":"2023-05-25T08:35:47","modified_gmt":"2023-05-25T06:35:47","slug":"site-notice","status":"publish","type":"page","link":"https:\/\/www.spitz.at\/en\/site-notice\/","title":{"rendered":"Impressum &#8211; Site notice"},"content":{"rendered":"[vc_row el_class=&#8221;custom-row-colored bg-rosa gap-topbottom-100 gap-mobile-top-120&#8243;][vc_column width=&#8221;1\/4&#8243;][\/vc_column][vc_column width=&#8221;1\/2&#8243;][vc_custom_heading text=&#8221;Site notice&#8221; use_theme_fonts=&#8221;yes&#8221; el_class=&#8221;font-center font-black&#8221;][\/vc_column][vc_column width=&#8221;1\/4&#8243;][\/vc_column][\/vc_row][vc_row el_class=&#8221;custom-row gap-topbottom-100 gap-mobile-topbottom-50&#8243;][vc_column width=&#8221;1\/4&#8243;][\/vc_column][vc_column width=&#8221;1\/2&#8243;][vc_row_inner][vc_column_inner el_class=&#8221;text-col-left&#8221;][vc_custom_heading text=&#8221;Owner and publisher&#8221; el_class=&#8221;headline2 font-left font-red&#8221;]<div class=\"norebro-text-sc paragraph font-black gap-bottom-30\" \n\tid=\"norebro-custom-69df0e1934d02\" \n\t \n\t>\n\n\t<p>Company name: S. Spitz GmbH<br \/>\nFounding year: 1857<br \/>\nCompany register number: FN459290b<br \/>\nCompany register court of jurisdiction: Landesgericht Wels<br \/>\nLegal form: GmbH<br \/>\nBusiness sector: Food and beverage industry<br \/>\nVAT ID number: ATU71679515<br \/>\nCertifications: ISO 14001:2015, IFS<br \/>\nfor selected product groups: BIO, Vegan, AMA-Biosiegel, Gentechnik-frei, Halal, Fairtrade, RFA, RSPO<br \/>\nAddress: Gmundner Stra\u00dfe 27, 4800 Attnang-Puchheim<br \/>\nTelephone number: +43 7674 616 -0<br \/>\nE-mail address: spitz@spitz.at<br \/>\nInternet address: www.spitz.at<\/p>\n\t\n<\/div>[\/vc_column_inner][\/vc_row_inner][vc_row_inner][vc_column_inner el_class=&#8221;text-col-left&#8221;][vc_custom_heading text=&#8221;Website implementation&#8221; el_class=&#8221;headline2 font-left font-red&#8221;]<div class=\"norebro-text-sc paragraph font-black gap-bottom-30\" \n\tid=\"norebro-custom-69df0e1934d93\" \n\t \n\t>\n\n\t<p>Concept, web design, technical implementation: Gruppe am Park<br \/>\nSEO: eMagnetix Online Marketing GmbH<\/p>\n\t\n<\/div>[\/vc_column_inner][\/vc_row_inner][vc_row_inner][vc_column_inner el_class=&#8221;text-col-left&#8221;][vc_custom_heading text=&#8221;Legal disclaimer&#8221; el_class=&#8221;headline2 font-left font-red&#8221;]<div class=\"norebro-text-sc paragraph font-black gap-bottom-30\" \n\tid=\"norebro-custom-69df0e1934e25\" \n\t \n\t>\n\n\t<p>All content on www.spitz.at has been carefully edited and tested. Spitz assumes no liability for the completeness, accuracy, or currency of the published information. Any claims against Spitz for damages of any kind resulting from the use or non-use of the information provided or from the use of incorrect or incomplete information are void, as long as no proof of deliberate or grossly negligent provision of misinformation by Spitz can be provided.<\/p>\n<p>Spitz assumes no responsibility and hereby precludes any liability for damages or virus infections that may arise on the computer or other equipment belonging to the visitor due to accessing this site or searching for or downloading data, text, images, audio, video, or other material from this site.<\/p>\n<p>Spitz expressly reserves the right to change and add to individual pages or the entire online offering without notice.<\/p>\n<p>Spitz assumes no liability for the correctness or completeness of information provided about the products and services found on the website. This applies in particular to product descriptions. Some product names used on the Spitz website are protected by trademark, copyright and\/or competition law.<br \/>\nLinks and references to other sites found on the Spitz website are always represented by external links in their own browser windows. Spitz assumes no liability for the content of these linked websites.<\/p>\n<p>The copyright for objects published and created by Spitz remains entirely with Spitz. In particular, all texts, graphics, images, video clips, films, audio files, software and other documents are protected by copyright law; any non-personal use thereof, and especially any commercial use by third parties, is prohibited unless otherwise explicitly approved by Spitz. Any violation of this copyright, independent of geographic location, will lead to corresponding criminal and civil legal action.<\/p>\n\t\n<\/div>[\/vc_column_inner][\/vc_row_inner][\/vc_column][vc_column width=&#8221;1\/4&#8243;][\/vc_column][\/vc_row]\n","protected":false},"excerpt":{"rendered":"<p>[vc_row el_class=&#8221;custom-row-colored bg-rosa gap-topbottom-100 gap-mobile-top-120&#8243;][vc_column width=&#8221;1\/4&#8243;][\/vc_column][vc_column width=&#8221;1\/2&#8243;][vc_custom_heading text=&#8221;Site notice&#8221; use_theme_fonts=&#8221;yes&#8221; el_class=&#8221;font-center font-black&#8221;][\/vc_column][vc_column width=&#8221;1\/4&#8243;][\/vc_column][\/vc_row][vc_row el_class=&#8221;custom-row gap-topbottom-100 gap-mobile-topbottom-50&#8243;][vc_column width=&#8221;1\/4&#8243;][\/vc_column][vc_column width=&#8221;1\/2&#8243;][vc_row_inner][vc_column_inner el_class=&#8221;text-col-left&#8221;][vc_custom_heading text=&#8221;Owner&#8230;<\/p>\n","protected":false},"author":1,"featured_media":0,"parent":0,"menu_order":0,"comment_status":"closed","ping_status":"closed","template":"","meta":{"_acf_changed":false,"footnotes":""},"categories":[31],"tags":[],"class_list":["post-5673699","page","type-page","status-publish","hentry","category-footer-en"],"acf":[],"yoast_head":"<!-- This site is optimized with the Yoast SEO plugin v27.2 - https:\/\/yoast.com\/product\/yoast-seo-wordpress\/ -->\n<title>Impressum - Spitz<\/title>\n<meta name=\"description\" content=\"Sie suchen Informationen \u00fcber den Lebensmittel- &amp; Getr\u00e4nkehersteller Spitz? \u27a4 Im Impressum finden Sie alle Daten!\" \/>\n<meta name=\"robots\" content=\"index, follow, max-snippet:-1, max-image-preview:large, max-video-preview:-1\" \/>\n<link rel=\"canonical\" href=\"https:\/\/www.spitz.at\/en\/site-notice\/\" \/>\n<meta property=\"og:locale\" content=\"en_US\" \/>\n<meta property=\"og:type\" content=\"article\" \/>\n<meta property=\"og:title\" content=\"Impressum - Spitz\" \/>\n<meta property=\"og:description\" content=\"Sie suchen Informationen \u00fcber den Lebensmittel- &amp; Getr\u00e4nkehersteller Spitz? \u27a4 Im Impressum finden Sie alle Daten!\" \/>\n<meta property=\"og:url\" content=\"https:\/\/www.spitz.at\/en\/site-notice\/\" \/>\n<meta property=\"og:site_name\" content=\"Spitz - Getr\u00e4nke- und Lebensmittelhersteller aus \u00d6sterreich\" \/>\n<meta property=\"article:modified_time\" content=\"2023-05-25T06:35:47+00:00\" \/>\n<meta name=\"twitter:card\" content=\"summary_large_image\" \/>\n<meta name=\"twitter:label1\" content=\"Est. reading time\" \/>\n\t<meta name=\"twitter:data1\" content=\"3 minutes\" \/>\n<script type=\"application\/ld+json\" class=\"yoast-schema-graph\">{\"@context\":\"https:\/\/schema.org\",\"@graph\":[{\"@type\":\"WebPage\",\"@id\":\"https:\/\/www.spitz.at\/en\/site-notice\/\",\"url\":\"https:\/\/www.spitz.at\/en\/site-notice\/\",\"name\":\"Impressum - Spitz\",\"isPartOf\":{\"@id\":\"https:\/\/www.spitz.at\/#website\"},\"datePublished\":\"2021-04-23T12:21:53+00:00\",\"dateModified\":\"2023-05-25T06:35:47+00:00\",\"description\":\"Sie suchen Informationen \u00fcber den Lebensmittel- & Getr\u00e4nkehersteller Spitz? \u27a4 Im Impressum finden Sie alle Daten!\",\"breadcrumb\":{\"@id\":\"https:\/\/www.spitz.at\/en\/site-notice\/#breadcrumb\"},\"inLanguage\":\"en-US\",\"potentialAction\":[{\"@type\":\"ReadAction\",\"target\":[\"https:\/\/www.spitz.at\/en\/site-notice\/\"]}]},{\"@type\":\"BreadcrumbList\",\"@id\":\"https:\/\/www.spitz.at\/en\/site-notice\/#breadcrumb\",\"itemListElement\":[{\"@type\":\"ListItem\",\"position\":1,\"name\":\"Startseite\",\"item\":\"https:\/\/www.spitz.at\/en\/startseite\/\"},{\"@type\":\"ListItem\",\"position\":2,\"name\":\"Impressum &#8211; Site notice\"}]},{\"@type\":\"WebSite\",\"@id\":\"https:\/\/www.spitz.at\/#website\",\"url\":\"https:\/\/www.spitz.at\/\",\"name\":\"Spitz - Getr\u00e4nke- und Lebensmittelhersteller aus \u00d6sterreich\",\"description\":\"\u00d6sterreichischer Lebensmittel- und Getr\u00e4nkehersteller mit Tradition\",\"potentialAction\":[{\"@type\":\"SearchAction\",\"target\":{\"@type\":\"EntryPoint\",\"urlTemplate\":\"https:\/\/www.spitz.at\/?s={search_term_string}\"},\"query-input\":{\"@type\":\"PropertyValueSpecification\",\"valueRequired\":true,\"valueName\":\"search_term_string\"}}],\"inLanguage\":\"en-US\"}]}<\/script>\n<!-- \/ Yoast SEO plugin. -->","yoast_head_json":{"title":"Impressum - Spitz","description":"Sie suchen Informationen \u00fcber den Lebensmittel- & Getr\u00e4nkehersteller Spitz? \u27a4 Im Impressum finden Sie alle Daten!","robots":{"index":"index","follow":"follow","max-snippet":"max-snippet:-1","max-image-preview":"max-image-preview:large","max-video-preview":"max-video-preview:-1"},"canonical":"https:\/\/www.spitz.at\/en\/site-notice\/","og_locale":"en_US","og_type":"article","og_title":"Impressum - Spitz","og_description":"Sie suchen Informationen \u00fcber den Lebensmittel- & Getr\u00e4nkehersteller Spitz? \u27a4 Im Impressum finden Sie alle Daten!","og_url":"https:\/\/www.spitz.at\/en\/site-notice\/","og_site_name":"Spitz - Getr\u00e4nke- und Lebensmittelhersteller aus \u00d6sterreich","article_modified_time":"2023-05-25T06:35:47+00:00","twitter_card":"summary_large_image","twitter_misc":{"Est. reading time":"3 minutes"},"schema":{"@context":"https:\/\/schema.org","@graph":[{"@type":"WebPage","@id":"https:\/\/www.spitz.at\/en\/site-notice\/","url":"https:\/\/www.spitz.at\/en\/site-notice\/","name":"Impressum - Spitz","isPartOf":{"@id":"https:\/\/www.spitz.at\/#website"},"datePublished":"2021-04-23T12:21:53+00:00","dateModified":"2023-05-25T06:35:47+00:00","description":"Sie suchen Informationen \u00fcber den Lebensmittel- & Getr\u00e4nkehersteller Spitz? \u27a4 Im Impressum finden Sie alle Daten!","breadcrumb":{"@id":"https:\/\/www.spitz.at\/en\/site-notice\/#breadcrumb"},"inLanguage":"en-US","potentialAction":[{"@type":"ReadAction","target":["https:\/\/www.spitz.at\/en\/site-notice\/"]}]},{"@type":"BreadcrumbList","@id":"https:\/\/www.spitz.at\/en\/site-notice\/#breadcrumb","itemListElement":[{"@type":"ListItem","position":1,"name":"Startseite","item":"https:\/\/www.spitz.at\/en\/startseite\/"},{"@type":"ListItem","position":2,"name":"Impressum &#8211; Site notice"}]},{"@type":"WebSite","@id":"https:\/\/www.spitz.at\/#website","url":"https:\/\/www.spitz.at\/","name":"Spitz - Getr\u00e4nke- und Lebensmittelhersteller aus \u00d6sterreich","description":"\u00d6sterreichischer Lebensmittel- und Getr\u00e4nkehersteller mit Tradition","potentialAction":[{"@type":"SearchAction","target":{"@type":"EntryPoint","urlTemplate":"https:\/\/www.spitz.at\/?s={search_term_string}"},"query-input":{"@type":"PropertyValueSpecification","valueRequired":true,"valueName":"search_term_string"}}],"inLanguage":"en-US"}]}},"_links":{"self":[{"href":"https:\/\/www.spitz.at\/en\/wp-json\/wp\/v2\/pages\/5673699","targetHints":{"allow":["GET"]}}],"collection":[{"href":"https:\/\/www.spitz.at\/en\/wp-json\/wp\/v2\/pages"}],"about":[{"href":"https:\/\/www.spitz.at\/en\/wp-json\/wp\/v2\/types\/page"}],"author":[{"embeddable":true,"href":"https:\/\/www.spitz.at\/en\/wp-json\/wp\/v2\/users\/1"}],"replies":[{"embeddable":true,"href":"https:\/\/www.spitz.at\/en\/wp-json\/wp\/v2\/comments?post=5673699"}],"version-history":[{"count":1,"href":"https:\/\/www.spitz.at\/en\/wp-json\/wp\/v2\/pages\/5673699\/revisions"}],"predecessor-version":[{"id":5673703,"href":"https:\/\/www.spitz.at\/en\/wp-json\/wp\/v2\/pages\/5673699\/revisions\/5673703"}],"wp:attachment":[{"href":"https:\/\/www.spitz.at\/en\/wp-json\/wp\/v2\/media?parent=5673699"}],"wp:term":[{"taxonomy":"category","embeddable":true,"href":"https:\/\/www.spitz.at\/en\/wp-json\/wp\/v2\/categories?post=5673699"},{"taxonomy":"post_tag","embeddable":true,"href":"https:\/\/www.spitz.at\/en\/wp-json\/wp\/v2\/tags?post=5673699"}],"curies":[{"name":"wp","href":"https:\/\/api.w.org\/{rel}","templated":true}]}}