{"id":5673704,"date":"2021-04-09T12:33:21","date_gmt":"2021-04-09T10:33:21","guid":{"rendered":"https:\/\/www.spitz.at\/startseite\/"},"modified":"2023-05-25T08:36:49","modified_gmt":"2023-05-25T06:36:49","slug":"startseite","status":"publish","type":"page","link":"https:\/\/www.spitz.at\/en\/","title":{"rendered":"Startseite EN"},"content":{"rendered":"[vc_row css=&#8221;.vc_custom_1662530961119{background-image: url(https:\/\/www.spitz.at\/wp-content\/uploads\/2022\/09\/Spitz-Produktion-Private-Label-Produkte-1-scaled.jpg?id=5672533) !important;background-position: center !important;background-repeat: no-repeat !important;background-size: cover !important;}&#8221; el_class=&#8221;custom-header-row&#8221;][vc_column][vc_custom_heading text=&#8221;Passion for Food&#8221; font_container=&#8221;tag:p|text_align:left&#8221; use_theme_fonts=&#8221;yes&#8221; el_class=&#8221;headline1 font-left font-white gap-mobile-bottom-20&#8243;][\/vc_column][\/vc_row][vc_row el_class=&#8221;custom-row-colored gap-topbottom-30&#8243;][vc_column][vc_row_inner el_class=&#8221;custom-row icon-listing-four-col gap-icon-text&#8221;][vc_column_inner width=&#8221;1\/4&#8243;][vc_single_image image=&#8221;5670130&#8243; img_size=&#8221;full&#8221; el_class=&#8221;icon-listing gap-bottom-30&#8243; el_id=&#8221;icon-paket-2&#8243;]<div class=\"norebro-text-sc headline3 font-black font-center\" \n\tid=\"norebro-custom-69ecb0131f840\" \n\t \n\t>\n\n\t<p>A Family Company<br \/>\nwith a Personal Focus<\/p>\n\t\n<\/div>[\/vc_column_inner][vc_column_inner width=&#8221;1\/4&#8243;][vc_single_image image=&#8221;5670443&#8243; img_size=&#8221;full&#8221; el_class=&#8221;icon-listing gap-bottom-30&#8243; el_id=&#8221;icon-paket-2&#8243;]<div class=\"norebro-text-sc headline3 font-black font-center\" \n\tid=\"norebro-custom-69ecb0131f8a8\" \n\t \n\t>\n\n\t<p>Customer Orientation<\/p>\n\t\n<\/div>[\/vc_column_inner][vc_column_inner width=&#8221;1\/4&#8243;][vc_single_image image=&#8221;5670339&#8243; img_size=&#8221;full&#8221; el_class=&#8221;icon-listing gap-bottom-30&#8243; el_id=&#8221;icon-paket-2&#8243;]<div class=\"norebro-text-sc headline3 font-black font-center\" \n\tid=\"norebro-custom-69ecb0131f8ed\" \n\t \n\t>\n\n\t<p>Technological Focus<\/p>\n\t\n<\/div>[\/vc_column_inner][vc_column_inner width=&#8221;1\/4&#8243;][vc_single_image image=&#8221;5670119&#8243; img_size=&#8221;full&#8221; el_class=&#8221;icon-listing gap-bottom-30&#8243; el_id=&#8221;icon-paket-2&#8243;]<div class=\"norebro-text-sc headline3 font-black font-center\" \n\tid=\"norebro-custom-69ecb0131f92d\" \n\t \n\t>\n\n\t<p>Sustainable Development<\/p>\n\t\n<\/div>[\/vc_column_inner][\/vc_row_inner][\/vc_column][\/vc_row][vc_row el_class=&#8221;custom-row-zitat bg-red gap-top-60 gap-bottom-120&#8243;][vc_column][vc_row_inner el_class=&#8221;custom-row-885&#8243;][vc_column_inner][vc_custom_heading text=&#8221;100% Made in Austria<br \/>\nfor over 160 years.&#8221; font_container=&#8221;tag:p|text_align:left&#8221; use_theme_fonts=&#8221;yes&#8221; el_class=&#8221;headline1 font-center font-white&#8221;][\/vc_column_inner][\/vc_row_inner][\/vc_column][\/vc_row][vc_row el_class=&#8221;custom-row gap-top-20 gap-mobile-topbottom-50&#8243;][vc_column][vc_row_inner el_class=&#8221;brand-row&#8221;][vc_column_inner width=&#8221;1\/2&#8243;][vc_single_image image=&#8221;5672637&#8243; img_size=&#8221;full&#8221;][\/vc_column_inner][vc_column_inner el_class=&#8221;brand-special-col-right bg-rosa&#8221; width=&#8221;1\/2&#8243;][vc_custom_heading text=&#8221;Specialties&#8221; font_container=&#8221;tag:p|text_align:left&#8221; el_class=&#8221;overhead font-red font-left font-underline font-uppercase&#8221;][vc_custom_heading text=&#8221;A wide variety of services for specific customer needs&#8221; font_container=&#8221;tag:p|text_align:left&#8221; el_class=&#8221;headline2 font-black font-left gap-bottom-10&#8243;]<div class=\"norebro-text-sc paragraph font-black font-left\" \n\tid=\"norebro-custom-69ecb0131f96e\" \n\t \n\t>\n\n\t<p>Spitz brings together a uniquely diverse selection of product and production areas under one roof. This allows us to be a flexible partner, capable of accomodating individual requirements like no other food and beverage manufacturer.<br \/>\nOur expertise lies in the development and manufacture of beverages, confectionery and baked goods, sweets and savoury products.<\/p>\n\t\n<\/div>[vc_btn title=&#8221;More about our expertise&#8221; el_class=&#8221;button-red button-left gap-top-20 gap-mobile-top-20&#8243; link=&#8221;url:https%3A%2F%2Fwww.spitz.at%2Fexpertise%2F|title:Private%20Label%20und%20Lohnf%C3%BCllung&#8221;][\/vc_column_inner][\/vc_row_inner][\/vc_column][\/vc_row][vc_row el_class=&#8221;custom-row gap-top-100 gap-mobile-topbottom-50&#8243;][vc_column][vc_row_inner el_class=&#8221;brand-row&#8221;][vc_column_inner el_class=&#8221;brand-special-col-left bg-rosa&#8221; width=&#8221;1\/2&#8243;][vc_custom_heading text=&#8221;Career&#8221; font_container=&#8221;tag:p|text_align:left&#8221; el_class=&#8221;overhead font-red font-left font-underline font-uppercase&#8221;][vc_custom_heading text=&#8221;Careers to Enjoy in the Food Industry&#8221; font_container=&#8221;tag:p|text_align:left&#8221; el_class=&#8221;headline2 font-black font-left gap-bottom-10&#8243;]<div class=\"norebro-text-sc paragraph font-black font-left\" \n\tid=\"norebro-custom-69ecb0131f9ae\" \n\t \n\t>\n\n\t<p>Spitz is looking for professionals with personality and a passion for food who want to roll up their sleeves and leave their mark in a family company. The food industry offers an attractive and exciting environment for such individuals. It is not only crisis-proof, but also sustainable and future-oriented. Exciting products are part of every working day at Spitz. We also offer excellent educational and training opportunities, numerous employee benefits and above all long-term prospects at one of the largest food manufacturers in Austria.<\/p>\n\t\n<\/div>[vc_btn title=&#8221;More about Careers to Enjoy&#8221; el_class=&#8221;button-red button-left gap-top-20 gap-mobile-top-20&#8243; link=&#8221;url:%2Fwir-als-arbeitgeber%2F|title:Wir%20als%20Arbeitgeber&#8221;][\/vc_column_inner][vc_column_inner width=&#8221;1\/2&#8243;][vc_single_image image=&#8221;5672522&#8243; img_size=&#8221;full&#8221;][\/vc_column_inner][\/vc_row_inner][\/vc_column][\/vc_row][vc_row el_class=&#8221;custom-row gap-topbottom-100 gap-mobile-topbottom-50&#8243;][vc_column][vc_row_inner el_class=&#8221;brand-row switch-mobile&#8221;][vc_column_inner width=&#8221;1\/2&#8243;][vc_single_image image=&#8221;5670855&#8243; img_size=&#8221;full&#8221;][\/vc_column_inner][vc_column_inner el_class=&#8221;brand-special-col-right bg-rosa&#8221; width=&#8221;1\/2&#8243;][vc_custom_heading text=&#8221;Sustainability&#8221; font_container=&#8221;tag:p|text_align:left&#8221; el_class=&#8221;overhead font-red font-left font-underline font-uppercase&#8221;][vc_custom_heading text=&#8221;A Focus on Sustainable Development&#8221; font_container=&#8221;tag:p|text_align:left&#8221; el_class=&#8221;headline2 font-black font-left gap-bottom-10&#8243;]<div class=\"norebro-text-sc paragraph font-black font-left\" \n\tid=\"norebro-custom-69ecb0131f9ed\" \n\t \n\t>\n\n\t<p>As one of the largest and most successful Austrian food and beverage manufacturers, Spitz sees sustainable development among its core strategic missions, right alongside customer orientation, technological drive and caring for our employees. This commitment to the many facets of sustainability is no short-term direction \u2013 rather, it is our way of life, visible in the way we approach each other and the completion of all of our business processes and commercial endeavors. The focus constantly remains on striving to create a balance between economic, ecological and social sustainability in order to preserve a world worth living in for ourselves and every generation to come.<\/p>\n\t\n<\/div>[vc_btn title=&#8221;More about Sustainabile Development&#8221; el_class=&#8221;button-red button-left gap-top-20 gap-mobile-top-20&#8243; link=&#8221;url:https%3A%2F%2Fwww.spitz.at%2Funsere-verantwortung%2F|title:Wir%20als%20Arbeitgeber&#8221;][\/vc_column_inner][\/vc_row_inner][\/vc_column][\/vc_row][vc_row el_class=&#8221;custom-row icon-listing-one-col gap-icon-text gap-top-90 gap-bottom-90 gap-mobile-topbottom-50&#8243;][vc_column][vc_single_image image=&#8221;5670117&#8243; img_size=&#8221;full&#8221; alignment=&#8221;center&#8221; el_class=&#8221;icon-listing gap-bottom-30&#8243; el_id=&#8221;icon-paket-2&#8243;][vc_custom_heading text=&#8221;Question?<br \/>\nContact us.&#8221; font_container=&#8221;tag:p|text_align:left&#8221; el_class=&#8221;headline2 font-black font-center gap-bottom-10 gap-mobile-bottom-20&#8243;][vc_btn title=&#8221;Enquiry&#8221; el_class=&#8221;button-red-full button-center gap-top-20 gap-mobile-top-20&#8243; link=&#8221;url:%2Fkontakt%2F|title:Kontakt&#8221;][\/vc_column][\/vc_row]\n","protected":false},"excerpt":{"rendered":"<p>[vc_row css=&#8221;.vc_custom_1662530961119{background-image: url(https:\/\/www.spitz.at\/wp-content\/uploads\/2022\/09\/Spitz-Produktion-Private-Label-Produkte-1-scaled.jpg?id=5672533) !important;background-position: center !important;background-repeat: no-repeat !important;background-size: cover !important;}&#8221; el_class=&#8221;custom-header-row&#8221;][vc_column][vc_custom_heading text=&#8221;Passion for Food&#8221; font_container=&#8221;tag:p|text_align:left&#8221; use_theme_fonts=&#8221;yes&#8221; el_class=&#8221;headline1 font-left font-white gap-mobile-bottom-20&#8243;][\/vc_column][\/vc_row][vc_row&#8230;<\/p>\n","protected":false},"author":1,"featured_media":0,"parent":0,"menu_order":0,"comment_status":"closed","ping_status":"closed","template":"","meta":{"_acf_changed":false,"footnotes":""},"categories":[23],"tags":[],"class_list":["post-5673704","page","type-page","status-publish","hentry","category-about-us"],"acf":[],"yoast_head":"<!-- This site is optimized with the Yoast SEO plugin v27.4 - https:\/\/yoast.com\/product\/yoast-seo-wordpress\/ -->\n<title>Food and beverage manufacturer in Austria - Spitz<\/title>\n<meta name=\"description\" content=\"Our expertise lies in the development and manufacture of beverages, confectionery and baked goods, sweets and savoury products.\" \/>\n<meta name=\"robots\" content=\"index, follow, max-snippet:-1, max-image-preview:large, max-video-preview:-1\" \/>\n<link rel=\"canonical\" href=\"https:\/\/www.spitz.at\/en\/startseite\/\" \/>\n<meta property=\"og:locale\" content=\"en_US\" \/>\n<meta property=\"og:type\" content=\"article\" \/>\n<meta property=\"og:title\" content=\"Food and beverage manufacturer in Austria - Spitz\" \/>\n<meta property=\"og:description\" content=\"Our expertise lies in the development and manufacture of beverages, confectionery and baked goods, sweets and savoury products.\" \/>\n<meta property=\"og:url\" content=\"https:\/\/www.spitz.at\/en\/startseite\/\" \/>\n<meta property=\"og:site_name\" content=\"Spitz - Getr\u00e4nke- und Lebensmittelhersteller aus \u00d6sterreich\" \/>\n<meta property=\"article:modified_time\" content=\"2023-05-25T06:36:49+00:00\" \/>\n<meta name=\"twitter:card\" content=\"summary_large_image\" \/>\n<meta name=\"twitter:label1\" content=\"Est. reading time\" \/>\n\t<meta name=\"twitter:data1\" content=\"3 minutes\" \/>\n<script type=\"application\/ld+json\" class=\"yoast-schema-graph\">{\"@context\":\"https:\\\/\\\/schema.org\",\"@graph\":[{\"@type\":\"WebPage\",\"@id\":\"https:\\\/\\\/www.spitz.at\\\/en\\\/startseite\\\/\",\"url\":\"https:\\\/\\\/www.spitz.at\\\/en\\\/startseite\\\/\",\"name\":\"Food and beverage manufacturer in Austria - Spitz\",\"isPartOf\":{\"@id\":\"https:\\\/\\\/www.spitz.at\\\/#website\"},\"datePublished\":\"2021-04-09T10:33:21+00:00\",\"dateModified\":\"2023-05-25T06:36:49+00:00\",\"description\":\"Our expertise lies in the development and manufacture of beverages, confectionery and baked goods, sweets and savoury products.\",\"breadcrumb\":{\"@id\":\"https:\\\/\\\/www.spitz.at\\\/en\\\/startseite\\\/#breadcrumb\"},\"inLanguage\":\"en-US\",\"potentialAction\":[{\"@type\":\"ReadAction\",\"target\":[\"https:\\\/\\\/www.spitz.at\\\/en\\\/startseite\\\/\"]}]},{\"@type\":\"BreadcrumbList\",\"@id\":\"https:\\\/\\\/www.spitz.at\\\/en\\\/startseite\\\/#breadcrumb\",\"itemListElement\":[{\"@type\":\"ListItem\",\"position\":1,\"name\":\"Startseite\",\"item\":\"https:\\\/\\\/www.spitz.at\\\/en\\\/startseite\\\/\"},{\"@type\":\"ListItem\",\"position\":2,\"name\":\"Startseite EN\"}]},{\"@type\":\"WebSite\",\"@id\":\"https:\\\/\\\/www.spitz.at\\\/#website\",\"url\":\"https:\\\/\\\/www.spitz.at\\\/\",\"name\":\"Spitz - Getr\u00e4nke- und Lebensmittelhersteller aus \u00d6sterreich\",\"description\":\"\u00d6sterreichischer Lebensmittel- und Getr\u00e4nkehersteller mit Tradition\",\"potentialAction\":[{\"@type\":\"SearchAction\",\"target\":{\"@type\":\"EntryPoint\",\"urlTemplate\":\"https:\\\/\\\/www.spitz.at\\\/?s={search_term_string}\"},\"query-input\":{\"@type\":\"PropertyValueSpecification\",\"valueRequired\":true,\"valueName\":\"search_term_string\"}}],\"inLanguage\":\"en-US\"}]}<\/script>\n<!-- \/ Yoast SEO plugin. -->","yoast_head_json":{"title":"Food and beverage manufacturer in Austria - Spitz","description":"Our expertise lies in the development and manufacture of beverages, confectionery and baked goods, sweets and savoury products.","robots":{"index":"index","follow":"follow","max-snippet":"max-snippet:-1","max-image-preview":"max-image-preview:large","max-video-preview":"max-video-preview:-1"},"canonical":"https:\/\/www.spitz.at\/en\/startseite\/","og_locale":"en_US","og_type":"article","og_title":"Food and beverage manufacturer in Austria - Spitz","og_description":"Our expertise lies in the development and manufacture of beverages, confectionery and baked goods, sweets and savoury products.","og_url":"https:\/\/www.spitz.at\/en\/startseite\/","og_site_name":"Spitz - Getr\u00e4nke- und Lebensmittelhersteller aus \u00d6sterreich","article_modified_time":"2023-05-25T06:36:49+00:00","twitter_card":"summary_large_image","twitter_misc":{"Est. reading time":"3 minutes"},"schema":{"@context":"https:\/\/schema.org","@graph":[{"@type":"WebPage","@id":"https:\/\/www.spitz.at\/en\/startseite\/","url":"https:\/\/www.spitz.at\/en\/startseite\/","name":"Food and beverage manufacturer in Austria - Spitz","isPartOf":{"@id":"https:\/\/www.spitz.at\/#website"},"datePublished":"2021-04-09T10:33:21+00:00","dateModified":"2023-05-25T06:36:49+00:00","description":"Our expertise lies in the development and manufacture of beverages, confectionery and baked goods, sweets and savoury products.","breadcrumb":{"@id":"https:\/\/www.spitz.at\/en\/startseite\/#breadcrumb"},"inLanguage":"en-US","potentialAction":[{"@type":"ReadAction","target":["https:\/\/www.spitz.at\/en\/startseite\/"]}]},{"@type":"BreadcrumbList","@id":"https:\/\/www.spitz.at\/en\/startseite\/#breadcrumb","itemListElement":[{"@type":"ListItem","position":1,"name":"Startseite","item":"https:\/\/www.spitz.at\/en\/startseite\/"},{"@type":"ListItem","position":2,"name":"Startseite EN"}]},{"@type":"WebSite","@id":"https:\/\/www.spitz.at\/#website","url":"https:\/\/www.spitz.at\/","name":"Spitz - Getr\u00e4nke- und Lebensmittelhersteller aus \u00d6sterreich","description":"\u00d6sterreichischer Lebensmittel- und Getr\u00e4nkehersteller mit Tradition","potentialAction":[{"@type":"SearchAction","target":{"@type":"EntryPoint","urlTemplate":"https:\/\/www.spitz.at\/?s={search_term_string}"},"query-input":{"@type":"PropertyValueSpecification","valueRequired":true,"valueName":"search_term_string"}}],"inLanguage":"en-US"}]}},"_links":{"self":[{"href":"https:\/\/www.spitz.at\/en\/wp-json\/wp\/v2\/pages\/5673704","targetHints":{"allow":["GET"]}}],"collection":[{"href":"https:\/\/www.spitz.at\/en\/wp-json\/wp\/v2\/pages"}],"about":[{"href":"https:\/\/www.spitz.at\/en\/wp-json\/wp\/v2\/types\/page"}],"author":[{"embeddable":true,"href":"https:\/\/www.spitz.at\/en\/wp-json\/wp\/v2\/users\/1"}],"replies":[{"embeddable":true,"href":"https:\/\/www.spitz.at\/en\/wp-json\/wp\/v2\/comments?post=5673704"}],"version-history":[{"count":6,"href":"https:\/\/www.spitz.at\/en\/wp-json\/wp\/v2\/pages\/5673704\/revisions"}],"predecessor-version":[{"id":5673716,"href":"https:\/\/www.spitz.at\/en\/wp-json\/wp\/v2\/pages\/5673704\/revisions\/5673716"}],"wp:attachment":[{"href":"https:\/\/www.spitz.at\/en\/wp-json\/wp\/v2\/media?parent=5673704"}],"wp:term":[{"taxonomy":"category","embeddable":true,"href":"https:\/\/www.spitz.at\/en\/wp-json\/wp\/v2\/categories?post=5673704"},{"taxonomy":"post_tag","embeddable":true,"href":"https:\/\/www.spitz.at\/en\/wp-json\/wp\/v2\/tags?post=5673704"}],"curies":[{"name":"wp","href":"https:\/\/api.w.org\/{rel}","templated":true}]}}