{"id":5674095,"date":"2023-05-25T09:46:54","date_gmt":"2023-05-25T07:46:54","guid":{"rendered":"https:\/\/www.spitz.at\/berufseinsteiger-und-erfahrene-bei-spitz\/"},"modified":"2024-08-01T13:43:38","modified_gmt":"2024-08-01T11:43:38","slug":"entry-level-and-experienced-candidates","status":"publish","type":"page","link":"https:\/\/www.spitz.at\/en\/entry-level-and-experienced-candidates\/","title":{"rendered":"Entry-level &#038; Experienced Candidates"},"content":{"rendered":"[vc_row css=&#8221;.vc_custom_1619184018677{background-image: url(https:\/\/www.spitz.at\/wp-content\/uploads\/2021\/04\/berufseinsteiger-und-erfahrene-scaled.jpg?id=5670063) !important;background-position: center !important;background-repeat: no-repeat !important;background-size: cover !important;}&#8221; el_class=&#8221;custom-header-row&#8221;][vc_column][vc_custom_heading text=&#8221;A Career to Enjoy&#8221; font_container=&#8221;tag:h1|text_align:left&#8221; use_theme_fonts=&#8221;yes&#8221; el_class=&#8221;overhead font-white&#8221;][vc_custom_heading text=&#8221;Entry-level &amp; Experienced Candidates&#8221; font_container=&#8221;tag:p|text_align:left&#8221; use_theme_fonts=&#8221;yes&#8221; el_class=&#8221;headline1 font-left font-white&#8221;][\/vc_column][\/vc_row][vc_row el_class=&#8221;custom-row-885 gap-topbottom-70 gap-mobile-top-50&#8243;][vc_column][vc_custom_heading text=&#8221;Our Profiles&#8221; use_theme_fonts=&#8221;yes&#8221; el_class=&#8221;font-center font-black gap-mobile-bottom-20&#8243;][\/vc_column][\/vc_row][vc_row gap=&#8221;10&#8243; el_class=&#8221;custom-row-related-2 gap-top-30&#8243; css=&#8221;.vc_custom_1621581907890{margin-right: 5px !important;margin-left: 5px !important;padding-top: 5px !important;padding-right: 5px !important;padding-bottom: 5px !important;padding-left: 5px !important;}&#8221;][vc_column width=&#8221;1\/2&#8243; css=&#8221;.vc_custom_1689747085458{background-image: url(https:\/\/www.spitz.at\/wp-content\/uploads\/2021\/04\/labor-header-1-scaled.jpg?id=5670148) !important;background-position: center !important;background-repeat: no-repeat !important;background-size: cover !important;}&#8221; el_class=&#8221;career-col-left&#8221; column_link=&#8221;url:%2Fen%2Flaboratory-qs-rd%2F|title:Labor%20%2F%20QS%20%2F%20F%26E&#8221;][vc_custom_heading text=&#8221;Career&#8221; font_container=&#8221;tag:div|text_align:left&#8221; use_theme_fonts=&#8221;yes&#8221; el_class=&#8221;overhead font-white font-center font-underline&#8221;][vc_custom_heading text=&#8221;Laboratory\/QA\/R&amp;D&#8221; use_theme_fonts=&#8221;yes&#8221; el_class=&#8221;font-white font-center&#8221;][vc_single_image image=&#8221;5669849&#8243; img_size=&#8221;full&#8221; onclick=&#8221;custom_link&#8221; link=&#8221;\/laboratory-qs-rd&#8221;][\/vc_column][vc_column width=&#8221;1\/2&#8243; css=&#8221;.vc_custom_1689747105303{background-image: url(https:\/\/www.spitz.at\/wp-content\/uploads\/2021\/04\/logistik-header-scaled.jpg?id=5670377) !important;background-position: center !important;background-repeat: no-repeat !important;background-size: cover !important;}&#8221; el_class=&#8221;career-col-right&#8221; column_link=&#8221;url:%2Fen%2Flogistics-purchasing%2F&#8221;][vc_custom_heading text=&#8221;Career&#8221; font_container=&#8221;tag:p|text_align:left&#8221; use_theme_fonts=&#8221;yes&#8221; el_class=&#8221;overhead font-white font-center font-underline&#8221;][vc_custom_heading text=&#8221;Logistics\/Purchasing&#8221; use_theme_fonts=&#8221;yes&#8221; el_class=&#8221;font-white font-center&#8221;][vc_single_image image=&#8221;5669849&#8243; img_size=&#8221;full&#8221; onclick=&#8221;custom_link&#8221; link=&#8221;\/logistics-purchasing&#8221;][\/vc_column][\/vc_row][vc_row gap=&#8221;10&#8243; el_class=&#8221;custom-row-related-2&#8243; css=&#8221;.vc_custom_1621581658128{margin-right: 5px !important;margin-left: 5px !important;padding-top: 5px !important;padding-right: 5px !important;padding-bottom: 5px !important;padding-left: 5px !important;}&#8221;][vc_column width=&#8221;1\/2&#8243; css=&#8221;.vc_custom_1689747122903{background-image: url(https:\/\/www.spitz.at\/wp-content\/uploads\/2021\/05\/Leitbild-Header-scaled-teaser.jpg?id=5671220) !important;background-position: center !important;background-repeat: no-repeat !important;background-size: cover !important;}&#8221; el_class=&#8221;career-col-left&#8221; column_link=&#8221;url:%2Fen%2Fproduction%2F&#8221;][vc_custom_heading text=&#8221;Career&#8221; font_container=&#8221;tag:div|text_align:left&#8221; use_theme_fonts=&#8221;yes&#8221; el_class=&#8221;overhead font-white font-center font-underline&#8221;][vc_custom_heading text=&#8221;Production&#8221; use_theme_fonts=&#8221;yes&#8221; el_class=&#8221;font-white font-center&#8221;][vc_single_image image=&#8221;5669849&#8243; img_size=&#8221;full&#8221; onclick=&#8221;custom_link&#8221; link=&#8221;\/production&#8221;][\/vc_column][vc_column width=&#8221;1\/2&#8243; css=&#8221;.vc_custom_1689747146318{background-image: url(https:\/\/www.spitz.at\/wp-content\/uploads\/2021\/05\/SpitzGmbH_Werkstaette_Himmelbauer_001.jpg?id=5671200) !important;background-position: center !important;background-repeat: no-repeat !important;background-size: cover !important;}&#8221; el_class=&#8221;career-col-right&#8221; column_link=&#8221;url:%2Fen%2Ffacilities%2F&#8221;][vc_custom_heading text=&#8221;Karriere&#8221; font_container=&#8221;tag:p|text_align:left&#8221; use_theme_fonts=&#8221;yes&#8221; el_class=&#8221;overhead font-white font-center font-underline&#8221;][vc_custom_heading text=&#8221;Facilities&#8221; use_theme_fonts=&#8221;yes&#8221; el_class=&#8221;font-white font-center&#8221;][vc_single_image image=&#8221;5669849&#8243; img_size=&#8221;full&#8221; onclick=&#8221;custom_link&#8221; link=&#8221;\/facilities&#8221;][\/vc_column][\/vc_row][vc_row gap=&#8221;10&#8243; el_class=&#8221;custom-row-related-2&#8243; css=&#8221;.vc_custom_1621581666529{margin-right: 5px !important;margin-left: 5px !important;padding-top: 5px !important;padding-right: 5px !important;padding-bottom: 5px !important;padding-left: 5px !important;}&#8221;][vc_column width=&#8221;1\/2&#8243; css=&#8221;.vc_custom_1689747165809{background-image: url(https:\/\/www.spitz.at\/wp-content\/uploads\/2021\/05\/SpitzGmbH_corporate_Himmelbauer_015-scaled.jpg?id=5670741) !important;background-position: center !important;background-repeat: no-repeat !important;background-size: cover !important;}&#8221; el_class=&#8221;career-col-left&#8221; column_link=&#8221;url:%2Fen%2Fsales-marketing%2F&#8221;][vc_custom_heading text=&#8221;Career&#8221; font_container=&#8221;tag:div|text_align:left&#8221; use_theme_fonts=&#8221;yes&#8221; el_class=&#8221;overhead font-white font-center font-underline&#8221;][vc_custom_heading text=&#8221;Sales\/Marketing&#8221; use_theme_fonts=&#8221;yes&#8221; el_class=&#8221;font-white font-center&#8221;][vc_single_image image=&#8221;5669849&#8243; img_size=&#8221;full&#8221; onclick=&#8221;custom_link&#8221; link=&#8221;\/sales-marketing&#8221;][\/vc_column][vc_column width=&#8221;1\/2&#8243; css=&#8221;.vc_custom_1689747182637{background-image: url(https:\/\/www.spitz.at\/wp-content\/uploads\/2021\/04\/verwaltung-header-scaled.jpg?id=5670423) !important;background-position: center !important;background-repeat: no-repeat !important;background-size: cover !important;}&#8221; el_class=&#8221;career-col-right&#8221; column_link=&#8221;url:%2Fen%2Fadministration%2F&#8221;][vc_custom_heading text=&#8221;Career&#8221; font_container=&#8221;tag:p|text_align:left&#8221; use_theme_fonts=&#8221;yes&#8221; el_class=&#8221;overhead font-white font-center font-underline&#8221;][vc_custom_heading text=&#8221;Administration<br \/>\n(Finance, IT, HR)&#8221; use_theme_fonts=&#8221;yes&#8221; el_class=&#8221;font-white font-center&#8221;][vc_single_image image=&#8221;5669849&#8243; img_size=&#8221;full&#8221; onclick=&#8221;custom_link&#8221; link=&#8221;\/administration&#8221;][\/vc_column][\/vc_row][vc_row el_class=&#8221;custom-row-885 gap-topbottom-70 gap-mobile-top-50&#8243;][vc_column][vc_custom_heading text=&#8221;Trainee in the food industry&#8221; use_theme_fonts=&#8221;yes&#8221; el_class=&#8221;font-center font-black gap-mobile-bottom-20&#8243;][vc_custom_heading text=&#8221;For graduates of any age&#8221; use_theme_fonts=&#8221;yes&#8221; el_class=&#8221;headline2 font-center font-red&#8221;]<div class=\"norebro-text-sc paragraph font-black font-center gap-mobile-bottom-20\" \n\tid=\"norebro-custom-69df0fa45c51e\" \n\t \n\t>\n\n\t<div class=\"ewa-rteLine\">With our trainee programme, we wish to target young and &#8220;still young&#8221; graduates of higher schooling. In 12 to 18 months, we offer you the opportunity to gather your first impressions and experience in a wide array of commercial areas. You will not only become familiar with our products, but rather with company processes and connections.<\/div>\n<div class=\"ewa-rteLine\">Your strenghts include:<\/div>\n\t\n<\/div><div class=\"norebro-text-sc paragraph font-black gap-top-30\" \n\tid=\"norebro-custom-69df0fa45c5bd\" \n\t \n\t>\n\n\t<div style=\"display: flex; justify-content: center;\">\n<ul>\n<li class=\"listing-item\">\n<div class=\"ewa-rteLine\">Project management skills<\/div>\n<\/li>\n<li class=\"listing-item\">\n<div class=\"ewa-rteLine\">Strong communication skills<\/div>\n<\/li>\n<li class=\"listing-item\">\n<div class=\"ewa-rteLine\">Personal initiative<\/div>\n<\/li>\n<li class=\"listing-item\">\n<div class=\"ewa-rteLine\">Independence<\/div>\n<\/li>\n<\/ul>\n<\/div>\n\t\n<\/div>[vc_custom_heading text=&#8221;How to proceed&#8221; use_theme_fonts=&#8221;yes&#8221; el_class=&#8221;headline2 font-center font-red gap-mobile-top-40&#8243;]<div class=\"norebro-text-sc paragraph font-black font-center\" \n\tid=\"norebro-custom-69df0fa45c618\" \n\t \n\t>\n\n\t<p>In the trainee programme, you will work independently, with strong support form a manager, on<strong> 3 to 4 projects<\/strong> in various commercial areas. Should you be interested in continuing to help shape our company upon completion of the trainee programme, we will be happy to offer you continued employment at Spitz.<\/p>\n\t\n<\/div>[\/vc_column][\/vc_row][vc_row el_class=&#8221;custom-row gap-topbottom-100 gap-mobile-topbottom-80&#8243; el_id=&#8221;unsere-vision&#8221;][vc_column][vc_custom_heading text=&#8221;Our success stories&#8221; use_theme_fonts=&#8221;yes&#8221; el_class=&#8221;headline2 font-left font-red gap-top-50 gap-mobile-bottom-40&#8243;][vc_row_inner el_class=&#8221;switch-mobile&#8221;][vc_column_inner el_class=&#8221;text-col-left gap-mobile-bottom-20&#8243; width=&#8221;1\/2&#8243;]<div class=\"norebro-text-sc paragraph font-black\" \n\tid=\"norebro-custom-69df0fa45c66d\" \n\t \n\t>\n\n\t<div class=\"ewa-rteLine\"><strong>Michaela<\/strong> started her career as a trainee at Spitz after completing her master&#8217;s degree in biotechnology and environmental technology. During this time, she completed several projects, including some in logistics and in production. After finishing the trainee programme, Michaela and we agreed for her to continue on in the capacity of <strong>quality assurance coordinator<\/strong> in the beverages division.<\/div>\n<div><\/div>\n<div class=\"ewa-rteLine\">In this role, she shares responsibility with the beverages team for implementing all of the applicable quality norms. Michaela also makes sure that any deviations that arise are resolved appropriately, by rapidly initiating the appropriate measures.<\/div>\n\t\n<\/div>[\/vc_column_inner][vc_column_inner el_class=&#8221;text-col-right&#8221; width=&#8221;1\/2&#8243;][vc_single_image image=&#8221;5670702&#8243; img_size=&#8221;full&#8221; el_class=&#8221;gap-mobile-bottom-40&#8243;][\/vc_column_inner][\/vc_row_inner][\/vc_column][\/vc_row][vc_row el_class=&#8221;custom-row gap-topbottom-100 gap-mobile-topbottom-80&#8243;][vc_column][vc_row_inner][vc_column_inner el_class=&#8221;text-col-left gap-mobile-bottom-40&#8243; width=&#8221;1\/2&#8243;][vc_single_image image=&#8221;5670219&#8243; img_size=&#8221;full&#8221;][\/vc_column_inner][vc_column_inner el_class=&#8221;text-col-right&#8221; width=&#8221;1\/2&#8243;]<div class=\"norebro-text-sc paragraph font-black\" \n\tid=\"norebro-custom-69df0fa45c6b9\" \n\t \n\t>\n\n\t<p><strong>Christian<\/strong> also came to us as a trainee after finishing his studies in environmental and bioresource management. During the trainee programme, Christian was already convinced that he wanted to pursue further development with us in the central quality assurance area. Since then, he has diligently pursued this path. Today, Christian has a leadership role, <strong>heading our central department for integrated management systems<\/strong> \u2013 QESH (Quality, Environment, Safety, Health) and with his team, he is responsible for setting and putting into practice the company strategy for quality and environmental management, as well as workplace health and safety.<\/p>\n\t\n<\/div>[\/vc_column_inner][\/vc_row_inner][\/vc_column][\/vc_row][vc_row el_class=&#8221;custom-row gap-topbottom-100 gap-mobile-topbottom-80&#8243;][vc_column][vc_row_inner el_class=&#8221;switch-mobile&#8221;][vc_column_inner el_class=&#8221;text-col-left gap-mobile-bottom-70&#8243; width=&#8221;1\/2&#8243;]<div class=\"norebro-text-sc paragraph font-black\" \n\tid=\"norebro-custom-69df0fa45c706\" \n\t \n\t>\n\n\t<p><strong>Gerold<\/strong>&#8216;s career at Spitz also began with a traineeship. After projects in logistics, purchasing, confectionery and baked goods and beverage production, his last area of responsibility in the trainee programme brought him to Marketing. Directly afterwards, he took on the role of brand manager. After several years in marketing, Gerold transferred to sales, where he is responsible for branded products as a <strong>key account manager<\/strong>.<\/p>\n\t\n<\/div>[\/vc_column_inner][vc_column_inner el_class=&#8221;text-col-right switch-mobile&#8221; width=&#8221;1\/2&#8243;][vc_single_image image=&#8221;5670703&#8243; img_size=&#8221;full&#8221; el_class=&#8221;gap-mobile-bottom-40&#8243;][\/vc_column_inner][\/vc_row_inner][\/vc_column][\/vc_row]\n","protected":false},"excerpt":{"rendered":"<p>[vc_row css=&#8221;.vc_custom_1619184018677{background-image: url(https:\/\/www.spitz.at\/wp-content\/uploads\/2021\/04\/berufseinsteiger-und-erfahrene-scaled.jpg?id=5670063) !important;background-position: center !important;background-repeat: no-repeat !important;background-size: cover !important;}&#8221; el_class=&#8221;custom-header-row&#8221;][vc_column][vc_custom_heading text=&#8221;A Career to Enjoy&#8221; font_container=&#8221;tag:h1|text_align:left&#8221; use_theme_fonts=&#8221;yes&#8221; el_class=&#8221;overhead font-white&#8221;][vc_custom_heading text=&#8221;Entry-level&#8230;<\/p>\n","protected":false},"author":1,"featured_media":5674096,"parent":0,"menu_order":0,"comment_status":"closed","ping_status":"closed","template":"","meta":{"_acf_changed":false,"footnotes":""},"categories":[26],"tags":[],"class_list":["post-5674095","page","type-page","status-publish","has-post-thumbnail","hentry","category-career"],"acf":[],"yoast_head":"<!-- This site is optimized with the Yoast SEO plugin v27.2 - https:\/\/yoast.com\/product\/yoast-seo-wordpress\/ -->\n<title>Jobs in the food industry - a career with pleasure at Spitz<\/title>\n<meta name=\"description\" content=\"Production, logistics, technology or IT - a wide range of jobs in food production - discover them now!\" \/>\n<meta name=\"robots\" content=\"index, follow, max-snippet:-1, max-image-preview:large, max-video-preview:-1\" \/>\n<link rel=\"canonical\" href=\"https:\/\/www.spitz.at\/en\/entry-level-and-experienced-candidates\/\" \/>\n<meta property=\"og:locale\" content=\"en_US\" \/>\n<meta property=\"og:type\" content=\"article\" \/>\n<meta property=\"og:title\" content=\"Skilled worker for shift work or team leader in food production\" \/>\n<meta property=\"og:description\" content=\"Looking for work with direct employment - find your skilled worker, shift supervisor and production employee jobs at Spitz! Apply now!\" \/>\n<meta property=\"og:url\" content=\"https:\/\/www.spitz.at\/en\/entry-level-and-experienced-candidates\/\" \/>\n<meta property=\"og:site_name\" content=\"Spitz - Getr\u00e4nke- und Lebensmittelhersteller aus \u00d6sterreich\" \/>\n<meta property=\"article:modified_time\" content=\"2024-08-01T11:43:38+00:00\" \/>\n<meta property=\"og:image\" content=\"https:\/\/www.spitz.at\/wp-content\/uploads\/2021\/04\/berufseinsteiger-und-erfahrene-scaled.jpg\" \/>\n\t<meta property=\"og:image:width\" content=\"2560\" \/>\n\t<meta property=\"og:image:height\" content=\"1707\" \/>\n\t<meta property=\"og:image:type\" content=\"image\/jpeg\" \/>\n<meta name=\"twitter:card\" content=\"summary_large_image\" \/>\n<meta name=\"twitter:label1\" content=\"Est. reading time\" \/>\n\t<meta name=\"twitter:data1\" content=\"5 minutes\" \/>\n<script type=\"application\/ld+json\" class=\"yoast-schema-graph\">{\"@context\":\"https:\/\/schema.org\",\"@graph\":[{\"@type\":\"WebPage\",\"@id\":\"https:\/\/www.spitz.at\/en\/entry-level-and-experienced-candidates\/\",\"url\":\"https:\/\/www.spitz.at\/en\/entry-level-and-experienced-candidates\/\",\"name\":\"Jobs in the food industry - a career with pleasure at Spitz\",\"isPartOf\":{\"@id\":\"https:\/\/www.spitz.at\/#website\"},\"primaryImageOfPage\":{\"@id\":\"https:\/\/www.spitz.at\/en\/entry-level-and-experienced-candidates\/#primaryimage\"},\"image\":{\"@id\":\"https:\/\/www.spitz.at\/en\/entry-level-and-experienced-candidates\/#primaryimage\"},\"thumbnailUrl\":\"https:\/\/www.spitz.at\/wp-content\/uploads\/2021\/04\/berufseinsteiger-und-erfahrene-scaled.jpg\",\"datePublished\":\"2023-05-25T07:46:54+00:00\",\"dateModified\":\"2024-08-01T11:43:38+00:00\",\"description\":\"Production, logistics, technology or IT - a wide range of jobs in food production - discover them now!\",\"breadcrumb\":{\"@id\":\"https:\/\/www.spitz.at\/en\/entry-level-and-experienced-candidates\/#breadcrumb\"},\"inLanguage\":\"en-US\",\"potentialAction\":[{\"@type\":\"ReadAction\",\"target\":[\"https:\/\/www.spitz.at\/en\/entry-level-and-experienced-candidates\/\"]}]},{\"@type\":\"ImageObject\",\"inLanguage\":\"en-US\",\"@id\":\"https:\/\/www.spitz.at\/en\/entry-level-and-experienced-candidates\/#primaryimage\",\"url\":\"https:\/\/www.spitz.at\/wp-content\/uploads\/2021\/04\/berufseinsteiger-und-erfahrene-scaled.jpg\",\"contentUrl\":\"https:\/\/www.spitz.at\/wp-content\/uploads\/2021\/04\/berufseinsteiger-und-erfahrene-scaled.jpg\",\"width\":2560,\"height\":1707},{\"@type\":\"BreadcrumbList\",\"@id\":\"https:\/\/www.spitz.at\/en\/entry-level-and-experienced-candidates\/#breadcrumb\",\"itemListElement\":[{\"@type\":\"ListItem\",\"position\":1,\"name\":\"Startseite\",\"item\":\"https:\/\/www.spitz.at\/en\/startseite\/\"},{\"@type\":\"ListItem\",\"position\":2,\"name\":\"Entry-level &#038; Experienced Candidates\"}]},{\"@type\":\"WebSite\",\"@id\":\"https:\/\/www.spitz.at\/#website\",\"url\":\"https:\/\/www.spitz.at\/\",\"name\":\"Spitz - Getr\u00e4nke- und Lebensmittelhersteller aus \u00d6sterreich\",\"description\":\"\u00d6sterreichischer Lebensmittel- und Getr\u00e4nkehersteller mit Tradition\",\"potentialAction\":[{\"@type\":\"SearchAction\",\"target\":{\"@type\":\"EntryPoint\",\"urlTemplate\":\"https:\/\/www.spitz.at\/?s={search_term_string}\"},\"query-input\":{\"@type\":\"PropertyValueSpecification\",\"valueRequired\":true,\"valueName\":\"search_term_string\"}}],\"inLanguage\":\"en-US\"}]}<\/script>\n<!-- \/ Yoast SEO plugin. -->","yoast_head_json":{"title":"Jobs in the food industry - a career with pleasure at Spitz","description":"Production, logistics, technology or IT - a wide range of jobs in food production - discover them now!","robots":{"index":"index","follow":"follow","max-snippet":"max-snippet:-1","max-image-preview":"max-image-preview:large","max-video-preview":"max-video-preview:-1"},"canonical":"https:\/\/www.spitz.at\/en\/entry-level-and-experienced-candidates\/","og_locale":"en_US","og_type":"article","og_title":"Skilled worker for shift work or team leader in food production","og_description":"Looking for work with direct employment - find your skilled worker, shift supervisor and production employee jobs at Spitz! Apply now!","og_url":"https:\/\/www.spitz.at\/en\/entry-level-and-experienced-candidates\/","og_site_name":"Spitz - Getr\u00e4nke- und Lebensmittelhersteller aus \u00d6sterreich","article_modified_time":"2024-08-01T11:43:38+00:00","og_image":[{"width":2560,"height":1707,"url":"https:\/\/www.spitz.at\/wp-content\/uploads\/2021\/04\/berufseinsteiger-und-erfahrene-scaled.jpg","type":"image\/jpeg"}],"twitter_card":"summary_large_image","twitter_misc":{"Est. reading time":"5 minutes"},"schema":{"@context":"https:\/\/schema.org","@graph":[{"@type":"WebPage","@id":"https:\/\/www.spitz.at\/en\/entry-level-and-experienced-candidates\/","url":"https:\/\/www.spitz.at\/en\/entry-level-and-experienced-candidates\/","name":"Jobs in the food industry - a career with pleasure at Spitz","isPartOf":{"@id":"https:\/\/www.spitz.at\/#website"},"primaryImageOfPage":{"@id":"https:\/\/www.spitz.at\/en\/entry-level-and-experienced-candidates\/#primaryimage"},"image":{"@id":"https:\/\/www.spitz.at\/en\/entry-level-and-experienced-candidates\/#primaryimage"},"thumbnailUrl":"https:\/\/www.spitz.at\/wp-content\/uploads\/2021\/04\/berufseinsteiger-und-erfahrene-scaled.jpg","datePublished":"2023-05-25T07:46:54+00:00","dateModified":"2024-08-01T11:43:38+00:00","description":"Production, logistics, technology or IT - a wide range of jobs in food production - discover them now!","breadcrumb":{"@id":"https:\/\/www.spitz.at\/en\/entry-level-and-experienced-candidates\/#breadcrumb"},"inLanguage":"en-US","potentialAction":[{"@type":"ReadAction","target":["https:\/\/www.spitz.at\/en\/entry-level-and-experienced-candidates\/"]}]},{"@type":"ImageObject","inLanguage":"en-US","@id":"https:\/\/www.spitz.at\/en\/entry-level-and-experienced-candidates\/#primaryimage","url":"https:\/\/www.spitz.at\/wp-content\/uploads\/2021\/04\/berufseinsteiger-und-erfahrene-scaled.jpg","contentUrl":"https:\/\/www.spitz.at\/wp-content\/uploads\/2021\/04\/berufseinsteiger-und-erfahrene-scaled.jpg","width":2560,"height":1707},{"@type":"BreadcrumbList","@id":"https:\/\/www.spitz.at\/en\/entry-level-and-experienced-candidates\/#breadcrumb","itemListElement":[{"@type":"ListItem","position":1,"name":"Startseite","item":"https:\/\/www.spitz.at\/en\/startseite\/"},{"@type":"ListItem","position":2,"name":"Entry-level &#038; Experienced Candidates"}]},{"@type":"WebSite","@id":"https:\/\/www.spitz.at\/#website","url":"https:\/\/www.spitz.at\/","name":"Spitz - Getr\u00e4nke- und Lebensmittelhersteller aus \u00d6sterreich","description":"\u00d6sterreichischer Lebensmittel- und Getr\u00e4nkehersteller mit Tradition","potentialAction":[{"@type":"SearchAction","target":{"@type":"EntryPoint","urlTemplate":"https:\/\/www.spitz.at\/?s={search_term_string}"},"query-input":{"@type":"PropertyValueSpecification","valueRequired":true,"valueName":"search_term_string"}}],"inLanguage":"en-US"}]}},"_links":{"self":[{"href":"https:\/\/www.spitz.at\/en\/wp-json\/wp\/v2\/pages\/5674095","targetHints":{"allow":["GET"]}}],"collection":[{"href":"https:\/\/www.spitz.at\/en\/wp-json\/wp\/v2\/pages"}],"about":[{"href":"https:\/\/www.spitz.at\/en\/wp-json\/wp\/v2\/types\/page"}],"author":[{"embeddable":true,"href":"https:\/\/www.spitz.at\/en\/wp-json\/wp\/v2\/users\/1"}],"replies":[{"embeddable":true,"href":"https:\/\/www.spitz.at\/en\/wp-json\/wp\/v2\/comments?post=5674095"}],"version-history":[{"count":8,"href":"https:\/\/www.spitz.at\/en\/wp-json\/wp\/v2\/pages\/5674095\/revisions"}],"predecessor-version":[{"id":5677601,"href":"https:\/\/www.spitz.at\/en\/wp-json\/wp\/v2\/pages\/5674095\/revisions\/5677601"}],"wp:featuredmedia":[{"embeddable":true,"href":"https:\/\/www.spitz.at\/en\/wp-json\/wp\/v2\/media\/5674096"}],"wp:attachment":[{"href":"https:\/\/www.spitz.at\/en\/wp-json\/wp\/v2\/media?parent=5674095"}],"wp:term":[{"taxonomy":"category","embeddable":true,"href":"https:\/\/www.spitz.at\/en\/wp-json\/wp\/v2\/categories?post=5674095"},{"taxonomy":"post_tag","embeddable":true,"href":"https:\/\/www.spitz.at\/en\/wp-json\/wp\/v2\/tags?post=5674095"}],"curies":[{"name":"wp","href":"https:\/\/api.w.org\/{rel}","templated":true}]}}