{"id":5674125,"date":"2021-04-23T13:17:48","date_gmt":"2021-04-23T11:17:48","guid":{"rendered":"https:\/\/www.spitz.at\/downloads\/"},"modified":"2023-07-21T10:10:46","modified_gmt":"2023-07-21T08:10:46","slug":"downloads","status":"publish","type":"page","link":"https:\/\/www.spitz.at\/en\/downloads\/","title":{"rendered":"Downloads"},"content":{"rendered":"[vc_row el_class=&#8221;custom-row-colored bg-rosa gap-top-120 gap-mobile-top-120&#8243;][vc_column][vc_custom_heading text=&#8221;Downloads&#8221; use_theme_fonts=&#8221;yes&#8221; el_class=&#8221;font-center font-black&#8221;][\/vc_column][\/vc_row][vc_row el_class=&#8221;custom-row-885 gap-mobile-top-50&#8243;][vc_column][vc_custom_heading text=&#8221;Press&#8221; use_theme_fonts=&#8221;yes&#8221; el_class=&#8221;font-center font-black&#8221;][\/vc_column][\/vc_row][vc_row el_class=&#8221;custom-row-885&#8243;][vc_column]\r\n\t\t\r\n        <div class=\"messe-teaser\">\r\n<a href=\"\/wp-content\/uploads\/2022\/10\/Presseunterlagen-2022.pdf\" target=\"_blank\" >\r\n            <img decoding=\"async\" class=\"arrow-fair-teaser\" src=\"https:\/\/www.spitz.at\/wp-content\/uploads\/2021\/04\/right.svg\">\r\n\t\t\t<p class=\"fair-name\">Pressemappe<\/p>\r\n            <p class=\"fair-time\">PDF Download (671 MB)<\/p>\r\n\r\n            \r\n<\/a>\r\n        <\/div>\r\n\t\t\r\n\t\t\r\n        <div class=\"messe-teaser\">\r\n<a href=\"https:\/\/www.spitz.at\/wp-content\/uploads\/2022\/10\/Press-materials_2022.pdf\" target=\"_blank\" >\r\n            <img decoding=\"async\" class=\"arrow-fair-teaser\" src=\"https:\/\/www.spitz.at\/wp-content\/uploads\/2021\/04\/right.svg\">\r\n\t\t\t<p class=\"fair-name\">Press materials EN<\/p>\r\n            <p class=\"fair-time\">PDF Download (671 MB)<\/p>\r\n\r\n            \r\n<\/a>\r\n        <\/div>\r\n\t\t[\/vc_column][\/vc_row][vc_row el_class=&#8221;custom-row-885 gap-topbottom-40 gap-mobile-top-50&#8243;][vc_column][vc_custom_heading text=&#8221;System and<br \/>\nquality certificates&#8221; use_theme_fonts=&#8221;yes&#8221; el_class=&#8221;font-center font-black&#8221;][\/vc_column][\/vc_row][vc_row el_class=&#8221;custom-row-885&#8243;][vc_column]\r\n\t\t\r\n        <div class=\"messe-teaser\">\r\n<a href=\"\/wp-content\/uploads\/2022\/11\/IFS-Zertifikat-Getraenke-2022.pdf\" target=\"_blank\" >\r\n            <img decoding=\"async\" class=\"arrow-fair-teaser\" src=\"https:\/\/www.spitz.at\/wp-content\/uploads\/2021\/04\/right.svg\">\r\n\t\t\t<p class=\"fair-name\">IFS Zertifikat Getr\u00e4nke<\/p>\r\n            <p class=\"fair-time\">PDF Download (360 KB)<\/p>\r\n\r\n            \r\n<\/a>\r\n        <\/div>\r\n\t\t\r\n\t\t\r\n        <div class=\"messe-teaser\">\r\n<a href=\"\/wp-content\/uploads\/2023\/03\/IFS-Zertifikat-Getraenke-2022-en.pdf\" target=\"_blank\" >\r\n            <img decoding=\"async\" class=\"arrow-fair-teaser\" src=\"https:\/\/www.spitz.at\/wp-content\/uploads\/2021\/04\/right.svg\">\r\n\t\t\t<p class=\"fair-name\">IFS certificate beverages EN<\/p>\r\n            <p class=\"fair-time\">PDF Download (360 KB)<\/p>\r\n\r\n            \r\n<\/a>\r\n        <\/div>\r\n\t\t\r\n\t\t\r\n        <div class=\"messe-teaser\">\r\n<a href=\"\/wp-content\/uploads\/2022\/10\/IFS-Zertifikat-Suess-Sauer-2022.pdf\" target=\"_blank\" >\r\n            <img decoding=\"async\" class=\"arrow-fair-teaser\" src=\"https:\/\/www.spitz.at\/wp-content\/uploads\/2021\/04\/right.svg\">\r\n\t\t\t<p class=\"fair-name\">IFS Zertifikat S\u00fc\u00df &amp; Sauer<\/p>\r\n            <p class=\"fair-time\">PDF Download (359 KB)<\/p>\r\n\r\n            \r\n<\/a>\r\n        <\/div>\r\n\t\t\r\n\t\t\r\n        <div class=\"messe-teaser\">\r\n<a href=\"\/wp-content\/uploads\/2023\/03\/IFS-Zertifikat-Suess-Sauer-2022-en.pdf\" target=\"_blank\" >\r\n            <img decoding=\"async\" class=\"arrow-fair-teaser\" src=\"https:\/\/www.spitz.at\/wp-content\/uploads\/2021\/04\/right.svg\">\r\n\t\t\t<p class=\"fair-name\">IFS certificate sweet and sour EN<\/p>\r\n            <p class=\"fair-time\">PDF Download (359 KB)<\/p>\r\n\r\n            \r\n<\/a>\r\n        <\/div>\r\n\t\t\r\n\t\t\r\n        <div class=\"messe-teaser\">\r\n<a href=\"\/wp-content\/uploads\/2022\/10\/IFS-Zertifikat-Suess-Backwaren-2022.pdf\" target=\"_blank\" >\r\n            <img decoding=\"async\" class=\"arrow-fair-teaser\" src=\"https:\/\/www.spitz.at\/wp-content\/uploads\/2021\/04\/right.svg\">\r\n\t\t\t<p class=\"fair-name\">IFS Zertifikat S\u00fc\u00df- &amp; Backwaren<\/p>\r\n            <p class=\"fair-time\">PDF Download (360 KB)<\/p>\r\n\r\n            \r\n<\/a>\r\n        <\/div>\r\n\t\t\r\n\t\t\r\n        <div class=\"messe-teaser\">\r\n<a href=\"\/wp-content\/uploads\/2023\/03\/IFS-Zertifikat-Suess-Backwaren-2022-en.pdf\" target=\"_blank\" >\r\n            <img decoding=\"async\" class=\"arrow-fair-teaser\" src=\"https:\/\/www.spitz.at\/wp-content\/uploads\/2021\/04\/right.svg\">\r\n\t\t\t<p class=\"fair-name\">IFS certificate confectionery and baked goods EN<\/p>\r\n            <p class=\"fair-time\">PDF Download (359 KB)<\/p>\r\n\r\n            \r\n<\/a>\r\n        <\/div>\r\n\t\t\r\n\t\t\r\n        <div class=\"messe-teaser\">\r\n<a href=\"\/wp-content\/uploads\/2023\/03\/IFS-Zertifikat-Gasteiner-2022-de.pdf\" target=\"_blank\" >\r\n            <img decoding=\"async\" class=\"arrow-fair-teaser\" src=\"https:\/\/www.spitz.at\/wp-content\/uploads\/2021\/04\/right.svg\">\r\n\t\t\t<p class=\"fair-name\">IFS Zertifikat Standort Gastein<\/p>\r\n            <p class=\"fair-time\">PDF Download (359 KB)<\/p>\r\n\r\n            \r\n<\/a>\r\n        <\/div>\r\n\t\t\r\n\t\t\r\n        <div class=\"messe-teaser\">\r\n<a href=\"\/wp-content\/uploads\/2023\/03\/IFS-Zertifikat-Gasteiner-2022-en.pdf\" target=\"_blank\" >\r\n            <img decoding=\"async\" class=\"arrow-fair-teaser\" src=\"https:\/\/www.spitz.at\/wp-content\/uploads\/2021\/04\/right.svg\">\r\n\t\t\t<p class=\"fair-name\">IFS certificate site Gastein<\/p>\r\n            <p class=\"fair-time\">PDF Download (359 KB)<\/p>\r\n\r\n            \r\n<\/a>\r\n        <\/div>\r\n\t\t\r\n\t\t\r\n        <div class=\"messe-teaser\">\r\n<a href=\"\/wp-content\/uploads\/2023\/03\/IFS-Zertifikat-Honigmayr-2023-de.pdf\" target=\"_blank\" >\r\n            <img decoding=\"async\" class=\"arrow-fair-teaser\" src=\"https:\/\/www.spitz.at\/wp-content\/uploads\/2021\/04\/right.svg\">\r\n\t\t\t<p class=\"fair-name\">IFS Zertifikat Standort Tenneck, Honigmayr<\/p>\r\n            <p class=\"fair-time\">PDF Download (359 KB)<\/p>\r\n\r\n            \r\n<\/a>\r\n        <\/div>\r\n\t\t\r\n\t\t\r\n        <div class=\"messe-teaser\">\r\n<a href=\"\/wp-content\/uploads\/2023\/03\/IFS-Zertifikat-Honigmayr-2023-en.pdf\" target=\"_blank\" >\r\n            <img decoding=\"async\" class=\"arrow-fair-teaser\" src=\"https:\/\/www.spitz.at\/wp-content\/uploads\/2021\/04\/right.svg\">\r\n\t\t\t<p class=\"fair-name\">IFS certificate site Tenneck, Honigmayr<\/p>\r\n            <p class=\"fair-time\">PDF Download (359 KB)<\/p>\r\n\r\n            \r\n<\/a>\r\n        <\/div>\r\n\t\t\r\n\t\t\r\n        <div class=\"messe-teaser\">\r\n<a href=\"\/wp-content\/uploads\/2023\/07\/ISO-Quality-Austria-2023-de.pdf\" target=\"_blank\" >\r\n            <img decoding=\"async\" class=\"arrow-fair-teaser\" src=\"https:\/\/www.spitz.at\/wp-content\/uploads\/2021\/04\/right.svg\">\r\n\t\t\t<p class=\"fair-name\">ISO 14001:2015 (Quality Austria)<\/p>\r\n            <p class=\"fair-time\">PDF Download (388 KB)<\/p>\r\n\r\n            \r\n<\/a>\r\n        <\/div>\r\n\t\t\r\n\t\t\r\n        <div class=\"messe-teaser\">\r\n<a href=\"\/wp-content\/uploads\/2023\/07\/ISO-Quality-Austria-2023-en.pdf\" target=\"_blank\" >\r\n            <img decoding=\"async\" class=\"arrow-fair-teaser\" src=\"https:\/\/www.spitz.at\/wp-content\/uploads\/2021\/04\/right.svg\">\r\n\t\t\t<p class=\"fair-name\">ISO 14001:2015 (Quality Austria) EN<\/p>\r\n            <p class=\"fair-time\">PDF Download (388 KB)<\/p>\r\n\r\n            \r\n<\/a>\r\n        <\/div>\r\n\t\t\r\n\t\t\r\n        <div class=\"messe-teaser\">\r\n<a href=\"\/wp-content\/uploads\/2023\/03\/HACCP-GMP-Zertifikat-Gasteiner-2022-en.pdf\" target=\"_blank\" >\r\n            <img decoding=\"async\" class=\"arrow-fair-teaser\" src=\"https:\/\/www.spitz.at\/wp-content\/uploads\/2021\/04\/right.svg\">\r\n\t\t\t<p class=\"fair-name\">HACCP &amp; GMP Zertifikat Standort Gastein<\/p>\r\n            <p class=\"fair-time\">PDF Download (279 KB)<\/p>\r\n\r\n            \r\n<\/a>\r\n        <\/div>\r\n\t\t\r\n\t\t\r\n        <div class=\"messe-teaser\">\r\n<a href=\"\/wp-content\/uploads\/2022\/07\/Zertifikat-HG.pdf\" target=\"_blank\" >\r\n            <img decoding=\"async\" class=\"arrow-fair-teaser\" src=\"https:\/\/www.spitz.at\/wp-content\/uploads\/2021\/04\/right.svg\">\r\n\t\t\t<p class=\"fair-name\">HG-Zertifikat<\/p>\r\n            <p class=\"fair-time\">PDF Download (62 KB)<\/p>\r\n\r\n            \r\n<\/a>\r\n        <\/div>\r\n\t\t\r\n\t\t\r\n        <div class=\"messe-teaser\">\r\n<a href=\"\/wp-content\/uploads\/2023\/03\/Gentechnik-frei-Zertifikat-2022.pdf\" target=\"_blank\" >\r\n            <img decoding=\"async\" class=\"arrow-fair-teaser\" src=\"https:\/\/www.spitz.at\/wp-content\/uploads\/2021\/04\/right.svg\">\r\n\t\t\t<p class=\"fair-name\">Gentechnikfrei-Zertifikat<\/p>\r\n            <p class=\"fair-time\">PDF Download (135 KB)<\/p>\r\n\r\n            \r\n<\/a>\r\n        <\/div>\r\n\t\t\r\n\t\t\r\n        <div class=\"messe-teaser\">\r\n<a href=\"\/wp-content\/uploads\/2022\/07\/Zertifikat-fuer-Biologische-Erzeugung-2022.pdf\" target=\"_blank\" >\r\n            <img decoding=\"async\" class=\"arrow-fair-teaser\" src=\"https:\/\/www.spitz.at\/wp-content\/uploads\/2021\/04\/right.svg\">\r\n\t\t\t<p class=\"fair-name\">BIO-Zertifikat<\/p>\r\n            <p class=\"fair-time\">PDF Download (1 MB)<\/p>\r\n\r\n            \r\n<\/a>\r\n        <\/div>\r\n\t\t\r\n\t\t\r\n        <div class=\"messe-teaser\">\r\n<a href=\"\/wp-content\/uploads\/2023\/03\/BIO-Zertifikat-2022-en.pdf\" target=\"_blank\" >\r\n            <img decoding=\"async\" class=\"arrow-fair-teaser\" src=\"https:\/\/www.spitz.at\/wp-content\/uploads\/2021\/04\/right.svg\">\r\n\t\t\t<p class=\"fair-name\">Organic production EN<\/p>\r\n            <p class=\"fair-time\">PDF Download (1 MB)<\/p>\r\n\r\n            \r\n<\/a>\r\n        <\/div>\r\n\t\t\r\n\t\t\r\n        <div class=\"messe-teaser\">\r\n<a href=\"\/wp-content\/uploads\/2023\/03\/AMA-Biosiegel-2023.pdf\" target=\"_blank\" >\r\n            <img decoding=\"async\" class=\"arrow-fair-teaser\" src=\"https:\/\/www.spitz.at\/wp-content\/uploads\/2021\/04\/right.svg\">\r\n\t\t\t<p class=\"fair-name\">AMA-Biosiegel-Zertifikat<\/p>\r\n            <p class=\"fair-time\">PDF Download (933 KB)<\/p>\r\n\r\n            \r\n<\/a>\r\n        <\/div>\r\n\t\t\r\n\t\t\r\n        <div class=\"messe-teaser\">\r\n<a href=\"\/wp-content\/uploads\/2023\/03\/RSPO-Zertifikat-2022.pdf\" target=\"_blank\" >\r\n            <img decoding=\"async\" class=\"arrow-fair-teaser\" src=\"https:\/\/www.spitz.at\/wp-content\/uploads\/2021\/04\/right.svg\">\r\n\t\t\t<p class=\"fair-name\">RSPO-Zertifikat<\/p>\r\n            <p class=\"fair-time\">PDF Download (2 MB)<\/p>\r\n\r\n            \r\n<\/a>\r\n        <\/div>\r\n\t\t\r\n\t\t\r\n        <div class=\"messe-teaser\">\r\n<a href=\"\/wp-content\/uploads\/2023\/03\/RFA-Rainforest-Alliance-2022.pdf\" target=\"_blank\" >\r\n            <img decoding=\"async\" class=\"arrow-fair-teaser\" src=\"https:\/\/www.spitz.at\/wp-content\/uploads\/2021\/04\/right.svg\">\r\n\t\t\t<p class=\"fair-name\">RFA Rainforest Alliance Zertifikat<\/p>\r\n            <p class=\"fair-time\">PDF Download (300 KB)<\/p>\r\n\r\n            \r\n<\/a>\r\n        <\/div>\r\n\t\t\r\n\t\t\r\n        <div class=\"messe-teaser\">\r\n<a href=\"\/wp-content\/uploads\/2021\/06\/ARA-Zertifikat-2021.pdf\" target=\"_blank\" >\r\n            <img decoding=\"async\" class=\"arrow-fair-teaser\" src=\"https:\/\/www.spitz.at\/wp-content\/uploads\/2021\/04\/right.svg\">\r\n\t\t\t<p class=\"fair-name\">ARA-Klimazertifikat<\/p>\r\n            <p class=\"fair-time\">PDF Download (347 KB)<\/p>\r\n\r\n            \r\n<\/a>\r\n        <\/div>\r\n\t\t[\/vc_column][\/vc_row][vc_row el_class=&#8221;custom-row-885 gap-topbottom-40 gap-mobile-top-50&#8243;][vc_column][vc_custom_heading text=&#8221;Company&#8221; use_theme_fonts=&#8221;yes&#8221; el_class=&#8221;font-center font-black&#8221;][\/vc_column][\/vc_row][vc_row el_class=&#8221;custom-row-885&#8243;][vc_column]\r\n\t\t\r\n        <div class=\"messe-teaser\">\r\n<a href=\"\/wp-content\/uploads\/2022\/08\/AGB_Spitz_2021.pdf\" target=\"_blank\" >\r\n            <img decoding=\"async\" class=\"arrow-fair-teaser\" src=\"https:\/\/www.spitz.at\/wp-content\/uploads\/2021\/04\/right.svg\">\r\n\t\t\t<p class=\"fair-name\">Allgemeine Verkaufs-, Liefer- und Gesch\u00e4ftsbedingungen<\/p>\r\n            <p class=\"fair-time\">PDF Download (286 KB)<\/p>\r\n\r\n            \r\n<\/a>\r\n        <\/div>\r\n\t\t\r\n\t\t\r\n        <div class=\"messe-teaser\">\r\n<a href=\"\/wp-content\/uploads\/2022\/07\/Allgemeine-Einkaufs-und-Auftragsbedingungen-2.pdf\" target=\"_blank\" >\r\n            <img decoding=\"async\" class=\"arrow-fair-teaser\" src=\"https:\/\/www.spitz.at\/wp-content\/uploads\/2021\/04\/right.svg\">\r\n\t\t\t<p class=\"fair-name\">Allgemeine Einkaufs- und Auftragsbedingungen<\/p>\r\n            <p class=\"fair-time\">PDF Download (286 KB)<\/p>\r\n\r\n            \r\n<\/a>\r\n        <\/div>\r\n\t\t\r\n\t\t\r\n        <div class=\"messe-teaser\">\r\n<a href=\"https:\/\/www.spitz.at\/wp-content\/uploads\/2022\/08\/Spitz-Hinweisgeber-Richtlinie.pdf\" target=\"_blank\" >\r\n            <img decoding=\"async\" class=\"arrow-fair-teaser\" src=\"https:\/\/www.spitz.at\/wp-content\/uploads\/2021\/04\/right.svg\">\r\n\t\t\t<p class=\"fair-name\">Spitz Hinweisgeber Richtlinie<\/p>\r\n            <p class=\"fair-time\">PDF Download (286 KB)<\/p>\r\n\r\n            \r\n<\/a>\r\n        <\/div>\r\n\t\t\r\n\t\t\r\n        <div class=\"messe-teaser\">\r\n<a href=\"\/wp-content\/uploads\/2021\/04\/Spitz-Logistikhandbuch.pdf\" target=\"_blank\" >\r\n            <img decoding=\"async\" class=\"arrow-fair-teaser\" src=\"https:\/\/www.spitz.at\/wp-content\/uploads\/2021\/04\/right.svg\">\r\n\t\t\t<p class=\"fair-name\">Spitz Logistikhandbuch<\/p>\r\n            <p class=\"fair-time\">PDF Download (2 MB)<\/p>\r\n\r\n            \r\n<\/a>\r\n        <\/div>\r\n\t\t\r\n\t\t\r\n        <div class=\"messe-teaser\">\r\n<a href=\"\/wp-content\/uploads\/2021\/04\/Lieferantenselbstauskunft.pdf\" target=\"_blank\" >\r\n            <img decoding=\"async\" class=\"arrow-fair-teaser\" src=\"https:\/\/www.spitz.at\/wp-content\/uploads\/2021\/04\/right.svg\">\r\n\t\t\t<p class=\"fair-name\">Lieferantenselbstauskunft<\/p>\r\n            <p class=\"fair-time\">PDF Download (60 KB)<\/p>\r\n\r\n            \r\n<\/a>\r\n        <\/div>\r\n\t\t\r\n\t\t\r\n        <div class=\"messe-teaser\">\r\n<a href=\"\/wp-content\/uploads\/2021\/04\/Nachrichtendefinition-INVOIC-Einzelrechnung.pdf\" target=\"_blank\" >\r\n            <img decoding=\"async\" class=\"arrow-fair-teaser\" src=\"https:\/\/www.spitz.at\/wp-content\/uploads\/2021\/04\/right.svg\">\r\n\t\t\t<p class=\"fair-name\">Nachrichtendefinition INVOIC - Einzelrechnung<\/p>\r\n            <p class=\"fair-time\">PDF Download (1 MB)<\/p>\r\n\r\n            \r\n<\/a>\r\n        <\/div>\r\n\t\t\r\n\t\t\r\n        <div class=\"messe-teaser\">\r\n<a href=\"\/wp-content\/uploads\/2021\/04\/Nachrichtendefinition-ORDRSP-Bestellantwort.pdf\" target=\"_blank\" >\r\n            <img decoding=\"async\" class=\"arrow-fair-teaser\" src=\"https:\/\/www.spitz.at\/wp-content\/uploads\/2021\/04\/right.svg\">\r\n\t\t\t<p class=\"fair-name\">Nachrichtendefinition ORDRSP - Bestellantwort<\/p>\r\n            <p class=\"fair-time\">PDF Download (1 MB)<\/p>\r\n\r\n            \r\n<\/a>\r\n        <\/div>\r\n\t\t\r\n\t\t\r\n        <div class=\"messe-teaser\">\r\n<a href=\"\/wp-content\/uploads\/2021\/04\/Nachrichtendefinition-DESADV-Lieferavis.pdf\" target=\"_blank\" >\r\n            <img decoding=\"async\" class=\"arrow-fair-teaser\" src=\"https:\/\/www.spitz.at\/wp-content\/uploads\/2021\/04\/right.svg\">\r\n\t\t\t<p class=\"fair-name\">Nachrichtendefinition DESADV - Lieferavis<\/p>\r\n            <p class=\"fair-time\">PDF Download (1 MB)<\/p>\r\n\r\n            \r\n<\/a>\r\n        <\/div>\r\n\t\t\r\n\t\t\r\n        <div class=\"messe-teaser\">\r\n<a href=\"\/wp-content\/uploads\/2021\/04\/Nachrichtendefinition-ORDERS-Bestellung.pdf\" target=\"_blank\" >\r\n            <img decoding=\"async\" class=\"arrow-fair-teaser\" src=\"https:\/\/www.spitz.at\/wp-content\/uploads\/2021\/04\/right.svg\">\r\n\t\t\t<p class=\"fair-name\">Nachrichtendefinition ORDERS - Bestellung<\/p>\r\n            <p class=\"fair-time\">PDF Download (1 MB)<\/p>\r\n\r\n            \r\n<\/a>\r\n        <\/div>\r\n\t\t[\/vc_column][\/vc_row]\n","protected":false},"excerpt":{"rendered":"<p>[vc_row el_class=&#8221;custom-row-colored bg-rosa gap-top-120 gap-mobile-top-120&#8243;][vc_column][vc_custom_heading text=&#8221;Downloads&#8221; use_theme_fonts=&#8221;yes&#8221; el_class=&#8221;font-center font-black&#8221;][\/vc_column][\/vc_row][vc_row el_class=&#8221;custom-row-885 gap-mobile-top-50&#8243;][vc_column][vc_custom_heading text=&#8221;Press&#8221; use_theme_fonts=&#8221;yes&#8221; el_class=&#8221;font-center font-black&#8221;][\/vc_column][\/vc_row][vc_row el_class=&#8221;custom-row-885&#8243;][vc_column][\/vc_column][\/vc_row][vc_row el_class=&#8221;custom-row-885 gap-topbottom-40 gap-mobile-top-50&#8243;][vc_column][vc_custom_heading text=&#8221;System&#8230;<\/p>\n","protected":false},"author":1,"featured_media":0,"parent":0,"menu_order":0,"comment_status":"closed","ping_status":"closed","template":"","meta":{"_acf_changed":false,"footnotes":""},"categories":[31],"tags":[],"class_list":["post-5674125","page","type-page","status-publish","hentry","category-footer-en"],"acf":[],"yoast_head":"<!-- This site is optimized with the Yoast SEO plugin v27.2 - https:\/\/yoast.com\/product\/yoast-seo-wordpress\/ -->\n<title>Downloads - Spitz<\/title>\n<meta name=\"description\" content=\"Sie suchen nach Unternehmensdaten &amp; Zertifikaten von Spitz? \u261d Hier finden Sie alle Downloads an einem Ort!\" \/>\n<meta name=\"robots\" content=\"index, follow, max-snippet:-1, max-image-preview:large, max-video-preview:-1\" \/>\n<link rel=\"canonical\" href=\"https:\/\/www.spitz.at\/en\/downloads\/\" \/>\n<meta property=\"og:locale\" content=\"en_US\" \/>\n<meta property=\"og:type\" content=\"article\" \/>\n<meta property=\"og:title\" content=\"Downloads - Spitz\" \/>\n<meta property=\"og:description\" content=\"Sie suchen nach Unternehmensdaten &amp; Zertifikaten von Spitz? \u261d Hier finden Sie alle Downloads an einem Ort!\" \/>\n<meta property=\"og:url\" content=\"https:\/\/www.spitz.at\/en\/downloads\/\" \/>\n<meta property=\"og:site_name\" content=\"Spitz - Getr\u00e4nke- und Lebensmittelhersteller aus \u00d6sterreich\" \/>\n<meta property=\"article:modified_time\" content=\"2023-07-21T08:10:46+00:00\" \/>\n<meta name=\"twitter:card\" content=\"summary_large_image\" \/>\n<meta name=\"twitter:label1\" content=\"Est. reading time\" \/>\n\t<meta name=\"twitter:data1\" content=\"3 minutes\" \/>\n<script type=\"application\/ld+json\" class=\"yoast-schema-graph\">{\"@context\":\"https:\/\/schema.org\",\"@graph\":[{\"@type\":\"WebPage\",\"@id\":\"https:\/\/www.spitz.at\/en\/downloads\/\",\"url\":\"https:\/\/www.spitz.at\/en\/downloads\/\",\"name\":\"Downloads - Spitz\",\"isPartOf\":{\"@id\":\"https:\/\/www.spitz.at\/#website\"},\"datePublished\":\"2021-04-23T11:17:48+00:00\",\"dateModified\":\"2023-07-21T08:10:46+00:00\",\"description\":\"Sie suchen nach Unternehmensdaten & Zertifikaten von Spitz? \u261d Hier finden Sie alle Downloads an einem Ort!\",\"breadcrumb\":{\"@id\":\"https:\/\/www.spitz.at\/en\/downloads\/#breadcrumb\"},\"inLanguage\":\"en-US\",\"potentialAction\":[{\"@type\":\"ReadAction\",\"target\":[\"https:\/\/www.spitz.at\/en\/downloads\/\"]}]},{\"@type\":\"BreadcrumbList\",\"@id\":\"https:\/\/www.spitz.at\/en\/downloads\/#breadcrumb\",\"itemListElement\":[{\"@type\":\"ListItem\",\"position\":1,\"name\":\"Startseite\",\"item\":\"https:\/\/www.spitz.at\/en\/startseite\/\"},{\"@type\":\"ListItem\",\"position\":2,\"name\":\"Downloads\"}]},{\"@type\":\"WebSite\",\"@id\":\"https:\/\/www.spitz.at\/#website\",\"url\":\"https:\/\/www.spitz.at\/\",\"name\":\"Spitz - Getr\u00e4nke- und Lebensmittelhersteller aus \u00d6sterreich\",\"description\":\"\u00d6sterreichischer Lebensmittel- und Getr\u00e4nkehersteller mit Tradition\",\"potentialAction\":[{\"@type\":\"SearchAction\",\"target\":{\"@type\":\"EntryPoint\",\"urlTemplate\":\"https:\/\/www.spitz.at\/?s={search_term_string}\"},\"query-input\":{\"@type\":\"PropertyValueSpecification\",\"valueRequired\":true,\"valueName\":\"search_term_string\"}}],\"inLanguage\":\"en-US\"}]}<\/script>\n<!-- \/ Yoast SEO plugin. -->","yoast_head_json":{"title":"Downloads - Spitz","description":"Sie suchen nach Unternehmensdaten & Zertifikaten von Spitz? \u261d Hier finden Sie alle Downloads an einem Ort!","robots":{"index":"index","follow":"follow","max-snippet":"max-snippet:-1","max-image-preview":"max-image-preview:large","max-video-preview":"max-video-preview:-1"},"canonical":"https:\/\/www.spitz.at\/en\/downloads\/","og_locale":"en_US","og_type":"article","og_title":"Downloads - Spitz","og_description":"Sie suchen nach Unternehmensdaten & Zertifikaten von Spitz? \u261d Hier finden Sie alle Downloads an einem Ort!","og_url":"https:\/\/www.spitz.at\/en\/downloads\/","og_site_name":"Spitz - Getr\u00e4nke- und Lebensmittelhersteller aus \u00d6sterreich","article_modified_time":"2023-07-21T08:10:46+00:00","twitter_card":"summary_large_image","twitter_misc":{"Est. reading time":"3 minutes"},"schema":{"@context":"https:\/\/schema.org","@graph":[{"@type":"WebPage","@id":"https:\/\/www.spitz.at\/en\/downloads\/","url":"https:\/\/www.spitz.at\/en\/downloads\/","name":"Downloads - Spitz","isPartOf":{"@id":"https:\/\/www.spitz.at\/#website"},"datePublished":"2021-04-23T11:17:48+00:00","dateModified":"2023-07-21T08:10:46+00:00","description":"Sie suchen nach Unternehmensdaten & Zertifikaten von Spitz? \u261d Hier finden Sie alle Downloads an einem Ort!","breadcrumb":{"@id":"https:\/\/www.spitz.at\/en\/downloads\/#breadcrumb"},"inLanguage":"en-US","potentialAction":[{"@type":"ReadAction","target":["https:\/\/www.spitz.at\/en\/downloads\/"]}]},{"@type":"BreadcrumbList","@id":"https:\/\/www.spitz.at\/en\/downloads\/#breadcrumb","itemListElement":[{"@type":"ListItem","position":1,"name":"Startseite","item":"https:\/\/www.spitz.at\/en\/startseite\/"},{"@type":"ListItem","position":2,"name":"Downloads"}]},{"@type":"WebSite","@id":"https:\/\/www.spitz.at\/#website","url":"https:\/\/www.spitz.at\/","name":"Spitz - Getr\u00e4nke- und Lebensmittelhersteller aus \u00d6sterreich","description":"\u00d6sterreichischer Lebensmittel- und Getr\u00e4nkehersteller mit Tradition","potentialAction":[{"@type":"SearchAction","target":{"@type":"EntryPoint","urlTemplate":"https:\/\/www.spitz.at\/?s={search_term_string}"},"query-input":{"@type":"PropertyValueSpecification","valueRequired":true,"valueName":"search_term_string"}}],"inLanguage":"en-US"}]}},"_links":{"self":[{"href":"https:\/\/www.spitz.at\/en\/wp-json\/wp\/v2\/pages\/5674125","targetHints":{"allow":["GET"]}}],"collection":[{"href":"https:\/\/www.spitz.at\/en\/wp-json\/wp\/v2\/pages"}],"about":[{"href":"https:\/\/www.spitz.at\/en\/wp-json\/wp\/v2\/types\/page"}],"author":[{"embeddable":true,"href":"https:\/\/www.spitz.at\/en\/wp-json\/wp\/v2\/users\/1"}],"replies":[{"embeddable":true,"href":"https:\/\/www.spitz.at\/en\/wp-json\/wp\/v2\/comments?post=5674125"}],"version-history":[{"count":3,"href":"https:\/\/www.spitz.at\/en\/wp-json\/wp\/v2\/pages\/5674125\/revisions"}],"predecessor-version":[{"id":5674498,"href":"https:\/\/www.spitz.at\/en\/wp-json\/wp\/v2\/pages\/5674125\/revisions\/5674498"}],"wp:attachment":[{"href":"https:\/\/www.spitz.at\/en\/wp-json\/wp\/v2\/media?parent=5674125"}],"wp:term":[{"taxonomy":"category","embeddable":true,"href":"https:\/\/www.spitz.at\/en\/wp-json\/wp\/v2\/categories?post=5674125"},{"taxonomy":"post_tag","embeddable":true,"href":"https:\/\/www.spitz.at\/en\/wp-json\/wp\/v2\/tags?post=5674125"}],"curies":[{"name":"wp","href":"https:\/\/api.w.org\/{rel}","templated":true}]}}